{"id":3,"date":"2025-03-11T01:05:50","date_gmt":"2025-03-11T01:05:50","guid":{"rendered":"https:\/\/yimamedical.com\/?page_id=3"},"modified":"2025-05-20T16:07:31","modified_gmt":"2025-05-20T16:07:31","slug":"politica-privacidad","status":"publish","type":"page","link":"https:\/\/yimamedical.com\/productos\/politica-privacidad\/","title":{"rendered":"Pol\u00edtica de privacidad"},"content":{"rendered":"\t\t<div data-elementor-type=\"wp-page\" data-elementor-id=\"3\" class=\"elementor elementor-3\">\n\t\t\t\t<div class=\"elementor-element elementor-element-42ebb939 e-flex e-con-boxed e-con e-parent\" data-id=\"42ebb939\" data-element_type=\"container\">\n\t\t\t\t\t<div class=\"e-con-inner\">\n\t\t\t\t<div class=\"elementor-element elementor-element-663fa0eb elementor-widget elementor-widget-text-editor\" data-id=\"663fa0eb\" data-element_type=\"widget\" data-widget_type=\"text-editor.default\">\n\t\t\t\t<div class=\"elementor-widget-container\">\n\t\t\t\t\t\t\t\t\t\n<div><br \/>\n<div>Este Aviso se aplica en general a todos los casos en los que recopilamos y procesamos informaci\u00f3n personal. En particular, este Aviso se aplica a la informaci\u00f3n personal que recopilamos a trav\u00e9s de nuestros sitios web (\u00abSitio web\u00bb) y a la informaci\u00f3n personal que recopilamos de nuestros clientes, proveedores y otras personas a trav\u00e9s de cualquier otra forma de interacci\u00f3n, ya sea en l\u00ednea o fuera de l\u00ednea<\/div>\n<\/div>\n<div>\u00a0<\/div>\n<div>\n<div>\n<div>Respetamos sus derechos de privacidad y nos comprometemos a manejar su informaci\u00f3n personal de manera responsable y de acuerdo con las leyes aplicables. El t\u00e9rmino informaci\u00f3n personal o informaci\u00f3n se refiere a cualquier informaci\u00f3n que pueda utilizarse para (directa o indirectamente) identificarle.<\/div>\n<div>\u00a0<\/div>\n<\/div>\n<div>\n<aside class=\"R3Gmyc\" aria-label=\"Side panel\">\n<div data-panel-container-id=\"sidePanel2\">\n<div class=\"WUFI9b\" data-panel-id=\"2\">\n<div class=\"hWX4r\">\n<div class=\"Ge9Kpc z38b6\" aria-live=\"polite\">\n<div class=\"Ss4fHf\">\n<div class=\"beTDc\">\n<div data-message-id=\"spaces\/864SCgZzT7YB\/messages\/1747757182562735\">\n<div class=\"jO4O1\">\n<div class=\"ptNLrf\">\n<div>\n<div data-is-tv=\"false\"><strong>Los pagos ser\u00e1n procesados mediante Openpay.<\/strong><\/div>\n<\/div>\n<\/div>\n<\/div>\n<\/div>\n<\/div>\n<\/div>\n<\/div>\n<\/div>\n<\/div>\n<\/div>\n<\/aside>\n<div class=\"fJsklc nulMpf Didmac G03iKb\" data-priority=\"1100\" data-side=\"3\">\n<div class=\"TOoNNb\" data-popout-renderers=\"BWBr2d,iZw4de,F4Az0b,tAKxcc,ZKXkZb,rzmEIb\">\n<div class=\"UnvNgf Sdwpn  P9KVBf mP3Ih\" data-is-auto-rejoin=\"false\">\n<div class=\"lefKC\">\n<div class=\"gSlHI\" data-meeting-title=\"hkw-bjyx-tsb\">\n<div class=\"Cpvy4b V7iHrd\">\n<div class=\"Qp8KI\" role=\"heading\" aria-level=\"1\">\n<div class=\"uBRSj\">\u00a0<\/div>\n<\/div>\n<\/div>\n<\/div>\n<\/div>\n<\/div>\n<\/div>\n<\/div>\n<\/div>\n<\/div>\n<p><\/p>\t\t\t\t\t\t\t\t<\/div>\n\t\t\t\t<\/div>\n\t\t\t\t\t<\/div>\n\t\t\t\t<\/div>\n\t\t\t\t<\/div>\n\t\t","protected":false},"excerpt":{"rendered":"<p>Este Aviso se aplica en general a todos los casos en los que recopilamos y procesamos informaci\u00f3n personal. En particular,&#8230;<\/p>\n","protected":false},"author":2,"featured_media":0,"parent":0,"menu_order":0,"comment_status":"closed","ping_status":"closed","template":"","meta":{"footnotes":""},"class_list":["post-3","page","type-page","status-publish","hentry"],"_links":{"self":[{"href":"https:\/\/yimamedical.com\/productos\/wp-json\/wp\/v2\/pages\/3","targetHints":{"allow":["GET"]}}],"collection":[{"href":"https:\/\/yimamedical.com\/productos\/wp-json\/wp\/v2\/pages"}],"about":[{"href":"https:\/\/yimamedical.com\/productos\/wp-json\/wp\/v2\/types\/page"}],"author":[{"embeddable":true,"href":"https:\/\/yimamedical.com\/productos\/wp-json\/wp\/v2\/users\/2"}],"replies":[{"embeddable":true,"href":"https:\/\/yimamedical.com\/productos\/wp-json\/wp\/v2\/comments?post=3"}],"version-history":[{"count":9,"href":"https:\/\/yimamedical.com\/productos\/wp-json\/wp\/v2\/pages\/3\/revisions"}],"predecessor-version":[{"id":5439,"href":"https:\/\/yimamedical.com\/productos\/wp-json\/wp\/v2\/pages\/3\/revisions\/5439"}],"wp:attachment":[{"href":"https:\/\/yimamedical.com\/productos\/wp-json\/wp\/v2\/media?parent=3"}],"curies":[{"name":"wp","href":"https:\/\/api.w.org\/{rel}","templated":true}]}}