{"id":5462,"date":"2025-07-03T18:59:08","date_gmt":"2025-07-03T18:59:08","guid":{"rendered":"https:\/\/yimamedical.com\/productos\/?post_type=product&#038;p=5462"},"modified":"2025-09-23T21:58:24","modified_gmt":"2025-09-23T21:58:24","slug":"sistema-de-cifoplastia-percutanea-pkp","status":"publish","type":"product","link":"https:\/\/yimamedical.com\/productos\/product\/sistema-de-cifoplastia-percutanea-pkp\/","title":{"rendered":"Sistema de cifoplastia percut\u00e1nea PKP"},"content":{"rendered":"<p><strong><u>Indicaci\u00f3n:<\/u><\/strong><\/p>\n<ul>\n<li>La osteoporosis se combina con fracturas por compresi\u00f3n<\/li>\n<li>Mieloma m\u00faltiple<\/li>\n<li>Hemangioma vertebral doloroso<\/li>\n<li>Tumor de met\u00e1stasis vertebral osteol\u00edtica dolorosa<\/li>\n<li>Antigua fractura por compresi\u00f3n de la columna vertebral, que provoca cifosis y dolor causado por la fractura.<\/li>\n<\/ul>\n<p><strong><u>Contraindicaci\u00f3n:<\/u><\/strong><\/p>\n<ul>\n<li>Osteoporosis grave<\/li>\n<li>Fractura vertebral con incompletitud del borde posterior<\/li>\n<li>Al\u00e9rgico al cemento \u00f3seo o relleno<\/li>\n<li>Fractura por estallido del cuerpo vertebral con lesi\u00f3n del sistema nervioso<\/li>\n<\/ul>\n<p><strong><u>Ventajas de PKP:<\/u><\/strong><\/p>\n<ul>\n<li>Riesgo quir\u00fargico bajo<\/li>\n<li>Peque\u00f1a incisi\u00f3n (se puede perforar en un lado)<\/li>\n<li>Operaci\u00f3n f\u00e1cil<\/li>\n<li>Menos complicaciones<\/li>\n<li>Buen alivio del dolor<\/li>\n<li>Compresi\u00f3n vertebral y funci\u00f3n espinal mejoradas<\/li>\n<\/ul>\n<p><u><strong>Kit de cambio:<\/strong><\/u><\/p>\n<ul>\n<li>El dise\u00f1o ergon\u00f3mico y el tratamiento de la superficie del mango con el patr\u00f3n de mordedura de flores, lo hacen sentir m\u00e1s c\u00f3modo.<\/li>\n<li>Dise\u00f1o de hebilla infalible y puntas de flecha.<\/li>\n<li>C\u00e1nula ourter con tubo hueco m\u00e9dico 304 de alta resistencia, pulido de alta precisi\u00f3n.<\/li>\n<li>Escala detallada etiquetada para una f\u00e1cil observaci\u00f3n.<\/li>\n<li>Punta c\u00f3nica del trocar y dise\u00f1o de diamante para inyectar directamente con la interfaz luer del tubo exterior.<\/li>\n<\/ul>\n<p><strong><u>Dilatador:<\/u><\/strong><\/p>\n<ul>\n<li>El dise\u00f1o ergon\u00f3mico y el tratamiento de la superficie del mango con el patr\u00f3n de mordedura de flores, lo hacen sentir m\u00e1s c\u00f3modo.<\/li>\n<li>Dise\u00f1o de hebilla infalible y puntas de flecha.<\/li>\n<li>Tubo hueco m\u00e9dico 304 de alta resistencia, pulido de alta precisi\u00f3n.<\/li>\n<li>Escala detallada etiquetada para una f\u00e1cil observaci\u00f3n.<\/li>\n<\/ul>\n<p><strong><u>Broca:<\/u><\/strong><\/p>\n<ul>\n<li>El dise\u00f1o ergon\u00f3mico y el tratamiento de la superficie del mango con el patr\u00f3n de mordedura de flores, lo hacen sentir m\u00e1s c\u00f3modo.<\/li>\n<li>Escala detallada etiquetada para una f\u00e1cil observaci\u00f3n.<\/li>\n<li>Tubo hueco m\u00e9dico 304 de alta resistencia, pulido de alta precisi\u00f3n.<\/li>\n<li>Rectificado mediante amoladora especial con cabezal brillante y eje mate.<\/li>\n<\/ul>\n<p><u><strong>Inyector de cemento \u00f3seo:<\/strong><\/u><\/p>\n<ul>\n<li>El dise\u00f1o ergon\u00f3mico y el tratamiento de la superficie del mango con el patr\u00f3n de mordedura de flores, lo hacen sentir m\u00e1s c\u00f3modo.<\/li>\n<li>Escala detallada etiquetada para una f\u00e1cil observaci\u00f3n.<\/li>\n<li>Tubo hueco m\u00e9dico 304 de alta resistencia, pulido de alta precisi\u00f3n.<\/li>\n<li>Dise\u00f1o integrado de dispositivo de biopsia \u00f3sea e inyector de cemento \u00f3seo para satisfacer diferentes necesidades cl\u00ednicas.<\/li>\n<\/ul>\n","protected":false},"excerpt":{"rendered":"<p><strong><u>Indicaci\u00f3n:<\/u><\/strong><\/p>\n<ul>\n<li>La osteoporosis se combina con fracturas por compresi\u00f3n<\/li>\n<li>Mieloma m\u00faltiple<\/li>\n<li>Hemangioma vertebral doloroso<\/li>\n<li>Tumor de met\u00e1stasis vertebral osteol\u00edtica dolorosa<\/li>\n<li>Antigua fractura por compresi\u00f3n de la columna vertebral, que provoca cifosis y dolor causado por la fractura.<\/li>\n<\/ul>\n","protected":false},"featured_media":5461,"comment_status":"open","ping_status":"closed","template":"","meta":[],"product_brand":[],"product_cat":[56],"product_tag":[118],"class_list":{"0":"post-5462","1":"product","2":"type-product","3":"status-publish","4":"has-post-thumbnail","6":"product_cat-ortopedia","7":"product_tag-columna","9":"first","10":"instock","11":"shipping-taxable","12":"product-type-simple"},"_links":{"self":[{"href":"https:\/\/yimamedical.com\/productos\/wp-json\/wp\/v2\/product\/5462","targetHints":{"allow":["GET"]}}],"collection":[{"href":"https:\/\/yimamedical.com\/productos\/wp-json\/wp\/v2\/product"}],"about":[{"href":"https:\/\/yimamedical.com\/productos\/wp-json\/wp\/v2\/types\/product"}],"replies":[{"embeddable":true,"href":"https:\/\/yimamedical.com\/productos\/wp-json\/wp\/v2\/comments?post=5462"}],"wp:featuredmedia":[{"embeddable":true,"href":"https:\/\/yimamedical.com\/productos\/wp-json\/wp\/v2\/media\/5461"}],"wp:attachment":[{"href":"https:\/\/yimamedical.com\/productos\/wp-json\/wp\/v2\/media?parent=5462"}],"wp:term":[{"taxonomy":"product_brand","embeddable":true,"href":"https:\/\/yimamedical.com\/productos\/wp-json\/wp\/v2\/product_brand?post=5462"},{"taxonomy":"product_cat","embeddable":true,"href":"https:\/\/yimamedical.com\/productos\/wp-json\/wp\/v2\/product_cat?post=5462"},{"taxonomy":"product_tag","embeddable":true,"href":"https:\/\/yimamedical.com\/productos\/wp-json\/wp\/v2\/product_tag?post=5462"}],"curies":[{"name":"wp","href":"https:\/\/api.w.org\/{rel}","templated":true}]}}