{"id":5469,"date":"2025-07-03T19:05:32","date_gmt":"2025-07-03T19:05:32","guid":{"rendered":"https:\/\/yimamedical.com\/productos\/?post_type=product&#038;p=5469"},"modified":"2025-09-23T21:38:44","modified_gmt":"2025-09-23T21:38:44","slug":"tornillo-facetario-mis-percutaneo","status":"publish","type":"product","link":"https:\/\/yimamedical.com\/productos\/product\/tornillo-facetario-mis-percutaneo\/","title":{"rendered":"Tornillo facetario MIS percut\u00e1neo"},"content":{"rendered":"<p><img fetchpriority=\"high\" decoding=\"async\" class=\"alignnone size-medium wp-image-5470\" src=\"https:\/\/yimamedical.com\/productos\/wp-content\/uploads\/2025\/07\/1-300x211.png\" alt=\"\" width=\"300\" height=\"211\" srcset=\"https:\/\/yimamedical.com\/productos\/wp-content\/uploads\/2025\/07\/1-300x211.png 300w, https:\/\/yimamedical.com\/productos\/wp-content\/uploads\/2025\/07\/1-1024x720.png 1024w, https:\/\/yimamedical.com\/productos\/wp-content\/uploads\/2025\/07\/1-768x540.png 768w, https:\/\/yimamedical.com\/productos\/wp-content\/uploads\/2025\/07\/1-600x422.png 600w, https:\/\/yimamedical.com\/productos\/wp-content\/uploads\/2025\/07\/1.png 1077w\" sizes=\"(max-width: 300px) 100vw, 300px\" \/><\/p>\n","protected":false},"excerpt":{"rendered":"<p><strong><u>Caracter\u00edsticas:<\/u><\/strong><\/p>\n<ul>\n<li>El dise\u00f1o del surco lateral proporciona un espacio de fusi\u00f3n espont\u00e1neo y promueve la osteointegraci\u00f3n de la superficie articular.<\/li>\n<li>Dise\u00f1o de rosca completa, inmovilizaci\u00f3n in situ, sin nuevos s\u00edntomas neurales causados \u200b\u200bpor el cambio de espacio de tratamiento de las articulaciones facetarias superior e inferior.<\/li>\n<li>\n<div>Adaptable a diferentes abordajes: fijaci\u00f3n facetaria percut\u00e1nea o fijaci\u00f3n facetaria translaminar.<\/div>\n<\/li>\n<\/ul>\n","protected":false},"featured_media":5471,"comment_status":"open","ping_status":"closed","template":"","meta":[],"product_brand":[],"product_cat":[56],"product_tag":[118],"class_list":{"0":"post-5469","1":"product","2":"type-product","3":"status-publish","4":"has-post-thumbnail","6":"product_cat-ortopedia","7":"product_tag-columna","9":"first","10":"instock","11":"shipping-taxable","12":"product-type-simple"},"_links":{"self":[{"href":"https:\/\/yimamedical.com\/productos\/wp-json\/wp\/v2\/product\/5469","targetHints":{"allow":["GET"]}}],"collection":[{"href":"https:\/\/yimamedical.com\/productos\/wp-json\/wp\/v2\/product"}],"about":[{"href":"https:\/\/yimamedical.com\/productos\/wp-json\/wp\/v2\/types\/product"}],"replies":[{"embeddable":true,"href":"https:\/\/yimamedical.com\/productos\/wp-json\/wp\/v2\/comments?post=5469"}],"wp:featuredmedia":[{"embeddable":true,"href":"https:\/\/yimamedical.com\/productos\/wp-json\/wp\/v2\/media\/5471"}],"wp:attachment":[{"href":"https:\/\/yimamedical.com\/productos\/wp-json\/wp\/v2\/media?parent=5469"}],"wp:term":[{"taxonomy":"product_brand","embeddable":true,"href":"https:\/\/yimamedical.com\/productos\/wp-json\/wp\/v2\/product_brand?post=5469"},{"taxonomy":"product_cat","embeddable":true,"href":"https:\/\/yimamedical.com\/productos\/wp-json\/wp\/v2\/product_cat?post=5469"},{"taxonomy":"product_tag","embeddable":true,"href":"https:\/\/yimamedical.com\/productos\/wp-json\/wp\/v2\/product_tag?post=5469"}],"curies":[{"name":"wp","href":"https:\/\/api.w.org\/{rel}","templated":true}]}}