{"id":5475,"date":"2025-07-03T19:11:13","date_gmt":"2025-07-03T19:11:13","guid":{"rendered":"https:\/\/yimamedical.com\/productos\/?post_type=product&#038;p=5475"},"modified":"2025-09-23T21:29:24","modified_gmt":"2025-09-23T21:29:24","slug":"sistema-de-tornillos-pediculares-para-columna-vertebral-con-reduccion-de-desrotacion-tina","status":"publish","type":"product","link":"https:\/\/yimamedical.com\/productos\/product\/sistema-de-tornillos-pediculares-para-columna-vertebral-con-reduccion-de-desrotacion-tina\/","title":{"rendered":"Sistema de Tornillos Pediculares para Columna Vertebral con Reducci\u00f3n de Desrotaci\u00f3n TINA"},"content":{"rendered":"<p><strong><u>caracteristicas:<\/u><\/strong><\/p>\n<ul>\n<li>La gran compatibilidad: ofrecer la desrotaci\u00f3n vertebral completa, la desrotaci\u00f3n segmentaria o la combinaci\u00f3n de estas dos desrotaci\u00f3n.<\/li>\n<li>La excelente operaci\u00f3n: conexi\u00f3n f\u00e1cil y r\u00e1pida a los puntos de anclaje, conexi\u00f3n segura entre los instrumentos de enlace.<\/li>\n<li>El mango de reducci\u00f3n puede insertar varillas en el extremo del tornillo a trav\u00e9s de la barra r\u00e1pida de desrotaci\u00f3n.<\/li>\n<li>Se conecta a los tornillos TINA, proporcionando un punto de apoyo para la operaci\u00f3n de desrotaci\u00f3n.<\/li>\n<li>Cuando el instrumento de desrotaci\u00f3n necesita conectarse con tornillos, se puede utilizar la barra r\u00e1pida de desrotaci\u00f3n.<\/li>\n<li>Despu\u00e9s de la conexi\u00f3n, la operaci\u00f3n de desrotaci\u00f3n se puede realizar en un segmento en espiral o m\u00e1s.<\/li>\n<li>Fije el instrumento de desrotaci\u00f3n en la abrazadera modular de desrotaci\u00f3n.<\/li>\n<li>La conexi\u00f3n r\u00e1pida del instrumento de desrotaci\u00f3n y la alineaci\u00f3n en espiral se puede lograr en la etapa inicial. Este m\u00e9todo de conexi\u00f3n permite un ligero movimiento del instrumento de desrotaci\u00f3n en el plano sagital.<\/li>\n<\/ul>\n<p><strong><u>Indicaciones:<\/u><\/strong><\/p>\n<ul>\n<li>Escoliosis\n<div><\/div>\n<\/li>\n<\/ul>\n<p><strong><u>Juego de instrumentos:<\/u><\/strong><\/p>\n<ul>\n<li>Instrumento de desrotaci\u00f3n TINA<\/li>\n<\/ul>\n","protected":false},"excerpt":{"rendered":"<p>El Sistema de Tornillos Pediculares para Columna Vertebral con Reducci\u00f3n de Desrotaci\u00f3n\u00a0TINA est\u00e1 dise\u00f1ado con un instrumental de reducci\u00f3n, barra r\u00e1pida de desrotaci\u00f3n, mango de acople r\u00e1pido de desrotaci\u00f3n, alineador de desrotaci\u00f3n. El sistema puede\u00a0satisfacer lo necesario de varias desrotaciones y anatom\u00eda espec\u00edfica,\u00a0implementar la desrotaci\u00f3n 3D r\u00e1pidamente para los cirujanos,\u00a0proporcionan una gran operaci\u00f3n para la desrotaci\u00f3n de vert\u00e9bra lumbar y restaurar\u00a0la alineaci\u00f3n en vista sagital.<\/p>\n<p>Estructura anat\u00f3mica, ventana central grande, dientes piramidales, tres \u00e1ngulos lord\u00f3ticos, y podr\u00eda cumplir con los requisitos especiales de fusi\u00f3n intercorporal lateral oblicua lumbar, centr\u00e1ndose en curar enfermedades degenerativas del disco e inestabilidades espinales, procedimientos de revisi\u00f3n para el s\u00edndrome post &#8211; discectom\u00eda, pseudoartrosis o fallos espondilodesis, espondilolistesis degenerativa, espondilolistesis espondilol\u00edtica, etc.<\/p>\n","protected":false},"featured_media":5476,"comment_status":"open","ping_status":"closed","template":"","meta":[],"product_brand":[],"product_cat":[56],"product_tag":[118],"class_list":{"0":"post-5475","1":"product","2":"type-product","3":"status-publish","4":"has-post-thumbnail","6":"product_cat-ortopedia","7":"product_tag-columna","9":"first","10":"instock","11":"shipping-taxable","12":"product-type-simple"},"_links":{"self":[{"href":"https:\/\/yimamedical.com\/productos\/wp-json\/wp\/v2\/product\/5475","targetHints":{"allow":["GET"]}}],"collection":[{"href":"https:\/\/yimamedical.com\/productos\/wp-json\/wp\/v2\/product"}],"about":[{"href":"https:\/\/yimamedical.com\/productos\/wp-json\/wp\/v2\/types\/product"}],"replies":[{"embeddable":true,"href":"https:\/\/yimamedical.com\/productos\/wp-json\/wp\/v2\/comments?post=5475"}],"wp:featuredmedia":[{"embeddable":true,"href":"https:\/\/yimamedical.com\/productos\/wp-json\/wp\/v2\/media\/5476"}],"wp:attachment":[{"href":"https:\/\/yimamedical.com\/productos\/wp-json\/wp\/v2\/media?parent=5475"}],"wp:term":[{"taxonomy":"product_brand","embeddable":true,"href":"https:\/\/yimamedical.com\/productos\/wp-json\/wp\/v2\/product_brand?post=5475"},{"taxonomy":"product_cat","embeddable":true,"href":"https:\/\/yimamedical.com\/productos\/wp-json\/wp\/v2\/product_cat?post=5475"},{"taxonomy":"product_tag","embeddable":true,"href":"https:\/\/yimamedical.com\/productos\/wp-json\/wp\/v2\/product_tag?post=5475"}],"curies":[{"name":"wp","href":"https:\/\/api.w.org\/{rel}","templated":true}]}}