{"id":5481,"date":"2025-07-03T19:16:23","date_gmt":"2025-07-03T19:16:23","guid":{"rendered":"https:\/\/yimamedical.com\/productos\/?post_type=product&#038;p=5481"},"modified":"2025-09-23T21:27:33","modified_gmt":"2025-09-23T21:27:33","slug":"sistema-de-columna-lumbar-minimamente-invasiva-tina-mis","status":"publish","type":"product","link":"https:\/\/yimamedical.com\/productos\/product\/sistema-de-columna-lumbar-minimamente-invasiva-tina-mis\/","title":{"rendered":"Sistema de Columna Lumbar M\u00ednimamente Invasiva TINA MIS"},"content":{"rendered":"<p><strong><img decoding=\"async\" title=\"Minimally Invasive Pedicle Screw Sistema\" src=\"https:\/\/es.doublemedicalgp.com\/js\/htmledit\/kindeditor\/attached\/20200819\/20200819035851_33865.jpg\" alt=\"Minimally Invasive Pedicle Screw Sistema\" width=\"\" height=\"\" align=\"\" \/><br \/>\n<\/strong><\/p>\n<p><strong><u>caracteristicas:<\/u><\/strong><\/p>\n<ul>\n<li>Distancia de 20mm para la reducci\u00f3n de la espondilolistesis.<\/li>\n<li>Dise\u00f1o de rosca dentada para evitar la distracci\u00f3n del clavo y el deslizamiento del tornillo.<\/li>\n<li>El bloque de bloqueo del sill\u00edn con rosca dentada aumenta el \u00e1rea de contacto y mejora la fuerza de sujeci\u00f3n entre la varilla y el tornillo de manera efectiva.<\/li>\n<li>El novedoso receso stardrive asegura la colocaci\u00f3n precisa del tornillo.<\/li>\n<li>Seis orificios de cemento \u00f3seo pueden mejorar la fijaci\u00f3n.<\/li>\n<li>El dise\u00f1o especial de la cabeza esf\u00e9rica ondulada en la cabeza del tornillo poliaxial ofrece una estabilidad angular m\u00e1s fuerte.<\/li>\n<li>Un &#8211; paso \/ dos &#8211; opciones de tuerca de bloqueo de paso que pueden implementar una distracci\u00f3n lord\u00f3tica para restaurar la curva natural.<\/li>\n<li>Aplicar a m\u00e1s pacientes con diferentes tama\u00f1os de brazos largos como 50, 80 y 110mm. Leng\u00fcetas extendidas rotas &#8211; fuera de dise\u00f1o para prevenir la distorsi\u00f3n.<\/li>\n<li>La ranura ensanchada de 6,1mm facilita la colocaci\u00f3n de la varilla.<\/li>\n<li>De uso universal con el sistema de columna universal TINA.<\/li>\n<\/ul>\n<p><strong><u>Indicaciones:<\/u><\/strong><\/p>\n<ul>\n<li>Traumatismo: sin lesi\u00f3n nerviosa, fractura vertebral toracolumbar que no necesita laminectom\u00eda e indicaciones para la fijaci\u00f3n interna de la operaci\u00f3n, incluyendo A, B1, B2 de la clasificaci\u00f3n AO<\/li>\n<li>Fijaci\u00f3n m\u00ednimamente invasiva de lumbar inferior<\/li>\n<\/ul>\n<p><strong><u>Empulgueras:<\/u><\/strong><\/p>\n<ul>\n<li>Tornillo poliaxial<\/li>\n<li>Tornillo monoaxial<\/li>\n<\/ul>\n<p>&nbsp;<\/p>\n<p><strong><u>Juego de instrumentos:<\/u><\/strong><\/p>\n<ul>\n<li>Conjunto de instrumentos de columna m\u00ednimamente invasivos<\/li>\n<\/ul>\n<p>&nbsp;<\/p>\n","protected":false},"excerpt":{"rendered":"<p><span class=\"src\" data-group=\"0-0\">El Sistema de TINA MIS se utiliza en el campo de ausencia de lesi\u00f3n nerviosa, el caso de que la fractura vertebral toracolumbar no necesite laminectom\u00eda y las indicaciones para la fijaci\u00f3n interna de la operaci\u00f3n,<\/span><span class=\"src\" data-group=\"0-1\">incluyendo A, B1, B2 de la clasificaci\u00f3n AO y f<\/span><span class=\"src\" data-group=\"0-2\">ijaci\u00f3n m\u00ednimamente invasiva de lumbar inferior.<\/span><\/p>\n","protected":false},"featured_media":5482,"comment_status":"open","ping_status":"closed","template":"","meta":[],"product_brand":[],"product_cat":[56],"product_tag":[118],"class_list":{"0":"post-5481","1":"product","2":"type-product","3":"status-publish","4":"has-post-thumbnail","6":"product_cat-ortopedia","7":"product_tag-columna","9":"first","10":"instock","11":"shipping-taxable","12":"product-type-simple"},"_links":{"self":[{"href":"https:\/\/yimamedical.com\/productos\/wp-json\/wp\/v2\/product\/5481","targetHints":{"allow":["GET"]}}],"collection":[{"href":"https:\/\/yimamedical.com\/productos\/wp-json\/wp\/v2\/product"}],"about":[{"href":"https:\/\/yimamedical.com\/productos\/wp-json\/wp\/v2\/types\/product"}],"replies":[{"embeddable":true,"href":"https:\/\/yimamedical.com\/productos\/wp-json\/wp\/v2\/comments?post=5481"}],"wp:featuredmedia":[{"embeddable":true,"href":"https:\/\/yimamedical.com\/productos\/wp-json\/wp\/v2\/media\/5482"}],"wp:attachment":[{"href":"https:\/\/yimamedical.com\/productos\/wp-json\/wp\/v2\/media?parent=5481"}],"wp:term":[{"taxonomy":"product_brand","embeddable":true,"href":"https:\/\/yimamedical.com\/productos\/wp-json\/wp\/v2\/product_brand?post=5481"},{"taxonomy":"product_cat","embeddable":true,"href":"https:\/\/yimamedical.com\/productos\/wp-json\/wp\/v2\/product_cat?post=5481"},{"taxonomy":"product_tag","embeddable":true,"href":"https:\/\/yimamedical.com\/productos\/wp-json\/wp\/v2\/product_tag?post=5481"}],"curies":[{"name":"wp","href":"https:\/\/api.w.org\/{rel}","templated":true}]}}