{"id":5488,"date":"2025-07-03T19:20:45","date_gmt":"2025-07-03T19:20:45","guid":{"rendered":"https:\/\/yimamedical.com\/productos\/?post_type=product&#038;p=5488"},"modified":"2025-09-23T19:52:31","modified_gmt":"2025-09-23T19:52:31","slug":"sistema-de-tornillos-pediculares-para-columna-vertebral-tina","status":"publish","type":"product","link":"https:\/\/yimamedical.com\/productos\/product\/sistema-de-tornillos-pediculares-para-columna-vertebral-tina\/","title":{"rendered":"Sistema de Tornillos Pediculares para Columna Vertebral TINA"},"content":{"rendered":"<p><img decoding=\"async\" src=\"https:\/\/es.doublemedicalgp.com\/js\/htmledit\/kindeditor\/attached\/20200818\/20200818083326_72138.png\" alt=\"\" \/><\/p>\n<p><u><strong>caracteristicas:<\/strong><\/u><\/p>\n<ul>\n<li>El bloque de bloqueo del sill\u00edn con rosca dentada aumenta el \u00e1rea de contacto,\u00a0mejorar la fuerza de sujeci\u00f3n entre la varilla y el tornillo, y minimizar\u00a0el enhebrado transversal.<\/li>\n<li>El dise\u00f1o de rosca de doble &#8211; proporciona un anclaje seguro en el hueso\u00a0e inserci\u00f3n r\u00e1pida de tornillos.<\/li>\n<li>El transconector con perfil ultra &#8211; bajo puede minimizar la irritaci\u00f3n\u00a0tejido blando circundante.<\/li>\n<li>El \u00e1ngulo m\u00e1ximo del ped\u00edculo poliaxial es de 50 \u00b0, lo que facilita la\u00a0Colocaci\u00f3n del tornillo pedicular y la varilla.<\/li>\n<li>La cabeza esf\u00e9rica del cuerpo del tornillo proporciona una mejor estabilidad angular\u00a0y fuerza de fricci\u00f3n.<\/li>\n<li>Proporcione tornillos il\u00edacos de gran di\u00e1metro para la reducci\u00f3n sacroil\u00edaca\u00a0y fijaci\u00f3n interna.<\/li>\n<\/ul>\n<p><strong><u>Indicaciones:<\/u><\/strong><\/p>\n<p>Columna toracolumbar y sacra<\/p>\n<ul>\n<li>Deformidades<\/li>\n<li>Enfermedad degenerativa del disco<\/li>\n<li>Espondilolistesis<\/li>\n<li>Trauma<\/li>\n<li>Tumor<\/li>\n<li>Estenosis<\/li>\n<\/ul>\n<p>&nbsp;<\/p>\n<p><u><strong>Empulgueras:<\/strong><\/u><\/p>\n<ul>\n<li>Tornillo pedicular poliaxial<\/li>\n<li>Tornillo de reducci\u00f3n poliaxial<\/li>\n<li>Tornillo pedicular monoaxial<\/li>\n<li>Tornillo de reducci\u00f3n monoaxial<\/li>\n<\/ul>\n<p><u><strong>Juego de instrumentos:<\/strong><\/u><\/p>\n<ul>\n<li>\n<div>Juego de instrumentos TINA 5.5 \/ 6.0<\/div>\n<\/li>\n<\/ul>\n","protected":false},"excerpt":{"rendered":"<p>El\u00a0Sistema de Tornillos Pediculares para Columna Vertebral TINA est\u00e1 dise\u00f1ado con un total de 50 \u00b0 de poliaxialidad, gran surco c\u00f3ncavo, \u00e1ngulo inverso, bloque de bloqueo del sill\u00edn con rosca dentada, double &#8211; hilo de rosca, t\u00a0ransconnector con ultra &#8211; perfil bajo,\u00a0cabeza esf\u00e9rica del cuerpo del tornillo, yo\u00a0tornillos liac,\u00a0centr\u00e1ndose en curar\u00a0deformidades,\u00a0enfermedad degenerativa del disco,\u00a0espondilolistesis,\u00a0trauma,\u00a0tumor,\u00a0estenosis.<\/p>\n","protected":false},"featured_media":5489,"comment_status":"open","ping_status":"closed","template":"","meta":[],"product_brand":[],"product_cat":[56],"product_tag":[118],"class_list":{"0":"post-5488","1":"product","2":"type-product","3":"status-publish","4":"has-post-thumbnail","6":"product_cat-ortopedia","7":"product_tag-columna","9":"first","10":"instock","11":"shipping-taxable","12":"product-type-simple"},"_links":{"self":[{"href":"https:\/\/yimamedical.com\/productos\/wp-json\/wp\/v2\/product\/5488","targetHints":{"allow":["GET"]}}],"collection":[{"href":"https:\/\/yimamedical.com\/productos\/wp-json\/wp\/v2\/product"}],"about":[{"href":"https:\/\/yimamedical.com\/productos\/wp-json\/wp\/v2\/types\/product"}],"replies":[{"embeddable":true,"href":"https:\/\/yimamedical.com\/productos\/wp-json\/wp\/v2\/comments?post=5488"}],"wp:featuredmedia":[{"embeddable":true,"href":"https:\/\/yimamedical.com\/productos\/wp-json\/wp\/v2\/media\/5489"}],"wp:attachment":[{"href":"https:\/\/yimamedical.com\/productos\/wp-json\/wp\/v2\/media?parent=5488"}],"wp:term":[{"taxonomy":"product_brand","embeddable":true,"href":"https:\/\/yimamedical.com\/productos\/wp-json\/wp\/v2\/product_brand?post=5488"},{"taxonomy":"product_cat","embeddable":true,"href":"https:\/\/yimamedical.com\/productos\/wp-json\/wp\/v2\/product_cat?post=5488"},{"taxonomy":"product_tag","embeddable":true,"href":"https:\/\/yimamedical.com\/productos\/wp-json\/wp\/v2\/product_tag?post=5488"}],"curies":[{"name":"wp","href":"https:\/\/api.w.org\/{rel}","templated":true}]}}