{"id":5505,"date":"2025-07-03T19:52:32","date_gmt":"2025-07-03T19:52:32","guid":{"rendered":"https:\/\/yimamedical.com\/productos\/?post_type=product&#038;p=5505"},"modified":"2025-09-22T23:49:22","modified_gmt":"2025-09-22T23:49:22","slug":"sistema-hobbit-spine-5-5-6-0","status":"publish","type":"product","link":"https:\/\/yimamedical.com\/productos\/product\/sistema-hobbit-spine-5-5-6-0\/","title":{"rendered":"Sistema Hobbit Spine 5.5 \/ 6.0"},"content":{"rendered":"<p><img decoding=\"async\" src=\"https:\/\/es.doublemedicalgp.com\/js\/htmledit\/kindeditor\/attached\/20210818\/20210818133213_42825.jpg\" alt=\"\" \/><\/p>\n<p><strong><u>Indicaci\u00f3n:<\/u><\/strong><\/p>\n<ul>\n<li>Trauma<\/li>\n<li>Tumor<\/li>\n<li>Estenosis<\/li>\n<li>Deformidades<\/li>\n<li>Pseudoartrosis<\/li>\n<li>Espondilolistesis<\/li>\n<li>Fusi\u00f3n anterior fallida<\/li>\n<li>Enfermedad degenerativa del disco<\/li>\n<\/ul>\n<p><strong><u>Juego de instrumentos:<\/u><\/strong><\/p>\n<ul>\n<li>Juego de instrumentos de tornillos pediculares universales<\/li>\n<li>Juego de instrumentos Hobbit 5.5 \/ 6.0<\/li>\n<li>Juego de instrumentos opcional Hobbit 5.5 \/ 6.0<\/li>\n<\/ul>\n<p><u><strong>Caracter\u00edsticas:<\/strong><\/u><\/p>\n<p>Compatible con el sistema 5.5 \/ 6.0, mayor fuerza de fijaci\u00f3n<\/p>\n<ul>\n<li>Montaje seguro<\/li>\n<li>Tanto la varilla de 5,5 mm como la de 6,0 mm se pueden aplicar al mismo tornillo pedicular<\/li>\n<\/ul>\n<p><u><strong>Dise\u00f1o de hilo<\/strong><\/u><\/p>\n<ul>\n<li>Rosca proximal para el hueso de la cortical: mejora la fijaci\u00f3n del ped\u00edculo<\/li>\n<li>Rosca autorroscante de la punta del tornillo: f\u00e1cil inserci\u00f3n del tornillo en el ped\u00edculo; El dise\u00f1o sin rosca de la ranura sin da\u00f1ar la pared del ped\u00edculo hace que la fijaci\u00f3n bicortical sea m\u00e1s segura (excepto S2AL)<\/li>\n<li>Dise\u00f1o de doble rosca: mejora la velocidad de inserci\u00f3n<\/li>\n<\/ul>\n<p><u><strong>Dise\u00f1o de cabeza de tornillo:<\/strong><\/u><\/p>\n<p>Volumen m\u00ednimo de la cabeza del tornillo<\/p>\n<ul>\n<li>Evite la dificultad de la sutura postoperatoria y las complicaciones como el dolor de la herida causado por un perfil alto<\/li>\n<li>Reducir la irritaci\u00f3n de la estructura \u00f3sea adyacente.<\/li>\n<li>CBT evita la colisi\u00f3n entre las cabezas de los tornillos.<\/li>\n<\/ul>\n<p>&nbsp;<\/p>\n<p><strong><u>Dise\u00f1o de brazo de tornillo<\/u><\/strong><\/p>\n<ul>\n<li>Rosca rectangular: reduce el enhebrado transversal<\/li>\n<li>\u00c1ngulo de rosca negativo: evita distracciones y roturas del brazo del tornillo<\/li>\n<li>Dise\u00f1o romo de la parte inicial: la alineaci\u00f3n autom\u00e1tica se puede realizar sin el manguito de alineaci\u00f3n<\/li>\n<\/ul>\n<p><u><strong>Dise\u00f1o de tuerca de tornillo:<\/strong><\/u><\/p>\n<ul>\n<li>Tuerca de rosca extra\u00edble: evite resbalones<\/li>\n<li>Punto que sobresale: aumenta la compresi\u00f3n entre la tuerca del tornillo y la varilla y mejora la capacidad de bloqueo<\/li>\n<li>Chorro de arena: antirreflejos; Incrementa la fricci\u00f3n y reduce el riesgo de desprendimiento.<\/li>\n<\/ul>\n<p><strong><u>Tornillo pedicular uniplanar<\/u><\/strong><\/p>\n<ul>\n<li>El mejor tornillo pedicular para desrotaci\u00f3n<\/li>\n<li>F\u00e1cil inserci\u00f3n de varilla<\/li>\n<li>Plano fijo para una mejor correcci\u00f3n<\/li>\n<\/ul>\n<p><strong><u>Tornillo S2AI<\/u><\/strong><\/p>\n<ul>\n<li>Una especie de fijaci\u00f3n interna p\u00e9lvica espinal<\/li>\n<li>El tornillo pasa a trav\u00e9s de una ala lateral S2, la articulaci\u00f3n sacroil\u00edaca y la placa de hueso il\u00edaco.<\/li>\n<li>En alineaci\u00f3n con el tornillo pedicular S1, no es necesario un interruptor cuando se conecta con S1<\/li>\n<li>Dise\u00f1o de perfil bajo, bajo riesgo de exposici\u00f3n del extremo del tornillo<\/li>\n<li>Triple fijaci\u00f3n cortical<\/li>\n<\/ul>\n<p><strong><u>Tornillo pedicular de doble cabeza<\/u><\/strong><\/p>\n<ul>\n<li>Osteotom\u00eda de columna<\/li>\n<li>Cirug\u00eda de revisi\u00f3n<\/li>\n<li>Fijaci\u00f3n lumbosacra<\/li>\n<\/ul>\n","protected":false},"excerpt":{"rendered":"<div class=\"main\">\n<p>HOBBIT Spine incluye 5 sistemas:<\/p>\n<p>1. Sistema Hobbit Spine 5.5 \/ 6.0<\/p>\n<p>2. Sistema Hobbit Cervical Posterior 3.5 \/ 4.0<\/p>\n<p>3. Sistema MIS Hobbit<\/p>\n<p>4. Sistema de desrotaci\u00f3n Hobbit<\/p>\n<p>5. Sistema Hobbit Spine 4.75<\/p>\n<\/div>\n<div class=\"pro-table clearfix\"><\/div>\n<div class=\"mobile_inquiry clearfix\"><\/div>\n","protected":false},"featured_media":5506,"comment_status":"open","ping_status":"closed","template":"","meta":[],"product_brand":[],"product_cat":[56],"product_tag":[118],"class_list":{"0":"post-5505","1":"product","2":"type-product","3":"status-publish","4":"has-post-thumbnail","6":"product_cat-ortopedia","7":"product_tag-columna","9":"first","10":"instock","11":"shipping-taxable","12":"product-type-simple"},"_links":{"self":[{"href":"https:\/\/yimamedical.com\/productos\/wp-json\/wp\/v2\/product\/5505","targetHints":{"allow":["GET"]}}],"collection":[{"href":"https:\/\/yimamedical.com\/productos\/wp-json\/wp\/v2\/product"}],"about":[{"href":"https:\/\/yimamedical.com\/productos\/wp-json\/wp\/v2\/types\/product"}],"replies":[{"embeddable":true,"href":"https:\/\/yimamedical.com\/productos\/wp-json\/wp\/v2\/comments?post=5505"}],"wp:featuredmedia":[{"embeddable":true,"href":"https:\/\/yimamedical.com\/productos\/wp-json\/wp\/v2\/media\/5506"}],"wp:attachment":[{"href":"https:\/\/yimamedical.com\/productos\/wp-json\/wp\/v2\/media?parent=5505"}],"wp:term":[{"taxonomy":"product_brand","embeddable":true,"href":"https:\/\/yimamedical.com\/productos\/wp-json\/wp\/v2\/product_brand?post=5505"},{"taxonomy":"product_cat","embeddable":true,"href":"https:\/\/yimamedical.com\/productos\/wp-json\/wp\/v2\/product_cat?post=5505"},{"taxonomy":"product_tag","embeddable":true,"href":"https:\/\/yimamedical.com\/productos\/wp-json\/wp\/v2\/product_tag?post=5505"}],"curies":[{"name":"wp","href":"https:\/\/api.w.org\/{rel}","templated":true}]}}