{"id":5526,"date":"2025-07-03T20:16:27","date_gmt":"2025-07-03T20:16:27","guid":{"rendered":"https:\/\/yimamedical.com\/productos\/?post_type=product&#038;p=5526"},"modified":"2025-09-22T23:45:58","modified_gmt":"2025-09-22T23:45:58","slug":"caja-de-fusion-intervertebral-lateral-directa-dlif","status":"publish","type":"product","link":"https:\/\/yimamedical.com\/productos\/product\/caja-de-fusion-intervertebral-lateral-directa-dlif\/","title":{"rendered":"Caja de Fusi\u00f3n Intervertebral Lateral Directa DLIF"},"content":{"rendered":"<p><img decoding=\"async\" src=\"https:\/\/es.doublemedicalgp.com\/js\/htmledit\/kindeditor\/attached\/20200921\/20200921160434_69256.png\" alt=\"\" \/><\/p>\n<p><u><strong>caracteristicas:<\/strong><\/u><\/p>\n<div>\n<ul>\n<li>El martillo deslizante ayuda a controlar la fuerza necesaria para la extracci\u00f3n del implante de prueba.<\/li>\n<li>\n<div>\n<p>Insertador de jaulas inserta y distrae en un simple paso sin impactaci\u00f3n.<\/p>\n<\/div>\n<\/li>\n<li>El dise\u00f1o de punta de bala para auto &#8211; distracci\u00f3n permite una f\u00e1cil inserci\u00f3n.<\/li>\n<li>Cuatro marcadores radiogr\u00e1ficos permiten visualizar la posici\u00f3n del implante.<\/li>\n<li>Los dientes piramidales en las superficies superior e inferior garantizan una buena estabilidad primaria y reducen el riesgo de migraci\u00f3n de la caja.<\/li>\n<li>\n<div>Acomoda injerto \u00f3seo aut\u00f3geno o sustituto de injerto \u00f3seo para permitir que se produzca la fusi\u00f3n a trav\u00e9s de la caja.<\/div>\n<\/li>\n<\/ul>\n<div>\n<p><strong><u>Indicaciones:<\/u><\/strong><\/p>\n<p>Patolog\u00edas lumbares con espondilodesis segmentaria indicada, por ejemplo:<\/p>\n<ul>\n<li>\n<div>\n<p>Enfermedades degenerativas del disco e inestabilidades espinales<\/p>\n<\/div>\n<\/li>\n<li>\n<div>\n<p>Procedimientos de revisi\u00f3n para el s\u00edndrome post &#8211; discectom\u00eda<\/p>\n<\/div>\n<\/li>\n<li>\n<div>\n<p>Pseudoartrosis o espondilodesis fallida<\/p>\n<\/div>\n<\/li>\n<li>\n<div>\n<p>Espondilolistesis degenerativa<\/p>\n<\/div>\n<\/li>\n<li>\n<div>\n<p>Espondilolistesis \u00edstmica<\/p>\n<\/div>\n<\/li>\n<\/ul>\n<div>\n<p><strong><u>Juego de instrumentos:<\/u><\/strong><\/p>\n<ul>\n<li>Juego de instrumentos DLIF<\/li>\n<\/ul>\n<\/div>\n<\/div>\n<\/div>\n","protected":false},"excerpt":{"rendered":"<p>La Caja de Fusi\u00f3n Intervertebral Lateral Directa (DLIF) est\u00e1 dise\u00f1ada para proporcionar acceso y tratamiento a la columna lumbar mediante un abordaje lateral o anterolateral, incluida la exposici\u00f3n retroperitoneal anterior a trav\u00e9s de una peque\u00f1a incisi\u00f3n. Esta t\u00e9cnica quir\u00fargica permite la colocaci\u00f3n de DLIF a trav\u00e9s del espacio discal evitando los vasos anteriores, elementos neurales posteriores y \u00f3seos.<\/p>\n","protected":false},"featured_media":5527,"comment_status":"open","ping_status":"closed","template":"","meta":[],"product_brand":[],"product_cat":[56],"product_tag":[118],"class_list":{"0":"post-5526","1":"product","2":"type-product","3":"status-publish","4":"has-post-thumbnail","6":"product_cat-ortopedia","7":"product_tag-columna","9":"first","10":"instock","11":"shipping-taxable","12":"product-type-simple"},"_links":{"self":[{"href":"https:\/\/yimamedical.com\/productos\/wp-json\/wp\/v2\/product\/5526","targetHints":{"allow":["GET"]}}],"collection":[{"href":"https:\/\/yimamedical.com\/productos\/wp-json\/wp\/v2\/product"}],"about":[{"href":"https:\/\/yimamedical.com\/productos\/wp-json\/wp\/v2\/types\/product"}],"replies":[{"embeddable":true,"href":"https:\/\/yimamedical.com\/productos\/wp-json\/wp\/v2\/comments?post=5526"}],"wp:featuredmedia":[{"embeddable":true,"href":"https:\/\/yimamedical.com\/productos\/wp-json\/wp\/v2\/media\/5527"}],"wp:attachment":[{"href":"https:\/\/yimamedical.com\/productos\/wp-json\/wp\/v2\/media?parent=5526"}],"wp:term":[{"taxonomy":"product_brand","embeddable":true,"href":"https:\/\/yimamedical.com\/productos\/wp-json\/wp\/v2\/product_brand?post=5526"},{"taxonomy":"product_cat","embeddable":true,"href":"https:\/\/yimamedical.com\/productos\/wp-json\/wp\/v2\/product_cat?post=5526"},{"taxonomy":"product_tag","embeddable":true,"href":"https:\/\/yimamedical.com\/productos\/wp-json\/wp\/v2\/product_tag?post=5526"}],"curies":[{"name":"wp","href":"https:\/\/api.w.org\/{rel}","templated":true}]}}