{"id":5538,"date":"2025-07-03T21:08:32","date_gmt":"2025-07-03T21:08:32","guid":{"rendered":"https:\/\/yimamedical.com\/productos\/?post_type=product&#038;p=5538"},"modified":"2025-09-22T23:43:27","modified_gmt":"2025-09-22T23:43:27","slug":"caja-de-fusion-intervertebral-transforaminal-lumbar-tlif","status":"publish","type":"product","link":"https:\/\/yimamedical.com\/productos\/product\/caja-de-fusion-intervertebral-transforaminal-lumbar-tlif\/","title":{"rendered":"Caja de Fusi\u00f3n Intervertebral Transforaminal Lumbar TLIF"},"content":{"rendered":"<p><img decoding=\"async\" src=\"https:\/\/es.doublemedicalgp.com\/js\/htmledit\/kindeditor\/attached\/20200818\/20200818023646_96062.png\" alt=\"\" \/><\/p>\n<p><u><strong>caracteristicas:<\/strong><\/u><\/p>\n<ul>\n<li>El dise\u00f1o de punta de bala para auto &#8211; distracci\u00f3n permite una f\u00e1cil inserci\u00f3n.<\/li>\n<li>Dise\u00f1o de rieles auto &#8211; gu\u00eda en la superficie para guiar y girar la jaula a la posici\u00f3n deseada.<\/li>\n<li>El poste de conexi\u00f3n permite el mecanismo de pivote en combinaci\u00f3n con el aplicador.<\/li>\n<li>La ventana axial grande acomoda m\u00e1s injerto \u00f3seo aut\u00f3geno en ranura adicional.<\/li>\n<li>Dos marcadores de rayos X &#8211; ayudan a visualizar la altura del implante bajo control radiogr\u00e1fico.<\/li>\n<li>\u00c1ngulo lord\u00f3tico de 5 \u00b0 para restaurar la curva lord\u00f3tica natural.<\/li>\n<\/ul>\n<p><u><strong>Indicaciones:<\/strong><\/u><\/p>\n<ul>\n<li>Enfermedades degenerativas del disco e inestabilidades espinales<\/li>\n<li>Procedimientos de revisi\u00f3n para el s\u00edndrome post &#8211; discectom\u00eda<\/li>\n<li>Pseudoartrosis o espondilodesis fallida<\/li>\n<li>Espondilolistesis degenerativa<\/li>\n<li>Espondilolistesis \u00edstmica<\/li>\n<\/ul>\n<p><u><strong>Juego de instrumentos:<\/strong><\/u><\/p>\n<ul>\n<li>Juego de instrumentos TLIF<\/li>\n<\/ul>\n","protected":false},"excerpt":{"rendered":"<p>La\u00a0Caja de Fusi\u00f3n Intervertebral Transforaminal Lumbar\u00a0TILF est\u00e1 dise\u00f1ada con un\u00a0estructura natomical, o\u00a0condici\u00f3n \u00f3ptima para la fusi\u00f3n\u00a0para reemplazar ldiscos intervertebrales\u00a0lumbaresy y\u00a0fusionar la v\u00e9rtebra adyacente\u00a0junto en los niveles vertebrales L1-S1. El TLIF\u00a0est\u00e1 dise\u00f1ado para un abordaje transforaminal.<\/p>\n","protected":false},"featured_media":5539,"comment_status":"open","ping_status":"closed","template":"","meta":[],"product_brand":[],"product_cat":[56],"product_tag":[118],"class_list":{"0":"post-5538","1":"product","2":"type-product","3":"status-publish","4":"has-post-thumbnail","6":"product_cat-ortopedia","7":"product_tag-columna","9":"first","10":"instock","11":"shipping-taxable","12":"product-type-simple"},"_links":{"self":[{"href":"https:\/\/yimamedical.com\/productos\/wp-json\/wp\/v2\/product\/5538","targetHints":{"allow":["GET"]}}],"collection":[{"href":"https:\/\/yimamedical.com\/productos\/wp-json\/wp\/v2\/product"}],"about":[{"href":"https:\/\/yimamedical.com\/productos\/wp-json\/wp\/v2\/types\/product"}],"replies":[{"embeddable":true,"href":"https:\/\/yimamedical.com\/productos\/wp-json\/wp\/v2\/comments?post=5538"}],"wp:featuredmedia":[{"embeddable":true,"href":"https:\/\/yimamedical.com\/productos\/wp-json\/wp\/v2\/media\/5539"}],"wp:attachment":[{"href":"https:\/\/yimamedical.com\/productos\/wp-json\/wp\/v2\/media?parent=5538"}],"wp:term":[{"taxonomy":"product_brand","embeddable":true,"href":"https:\/\/yimamedical.com\/productos\/wp-json\/wp\/v2\/product_brand?post=5538"},{"taxonomy":"product_cat","embeddable":true,"href":"https:\/\/yimamedical.com\/productos\/wp-json\/wp\/v2\/product_cat?post=5538"},{"taxonomy":"product_tag","embeddable":true,"href":"https:\/\/yimamedical.com\/productos\/wp-json\/wp\/v2\/product_tag?post=5538"}],"curies":[{"name":"wp","href":"https:\/\/api.w.org\/{rel}","templated":true}]}}