{"id":5592,"date":"2025-07-03T22:13:54","date_gmt":"2025-07-03T22:13:54","guid":{"rendered":"https:\/\/yimamedical.com\/productos\/?post_type=product&#038;p=5592"},"modified":"2025-09-22T23:33:15","modified_gmt":"2025-09-22T23:33:15","slug":"placa-espinal-cervical-anterior-%e2%85%b2","status":"publish","type":"product","link":"https:\/\/yimamedical.com\/productos\/product\/placa-espinal-cervical-anterior-%e2%85%b2\/","title":{"rendered":"Placa Espinal Cervical Anterior \u2162"},"content":{"rendered":"<p><img decoding=\"async\" src=\"https:\/\/es.doublemedicalgp.com\/js\/htmledit\/kindeditor\/attached\/20200921\/20200921151812_31644.png\" alt=\"\" \/><\/p>\n<p><strong><u>caracteristicas:<\/u><\/strong><\/p>\n<ul>\n<li>Placas de l\u00ednea doble y simple para diferentes necesidades cl\u00ednicas.<\/li>\n<li>El dise\u00f1o lordotic reduce la flexi\u00f3n operativa intra -.<\/li>\n<li>Ventana de visibilidad maximizada para una observaci\u00f3n m\u00e1s sencilla del injerto y las placas terminales vertebrales.<\/li>\n<li>\n<div>\n<p>Alta seguridad y confiabilidad para la estructura de bloqueo.<\/p>\n<\/div>\n<\/li>\n<li>El perfil bajo minimiza la irritaci\u00f3n de los tejidos que conduce a la erosi\u00f3n del es\u00f3fago.<\/li>\n<li>\n<div>\n<p>El tornillo de la l\u00ednea media minimiza la retracci\u00f3n lateral.<\/p>\n<\/div>\n<\/li>\n<li>\n<div>\n<p>Los tornillos de \u00e1ngulo fijo y variable permiten al cirujano construir una estructura de fijaci\u00f3n semi &#8211; r\u00edgida, restringida o h\u00edbrida.<\/p>\n<\/div>\n<\/li>\n<li>\n<div>Los dientes anti &#8211; deslizamiento resisten el movimiento de la placa.<\/div>\n<\/li>\n<\/ul>\n<div>\n<p><strong><u>Indicaciones:<\/u><\/strong><\/p>\n<div>\n<p>Indicado para la estabilizaci\u00f3n de la columna cervical de C2 a C7<\/p>\n<ul>\n<li>Enfermedad degenerativa del disco<\/li>\n<li>Trauma<\/li>\n<li>Tumores<\/li>\n<li>Deformidad (definida como cifosis, lordosis o escoliosis)<\/li>\n<li>Pseudoartrosis<\/li>\n<li>Fusiones anteriores fallidas<\/li>\n<\/ul>\n<\/div>\n<p><strong><u>Empulgueras:<\/u><\/strong><\/p>\n<ul>\n<li>\n<div>Tornillo de bloqueo para placa cervical III, autoperforante -, \u00e1ngulo variable<\/div>\n<\/li>\n<li>\n<div>\n<div>Tornillo de bloqueo para placa cervical III, autoperforaci\u00f3n -, \u00e1ngulo fijo<\/div>\n<\/div>\n<\/li>\n<li>\n<div>\n<div>\n<p>Tornillo de bloqueo para placa cervical III, autorroscante -, \u00e1ngulo variable<\/p>\n<\/div>\n<\/div>\n<\/li>\n<li>\n<div>\n<div>\n<p>Tornillo de bloqueo para placa cervical III, autorroscante -, \u00e1ngulo fijo<\/p>\n<\/div>\n<\/div>\n<\/li>\n<li>\n<div>\n<div>\n<p>Tornillo de emergencia para placa cervical III, \u00e1ngulo variable<\/p>\n<\/div>\n<\/div>\n<\/li>\n<li>\n<div>\n<div>\n<p>Tornillo de emergencia para placa cervical III, \u00e1ngulo fijo<\/p>\n<\/div>\n<\/div>\n<\/li>\n<\/ul>\n<div>\n<p><strong><u>Juego de instrumentos:<\/u><\/strong><\/p>\n<ul>\n<li>Sistema de placas de bloqueo de la columna cervical anterior \u2162 Instrumental<\/li>\n<\/ul>\n<\/div>\n<\/div>\n","protected":false},"excerpt":{"rendered":"<p>El sistema de Placa Espinal Cervical Anterior \u2162 est\u00e1 dise\u00f1ado con l\u00ednea doble y simple, zonas de flexi\u00f3n, ventana de visibilidad maximizada, estructura de bloqueo, perfil bajo, tornillos de \u00e1ngulo variable y fijo, dientes anti &#8211; deslizamiento para brindar soluciones para enfermedades degenerativas del disco, traumatismos , tumores, deformidad (definida como cifosis, lordosis o escoliosis), pseudoartrosis, fusiones previas fallidas, etc.<\/p>\n<div>\n<div>\n<div>\n<div><\/div>\n<\/div>\n<\/div>\n<\/div>\n","protected":false},"featured_media":5593,"comment_status":"open","ping_status":"closed","template":"","meta":[],"product_brand":[],"product_cat":[56],"product_tag":[118],"class_list":{"0":"post-5592","1":"product","2":"type-product","3":"status-publish","4":"has-post-thumbnail","6":"product_cat-ortopedia","7":"product_tag-columna","9":"first","10":"instock","11":"shipping-taxable","12":"product-type-simple"},"_links":{"self":[{"href":"https:\/\/yimamedical.com\/productos\/wp-json\/wp\/v2\/product\/5592","targetHints":{"allow":["GET"]}}],"collection":[{"href":"https:\/\/yimamedical.com\/productos\/wp-json\/wp\/v2\/product"}],"about":[{"href":"https:\/\/yimamedical.com\/productos\/wp-json\/wp\/v2\/types\/product"}],"replies":[{"embeddable":true,"href":"https:\/\/yimamedical.com\/productos\/wp-json\/wp\/v2\/comments?post=5592"}],"wp:featuredmedia":[{"embeddable":true,"href":"https:\/\/yimamedical.com\/productos\/wp-json\/wp\/v2\/media\/5593"}],"wp:attachment":[{"href":"https:\/\/yimamedical.com\/productos\/wp-json\/wp\/v2\/media?parent=5592"}],"wp:term":[{"taxonomy":"product_brand","embeddable":true,"href":"https:\/\/yimamedical.com\/productos\/wp-json\/wp\/v2\/product_brand?post=5592"},{"taxonomy":"product_cat","embeddable":true,"href":"https:\/\/yimamedical.com\/productos\/wp-json\/wp\/v2\/product_cat?post=5592"},{"taxonomy":"product_tag","embeddable":true,"href":"https:\/\/yimamedical.com\/productos\/wp-json\/wp\/v2\/product_tag?post=5592"}],"curies":[{"name":"wp","href":"https:\/\/api.w.org\/{rel}","templated":true}]}}