{"id":5603,"date":"2025-07-03T22:21:07","date_gmt":"2025-07-03T22:21:07","guid":{"rendered":"https:\/\/yimamedical.com\/productos\/?post_type=product&#038;p=5603"},"modified":"2025-09-22T23:30:36","modified_gmt":"2025-09-22T23:30:36","slug":"sistema-de-combinacion-de-placa-y-jaula-cervical-anterior-delta","status":"publish","type":"product","link":"https:\/\/yimamedical.com\/productos\/product\/sistema-de-combinacion-de-placa-y-jaula-cervical-anterior-delta\/","title":{"rendered":"Sistema de combinaci\u00f3n de placa y jaula cervical anterior delta"},"content":{"rendered":"<p><img decoding=\"async\" src=\"https:\/\/es.doublemedicalgp.com\/js\/htmledit\/kindeditor\/attached\/20201125\/20201125112350_73482.png\" alt=\"\" \/><\/p>\n<p><u><strong>Caracter\u00edsticas:<\/strong><\/u><\/p>\n<ul>\n<li>Tornillo de \u00e1ngulo variable para necesidades m\u00e1s cl\u00ednicas.<\/li>\n<li>Tres tornillos dise\u00f1o de placa para multiplanar estabilidad y\u00a0f\u00e1cil apilamiento en cirug\u00eda multinivel permite fisiol\u00f3gicos\u00a0cargando para ayudar a promover la fusi\u00f3n.<\/li>\n<li>sistema cervical anterior delta con el m\u00e1s corto posible\u00a0placas y tornillos angulados m\u00e1s largos dieron como resultado\u00a0incidencia y gravedad significativamente reducidas de\u00a0Etiqueta adyacente desarrollo de osificaci\u00f3n (ALOD).<\/li>\n<li>La gu\u00eda delta con su inserci\u00f3n de tornillos de \u00e1ngulo fijo garantiza una alineaci\u00f3n \u00f3ptima de la placa, la caja y el tornillo.<\/li>\n<\/ul>\n<p><u><strong>Indicaciones:<\/strong><\/u><\/p>\n<ul>\n<li>enfermedad degenerativa del disco<\/li>\n<li>trauma<\/li>\n<li>tumor<\/li>\n<li>deformidad (definida como cifosis, lordosis o escoliosis)<\/li>\n<li>Pseudoartrosis<\/li>\n<li>fusiones anteriores fallidas<\/li>\n<\/ul>\n<p><strong><u>Tornillos:<\/u><\/strong><\/p>\n<ul>\n<li>4.0mm Tornillo de bloqueo, autoperforante \/ autorroscante<\/li>\n<li>4.35mm\u00a0tornillo de emergencia, autoperforante \/ autorroscante<\/li>\n<\/ul>\n<p><u><strong>instrumento Conjunto:<\/strong><\/u><\/p>\n<ul>\n<li>juego de instrumentos del sistema de jaula y placa cervical delta<\/li>\n<\/ul>\n","protected":false},"excerpt":{"rendered":"<p>El dise\u00f1o del sistema de combinaci\u00f3n de placa cervical anterior delta y caja tiene tres tornillos placa para multiplanar estabilidad, yd\u00a0elta gu\u00eda con su inserci\u00f3n de tornillos de \u00e1ngulo fijo que\u00a0asegura\u00a0\u00f3ptimo\u00a0alineaci\u00f3n para\u00a0placa, jaula y tornillo.Mientras tanto, el sistema de combinaci\u00f3n de jaula y placa cervical anterior delta se puede utilizar para\u00a0enfermedad degenerativa del disco, t\u00a0rauma, t\u00a0umor, d\u00a0eformidad (definido como cifosis, lordosis o escoliosis), p\u00a0seudoartrosis yf\u00a0afligidas fusiones anteriores y as\u00ed sucesivamente.<\/p>\n","protected":false},"featured_media":5604,"comment_status":"open","ping_status":"closed","template":"","meta":[],"product_brand":[],"product_cat":[56],"product_tag":[118],"class_list":{"0":"post-5603","1":"product","2":"type-product","3":"status-publish","4":"has-post-thumbnail","6":"product_cat-ortopedia","7":"product_tag-columna","9":"first","10":"instock","11":"shipping-taxable","12":"product-type-simple"},"_links":{"self":[{"href":"https:\/\/yimamedical.com\/productos\/wp-json\/wp\/v2\/product\/5603","targetHints":{"allow":["GET"]}}],"collection":[{"href":"https:\/\/yimamedical.com\/productos\/wp-json\/wp\/v2\/product"}],"about":[{"href":"https:\/\/yimamedical.com\/productos\/wp-json\/wp\/v2\/types\/product"}],"replies":[{"embeddable":true,"href":"https:\/\/yimamedical.com\/productos\/wp-json\/wp\/v2\/comments?post=5603"}],"wp:featuredmedia":[{"embeddable":true,"href":"https:\/\/yimamedical.com\/productos\/wp-json\/wp\/v2\/media\/5604"}],"wp:attachment":[{"href":"https:\/\/yimamedical.com\/productos\/wp-json\/wp\/v2\/media?parent=5603"}],"wp:term":[{"taxonomy":"product_brand","embeddable":true,"href":"https:\/\/yimamedical.com\/productos\/wp-json\/wp\/v2\/product_brand?post=5603"},{"taxonomy":"product_cat","embeddable":true,"href":"https:\/\/yimamedical.com\/productos\/wp-json\/wp\/v2\/product_cat?post=5603"},{"taxonomy":"product_tag","embeddable":true,"href":"https:\/\/yimamedical.com\/productos\/wp-json\/wp\/v2\/product_tag?post=5603"}],"curies":[{"name":"wp","href":"https:\/\/api.w.org\/{rel}","templated":true}]}}