{"id":5614,"date":"2025-07-03T22:28:16","date_gmt":"2025-07-03T22:28:16","guid":{"rendered":"https:\/\/yimamedical.com\/productos\/?post_type=product&#038;p=5614"},"modified":"2025-09-22T23:28:21","modified_gmt":"2025-09-22T23:28:21","slug":"cervical-intersomatica-jaula-curvada-en-forma-de-cuna-paralela-con-peek-y-titanio","status":"publish","type":"product","link":"https:\/\/yimamedical.com\/productos\/product\/cervical-intersomatica-jaula-curvada-en-forma-de-cuna-paralela-con-peek-y-titanio\/","title":{"rendered":"Cervical Intersom\u00e1tica jaula curvada en forma de cu\u00f1a paralela con peek y titanio"},"content":{"rendered":"<p><img decoding=\"async\" src=\"https:\/\/es.doublemedicalgp.com\/js\/htmledit\/kindeditor\/attached\/20200921\/20200921172620_60599.png\" alt=\"\" \/><\/p>\n<p><strong><u>Caracter\u00edsticas:<\/u><\/strong><\/p>\n<ul>\n<li>PEEK-OPTIMA\u00ae el material es biocompatible y mucho m\u00e1s cercano al del hueso esponjoso, minimizando consecuentemente el riesgo de captaci\u00f3n sist\u00e9mica y reacciones inflamatorias locales.<\/li>\n<li>estructura perforada para el crecimiento \u00f3seo interno y continuo.<\/li>\n<li>la superficie rugosa promueve la integraci\u00f3n y el crecimiento \u00f3seo.<\/li>\n<li>La ventana axial acomoda el injerto \u00f3seo aut\u00f3geno o el sustituto del injerto \u00f3seo para permitir que se produzca la fusi\u00f3n a trav\u00e9s de la caja.<\/li>\n<li>Los marcadores de rayos X permiten la visualizaci\u00f3n en 3D y la identificaci\u00f3n radiol\u00f3gica.<\/li>\n<li>La ranura del instrumento mecanizada con precisi\u00f3n garantiza un ajuste seguro entre el implante y el soporte del implante.<\/li>\n<li>Los dientes piramidales se anclan en las placas terminales del cuerpo vertebral adyacente, lo que proporciona resistencia a la migraci\u00f3n del implante y reduce el riesgo de expulsi\u00f3n de la caja.<\/li>\n<\/ul>\n<p><strong><u>Indicaciones:<\/u><\/strong><\/p>\n<ul>\n<li>roto y herniado discos<\/li>\n<li>enfermedad degenerativa del disco e inestabilidad espinal<\/li>\n<li>Pseudoartrosis o fallido espondilodesis<\/li>\n<\/ul>\n<p><u><strong>instrumento Conjunto:<\/strong><\/u><\/p>\n<ul>\n<li>juego de instrumentos para caja cervical<\/li>\n<\/ul>\n","protected":false},"excerpt":{"rendered":"<p>El cervical Intersom\u00e1tico jaula curvada en forma de cu\u00f1a paralela con peek y titanio est\u00e1 dise\u00f1ada con dientes piramidales, ventana axial para brindar soluciones para roturas y hernias discos, enfermedad degenerativa del disco e inestabilidad espinal, pseudoartrosis o espondilodesis fallida.<\/p>\n","protected":false},"featured_media":5615,"comment_status":"open","ping_status":"closed","template":"","meta":[],"product_brand":[],"product_cat":[56],"product_tag":[118],"class_list":{"0":"post-5614","1":"product","2":"type-product","3":"status-publish","4":"has-post-thumbnail","6":"product_cat-ortopedia","7":"product_tag-columna","9":"first","10":"instock","11":"shipping-taxable","12":"product-type-simple"},"_links":{"self":[{"href":"https:\/\/yimamedical.com\/productos\/wp-json\/wp\/v2\/product\/5614","targetHints":{"allow":["GET"]}}],"collection":[{"href":"https:\/\/yimamedical.com\/productos\/wp-json\/wp\/v2\/product"}],"about":[{"href":"https:\/\/yimamedical.com\/productos\/wp-json\/wp\/v2\/types\/product"}],"replies":[{"embeddable":true,"href":"https:\/\/yimamedical.com\/productos\/wp-json\/wp\/v2\/comments?post=5614"}],"wp:featuredmedia":[{"embeddable":true,"href":"https:\/\/yimamedical.com\/productos\/wp-json\/wp\/v2\/media\/5615"}],"wp:attachment":[{"href":"https:\/\/yimamedical.com\/productos\/wp-json\/wp\/v2\/media?parent=5614"}],"wp:term":[{"taxonomy":"product_brand","embeddable":true,"href":"https:\/\/yimamedical.com\/productos\/wp-json\/wp\/v2\/product_brand?post=5614"},{"taxonomy":"product_cat","embeddable":true,"href":"https:\/\/yimamedical.com\/productos\/wp-json\/wp\/v2\/product_cat?post=5614"},{"taxonomy":"product_tag","embeddable":true,"href":"https:\/\/yimamedical.com\/productos\/wp-json\/wp\/v2\/product_tag?post=5614"}],"curies":[{"name":"wp","href":"https:\/\/api.w.org\/{rel}","templated":true}]}}