{"id":5638,"date":"2025-07-03T22:49:14","date_gmt":"2025-07-03T22:49:14","guid":{"rendered":"https:\/\/yimamedical.com\/productos\/?post_type=product&#038;p=5638"},"modified":"2025-09-22T23:18:46","modified_gmt":"2025-09-22T23:18:46","slug":"solucion-de-reconstruccion-de-lca-lcp-para-la-fijacion-tibial","status":"publish","type":"product","link":"https:\/\/yimamedical.com\/productos\/product\/solucion-de-reconstruccion-de-lca-lcp-para-la-fijacion-tibial\/","title":{"rendered":"Soluci\u00f3n de reconstrucci\u00f3n de LCA \/ LCP para la fijaci\u00f3n tibial"},"content":{"rendered":"<p><img decoding=\"async\" src=\"https:\/\/es.doublemedicalgp.com\/js\/htmledit\/kindeditor\/attached\/20210827\/20210827101225_56819.jpg\" alt=\"\" \/><\/p>\n<p><strong><u>Soluci\u00f3n para la reconstrucci\u00f3n del ligamento cruzado<\/u><\/strong><\/p>\n<p>En los \u00faltimos a\u00f1os, la reconstrucci\u00f3n de todo el interior del ligamento cruzado ha sido ampliamente aceptada.<\/p>\n<ul>\n<li>Varios resultados de investigaci\u00f3n muestran que durante el seguimiento de dos a\u00f1os de la t\u00e9cnica de reconstrucci\u00f3n todo adentro, no hay una diferencia obvia de estabilidad frontal en comparaci\u00f3n con la fijaci\u00f3n por extrusi\u00f3n, y seg\u00fan el IKDC, KSS y SF-12, no hay diferencias significativas. diferencia de expansi\u00f3n del t\u00fanel entre las dos t\u00e9cnicas.<\/li>\n<li>El grado de dolor de la EVA es bajo en la reconstrucci\u00f3n total.<\/li>\n<\/ul>\n<p><strong><u>Ventajas de la t\u00e9cnica todo adentro<\/u><\/strong><\/p>\n<ul>\n<li>Ubicaci\u00f3n precisa del t\u00fanel<\/li>\n<li>Reducir la p\u00e9rdida de hueso y la expansi\u00f3n del t\u00fanel.<\/li>\n<li>Aplicable a la restauraci\u00f3n<\/li>\n<li>Aplicable para preservaci\u00f3n y reconstrucci\u00f3n.<\/li>\n<li>Peque\u00f1a incisi\u00f3n<\/li>\n<li>Fijaci\u00f3n ajustable, fuerza confiable<\/li>\n<\/ul>\n<p><strong><u>Implantes:<\/u><\/strong><\/p>\n<ul>\n<li><strong>Dise\u00f1o de bajo perfil:<\/strong><\/li>\n<\/ul>\n<ol>\n<li>El dise\u00f1o de la base aumenta la capacidad de sellado y hace que la placa de titanio se una estrechamente con la cortical \u00f3sea; perfil m\u00e1s bajo, fijaci\u00f3n m\u00e1s estable.<\/li>\n<li>La superficie c\u00f3ncava permite la incrustaci\u00f3n de la sutura reduciendo la irritaci\u00f3n de los tejidos blandos.<\/li>\n<\/ol>\n<ul>\n<li><strong>M\u00faltiples especificaciones opcionales<\/strong>\u00a0: aplicar al t\u00fanel \u00f3seo de diferentes di\u00e1metros, satisfacer las necesidades cl\u00ednicas.<\/li>\n<\/ul>\n<ol>\n<li>Borde elevado de 11 m y base de 4 mm para t\u00fanel \u00f3seo de 4 mm a 7 mm.<\/li>\n<li>Borde elevado de 14 mm y base de 7 mm para t\u00fanel \u00f3seo de 7 mm a 9 mm.<\/li>\n<li>20mm borde elevado y base de 9 mm para t\u00fanel \u00f3seo de 9 mm a 13 mm.<\/li>\n<\/ol>\n<ul>\n<li><strong>Combinaci\u00f3n con Loop<\/strong>\u00a0: Ranura abierta combinada con bucle para fijaci\u00f3n suspensiva.<\/li>\n<li><strong>Fijaci\u00f3n segura y confiable<\/strong>:<\/li>\n<\/ul>\n<ol>\n<li>La fijaci\u00f3n cortical suspensiva es mejor que la fijaci\u00f3n con tornillos<\/li>\n<li>Consiga el \u00e1rea de contacto m\u00e1s grande entre el tend\u00f3n y el t\u00fanel \u00f3seo.<\/li>\n<li>Gran \u00e1rea de cobertura de hueso cortical para una fijaci\u00f3n suspensiva segura y confiable de la tibia<\/li>\n<\/ol>\n<ul>\n<li><strong>Soluci\u00f3n de reconstrucci\u00f3n de LCA \/ LCP para fijaci\u00f3n bilateral<\/strong><\/li>\n<\/ul>\n<ol>\n<li>En combinaci\u00f3n con el bot\u00f3n y el lazo ajustables CFLoop para realizar la fijaci\u00f3n bilateral.<\/li>\n<\/ol>\n<p><strong><u>Instrumento<\/u><\/strong><\/p>\n<ul>\n<li>Juego de instrumentos para la reconstrucci\u00f3n del ligamento cruzado<\/li>\n<\/ul>\n","protected":false},"excerpt":{"rendered":"<p>La soluci\u00f3n de reconstrucci\u00f3n de ACL \/ PCL es una fijaci\u00f3n segura y confiable para Tibia. La fijaci\u00f3n cortical en suspensi\u00f3n es mejor que la fijaci\u00f3n con tornillos. Y podr\u00eda lograr el \u00e1rea de contacto m\u00e1s grande entre el tend\u00f3n y el t\u00fanel \u00f3seo. El \u00e1rea de cobertura grande de hueso cortical es una fijaci\u00f3n suspensiva segura y confiable de la tibia<\/p>\n","protected":false},"featured_media":5639,"comment_status":"open","ping_status":"closed","template":"","meta":[],"product_brand":[],"product_cat":[56],"product_tag":[113],"class_list":{"0":"post-5638","1":"product","2":"type-product","3":"status-publish","4":"has-post-thumbnail","6":"product_cat-ortopedia","7":"product_tag-rodilla","9":"first","10":"instock","11":"shipping-taxable","12":"product-type-simple"},"_links":{"self":[{"href":"https:\/\/yimamedical.com\/productos\/wp-json\/wp\/v2\/product\/5638","targetHints":{"allow":["GET"]}}],"collection":[{"href":"https:\/\/yimamedical.com\/productos\/wp-json\/wp\/v2\/product"}],"about":[{"href":"https:\/\/yimamedical.com\/productos\/wp-json\/wp\/v2\/types\/product"}],"replies":[{"embeddable":true,"href":"https:\/\/yimamedical.com\/productos\/wp-json\/wp\/v2\/comments?post=5638"}],"wp:featuredmedia":[{"embeddable":true,"href":"https:\/\/yimamedical.com\/productos\/wp-json\/wp\/v2\/media\/5639"}],"wp:attachment":[{"href":"https:\/\/yimamedical.com\/productos\/wp-json\/wp\/v2\/media?parent=5638"}],"wp:term":[{"taxonomy":"product_brand","embeddable":true,"href":"https:\/\/yimamedical.com\/productos\/wp-json\/wp\/v2\/product_brand?post=5638"},{"taxonomy":"product_cat","embeddable":true,"href":"https:\/\/yimamedical.com\/productos\/wp-json\/wp\/v2\/product_cat?post=5638"},{"taxonomy":"product_tag","embeddable":true,"href":"https:\/\/yimamedical.com\/productos\/wp-json\/wp\/v2\/product_tag?post=5638"}],"curies":[{"name":"wp","href":"https:\/\/api.w.org\/{rel}","templated":true}]}}