{"id":5646,"date":"2025-07-03T22:52:16","date_gmt":"2025-07-03T22:52:16","guid":{"rendered":"https:\/\/yimamedical.com\/productos\/?post_type=product&#038;p=5646"},"modified":"2025-09-22T23:17:33","modified_gmt":"2025-09-22T23:17:33","slug":"sindesmosis-sin-nudos-cf-boton-de-bucle","status":"publish","type":"product","link":"https:\/\/yimamedical.com\/productos\/product\/sindesmosis-sin-nudos-cf-boton-de-bucle\/","title":{"rendered":"Sindesmosis sin nudos CF Bot\u00f3n de bucle"},"content":{"rendered":"<p><img decoding=\"async\" src=\"https:\/\/es.doublemedicalgp.com\/js\/htmledit\/kindeditor\/attached\/20210827\/20210827134306_65274.jpg\" alt=\"\" \/><\/p>\n<p>Dise\u00f1o sin nudos:<\/p>\n<ul>\n<li>Evite las preocupaciones sobre la irritabilidad, la holgura y el deslizamiento del nudo, optimice los procedimientos quir\u00fargicos y acorte el tiempo de operaci\u00f3n.<\/li>\n<\/ul>\n<p>Reducci\u00f3n anat\u00f3mica estable:<\/p>\n<ul>\n<li>La fijaci\u00f3n el\u00e1stica con suturas m\u00faltiples se ajusta a las caracter\u00edsticas fisiol\u00f3gicas de la articulaci\u00f3n del tobillo.<\/li>\n<\/ul>\n<p>Larga vida \u00fatil antifatiga, menos complicaciones, sin necesidad de una extracci\u00f3n secundaria<\/p>\n<ul>\n<li>Evite las complicaciones y el costo adicional que causa la fijaci\u00f3n r\u00edgida rota.<\/li>\n<\/ul>\n<p>Mejor rehabilitaci\u00f3n funcional de la articulaci\u00f3n del tobillo.<\/p>\n<ul>\n<li>Realice el ejercicio funcional antes que la fijaci\u00f3n tradicional con tornillos met\u00e1licos.<\/li>\n<\/ul>\n<p>Fijado con placa de bloqueo del peron\u00e9 distal<\/p>\n<ul>\n<li>La placa redonda de titanio de 6 mm est\u00e1 especialmente dise\u00f1ada para fracturas combinadas de peron\u00e9 distal. Se puede utilizar con la placa de bloqueo para peron\u00e9 distal y los clavos intramedulares de Double Medical.<\/li>\n<\/ul>\n","protected":false},"excerpt":{"rendered":"<div class=\"main\">El bot\u00f3n redondo de titanio de 6 mm est\u00e1 especialmente dise\u00f1ado para la fractura combinada del peron\u00e9 distal. Se puede utilizar con la placa de bloqueo del peron\u00e9 distal DM y el clavo intramedular del peron\u00e9.<\/div>\n<div class=\"pro-table clearfix\"><\/div>\n<div class=\"mobile_inquiry clearfix\"><\/div>\n","protected":false},"featured_media":5647,"comment_status":"open","ping_status":"closed","template":"","meta":[],"product_brand":[],"product_cat":[56],"product_tag":[117],"class_list":{"0":"post-5646","1":"product","2":"type-product","3":"status-publish","4":"has-post-thumbnail","6":"product_cat-ortopedia","7":"product_tag-tobillo","9":"first","10":"instock","11":"shipping-taxable","12":"product-type-simple"},"_links":{"self":[{"href":"https:\/\/yimamedical.com\/productos\/wp-json\/wp\/v2\/product\/5646","targetHints":{"allow":["GET"]}}],"collection":[{"href":"https:\/\/yimamedical.com\/productos\/wp-json\/wp\/v2\/product"}],"about":[{"href":"https:\/\/yimamedical.com\/productos\/wp-json\/wp\/v2\/types\/product"}],"replies":[{"embeddable":true,"href":"https:\/\/yimamedical.com\/productos\/wp-json\/wp\/v2\/comments?post=5646"}],"wp:featuredmedia":[{"embeddable":true,"href":"https:\/\/yimamedical.com\/productos\/wp-json\/wp\/v2\/media\/5647"}],"wp:attachment":[{"href":"https:\/\/yimamedical.com\/productos\/wp-json\/wp\/v2\/media?parent=5646"}],"wp:term":[{"taxonomy":"product_brand","embeddable":true,"href":"https:\/\/yimamedical.com\/productos\/wp-json\/wp\/v2\/product_brand?post=5646"},{"taxonomy":"product_cat","embeddable":true,"href":"https:\/\/yimamedical.com\/productos\/wp-json\/wp\/v2\/product_cat?post=5646"},{"taxonomy":"product_tag","embeddable":true,"href":"https:\/\/yimamedical.com\/productos\/wp-json\/wp\/v2\/product_tag?post=5646"}],"curies":[{"name":"wp","href":"https:\/\/api.w.org\/{rel}","templated":true}]}}