{"id":5670,"date":"2025-07-03T23:31:06","date_gmt":"2025-07-03T23:31:06","guid":{"rendered":"https:\/\/yimamedical.com\/productos\/?post_type=product&#038;p=5670"},"modified":"2025-09-22T23:06:31","modified_gmt":"2025-09-22T23:06:31","slug":"ancla-de-sutura-peek-towerfix","status":"publish","type":"product","link":"https:\/\/yimamedical.com\/productos\/product\/ancla-de-sutura-peek-towerfix\/","title":{"rendered":"Ancla de sutura PEEK towerfix"},"content":{"rendered":"<p><img decoding=\"async\" src=\"https:\/\/es.doublemedicalgp.com\/js\/htmledit\/kindeditor\/attached\/20211017\/20211017105301_74031.jpg\" \/><\/p>\n","protected":false},"excerpt":{"rendered":"<p>El anclaje de sutura PEEK incluye cuatro tipos de dise\u00f1o con una gama completa de especificaciones para tejido blando, ligamento y tend\u00f3n a hueso en hombro, codo, mu\u00f1eca, cadera, rodilla, fijaci\u00f3n de operaci\u00f3n de articulaci\u00f3n de tobillo. el material es m\u00e1s el\u00e1stico que el titanio y proporciona una fijaci\u00f3n segura y fiable.<\/p>\n","protected":false},"featured_media":5671,"comment_status":"open","ping_status":"closed","template":"","meta":[],"product_brand":[],"product_cat":[56],"product_tag":[115],"class_list":{"0":"post-5670","1":"product","2":"type-product","3":"status-publish","4":"has-post-thumbnail","6":"product_cat-ortopedia","7":"product_tag-anclaje-de-sutura","9":"first","10":"instock","11":"shipping-taxable","12":"product-type-simple"},"_links":{"self":[{"href":"https:\/\/yimamedical.com\/productos\/wp-json\/wp\/v2\/product\/5670","targetHints":{"allow":["GET"]}}],"collection":[{"href":"https:\/\/yimamedical.com\/productos\/wp-json\/wp\/v2\/product"}],"about":[{"href":"https:\/\/yimamedical.com\/productos\/wp-json\/wp\/v2\/types\/product"}],"replies":[{"embeddable":true,"href":"https:\/\/yimamedical.com\/productos\/wp-json\/wp\/v2\/comments?post=5670"}],"wp:featuredmedia":[{"embeddable":true,"href":"https:\/\/yimamedical.com\/productos\/wp-json\/wp\/v2\/media\/5671"}],"wp:attachment":[{"href":"https:\/\/yimamedical.com\/productos\/wp-json\/wp\/v2\/media?parent=5670"}],"wp:term":[{"taxonomy":"product_brand","embeddable":true,"href":"https:\/\/yimamedical.com\/productos\/wp-json\/wp\/v2\/product_brand?post=5670"},{"taxonomy":"product_cat","embeddable":true,"href":"https:\/\/yimamedical.com\/productos\/wp-json\/wp\/v2\/product_cat?post=5670"},{"taxonomy":"product_tag","embeddable":true,"href":"https:\/\/yimamedical.com\/productos\/wp-json\/wp\/v2\/product_tag?post=5670"}],"curies":[{"name":"wp","href":"https:\/\/api.w.org\/{rel}","templated":true}]}}