{"id":5676,"date":"2025-07-03T23:48:45","date_gmt":"2025-07-03T23:48:45","guid":{"rendered":"https:\/\/yimamedical.com\/productos\/?post_type=product&#038;p=5676"},"modified":"2025-09-22T22:59:00","modified_gmt":"2025-09-22T22:59:00","slug":"sistema-de-anclaje-de-sutura-metalica","status":"publish","type":"product","link":"https:\/\/yimamedical.com\/productos\/product\/sistema-de-anclaje-de-sutura-metalica\/","title":{"rendered":"Sistema de anclaje de sutura met\u00e1lica"},"content":{"rendered":"<p><img decoding=\"async\" src=\"https:\/\/es.doublemedicalgp.com\/js\/htmledit\/kindeditor\/attached\/20210630\/20210630102739_54362.jpg\" alt=\"\" \/><\/p>\n<p><strong><u>Implantes:<\/u><\/strong><\/p>\n<p><strong>MERIT MPT Suture Anchor (2.0 \/ 2.8 \/ 3.5 \/ 4.5 \/ 5.3)<\/strong><\/p>\n<p><strong>Merit MFT Suture Anchor (3.0 \/ 4.5 \/ 5.3 \/ 6.5)<\/strong><\/p>\n<ul>\n<li>Gama completa de especificaciones para todas las articulaciones.<\/li>\n<li>Color anodizado m\u00faltiple para distinguir las diferentes especificaciones.<\/li>\n<li>Con aguja o sin aguja para la opci\u00f3n.<\/li>\n<li>Dise\u00f1o de dientes irregulares, para proporcionar un mejor anclaje y una inserci\u00f3n de tornillo m\u00e1s r\u00e1pida.<\/li>\n<li>Dise\u00f1o de punta c\u00f3nica, sin necesidad de prevenir<\/li>\n<li>Sutores de dise\u00f1o incorporado, mejor proteger las suturas y evite la ruptura debido a la fricci\u00f3n entre el hueso y las suturas despu\u00e9s de la inserci\u00f3n<\/li>\n<li>El nuevo tipo de dise\u00f1o de anclaje de sutura de hilo completo, aumenta el \u00e1rea de contacto \u00f3seo y proporciona una resistencia de extracci\u00f3n \u00f3ptima<\/li>\n<li>Dos agujeros de dise\u00f1o en parte distal, para evitar las suturas enred\u00e1ndose durante la operaci\u00f3n.<\/li>\n<li>El hilo de tornillo ancho aumenta la fuerza de extracci\u00f3n y promueve la velocidad de inserci\u00f3n<\/li>\n<\/ul>\n<p><u><strong>Dispositivo de inserci\u00f3n y sutura.<\/strong><\/u><\/p>\n<ul>\n<li>Mango ergon\u00f3mico para un mejor agarre<\/li>\n<li>Azul y blanco para la distinci\u00f3n bajo endoscopio.<\/li>\n<li>16 fibras de polietileno de peso molecular ultra alto UHMW proporcionan ultra resistencia<\/li>\n<\/ul>\n<p><u><strong>Ventajas del ancla de sutura.<\/strong><\/u><\/p>\n<ul>\n<li>Menos trauma, f\u00e1cil operaci\u00f3n y tiempo de operaci\u00f3n.<\/li>\n<li>Reducci\u00f3n anat\u00f3mica de tejidos blandos.<\/li>\n<li>Riesgo de baja infecci\u00f3n y menos complicaciones.<\/li>\n<li>Fijaci\u00f3n estable y alta fuerza de extracci\u00f3n.<\/li>\n<li>No hay necesidad de una segunda cirug\u00eda.<\/li>\n<\/ul>\n<p><strong><u>Indicaci\u00f3n<\/u><\/strong><\/p>\n<ul>\n<li>Fijaci\u00f3n para tejidos blandos, ligamentos y tendones a hueso en hombro, codo, mu\u00f1eca, cadera, rodilla, operaci\u00f3n de articulaci\u00f3n del tobillo<\/li>\n<\/ul>\n","protected":false},"excerpt":{"rendered":"<p>Las suturas tejidas de polietileno UHMW de diecis\u00e9is hebras proporcionan una alta resistencia para la fijaci\u00f3n.Ancla de metal con gama completa de especificaciones para tejidos blandos, ligamentos y tendones al hueso en hombros, codo, mu\u00f1eca, cadera, rodilla, fijaci\u00f3n de la operaci\u00f3n de la articulaci\u00f3n del tobillo<\/p>\n","protected":false},"featured_media":5677,"comment_status":"open","ping_status":"closed","template":"","meta":[],"product_brand":[],"product_cat":[56],"product_tag":[115],"class_list":{"0":"post-5676","1":"product","2":"type-product","3":"status-publish","4":"has-post-thumbnail","6":"product_cat-ortopedia","7":"product_tag-anclaje-de-sutura","9":"first","10":"instock","11":"shipping-taxable","12":"product-type-simple"},"_links":{"self":[{"href":"https:\/\/yimamedical.com\/productos\/wp-json\/wp\/v2\/product\/5676","targetHints":{"allow":["GET"]}}],"collection":[{"href":"https:\/\/yimamedical.com\/productos\/wp-json\/wp\/v2\/product"}],"about":[{"href":"https:\/\/yimamedical.com\/productos\/wp-json\/wp\/v2\/types\/product"}],"replies":[{"embeddable":true,"href":"https:\/\/yimamedical.com\/productos\/wp-json\/wp\/v2\/comments?post=5676"}],"wp:featuredmedia":[{"embeddable":true,"href":"https:\/\/yimamedical.com\/productos\/wp-json\/wp\/v2\/media\/5677"}],"wp:attachment":[{"href":"https:\/\/yimamedical.com\/productos\/wp-json\/wp\/v2\/media?parent=5676"}],"wp:term":[{"taxonomy":"product_brand","embeddable":true,"href":"https:\/\/yimamedical.com\/productos\/wp-json\/wp\/v2\/product_brand?post=5676"},{"taxonomy":"product_cat","embeddable":true,"href":"https:\/\/yimamedical.com\/productos\/wp-json\/wp\/v2\/product_cat?post=5676"},{"taxonomy":"product_tag","embeddable":true,"href":"https:\/\/yimamedical.com\/productos\/wp-json\/wp\/v2\/product_tag?post=5676"}],"curies":[{"name":"wp","href":"https:\/\/api.w.org\/{rel}","templated":true}]}}