{"id":5681,"date":"2025-07-03T23:52:01","date_gmt":"2025-07-03T23:52:01","guid":{"rendered":"https:\/\/yimamedical.com\/productos\/?post_type=product&#038;p=5681"},"modified":"2025-09-22T22:56:39","modified_gmt":"2025-09-22T22:56:39","slug":"placa-de-bloqueo-deslizante-tibial-pediatrica-de-35-mm","status":"publish","type":"product","link":"https:\/\/yimamedical.com\/productos\/product\/placa-de-bloqueo-deslizante-tibial-pediatrica-de-35-mm\/","title":{"rendered":"Placa de bloqueo deslizante tibial pedi\u00e1trica de 3,5 mm"},"content":{"rendered":"<p><strong><u>Caracter\u00edsticas:<\/u><\/strong><\/p>\n<ul>\n<li>La placa recta puede deslizarse libremente en la ranura, reduciendo la restricci\u00f3n del crecimiento epifisario.<\/li>\n<li>El dise\u00f1o de perfil bajo anat\u00f3micamente premoldeado reduce la irritaci\u00f3n de los tejidos blandos y la necesidad de moldear la placa<\/li>\n<li>El uso de tornillos de bloqueo proporciona estabilidad angular<\/li>\n<\/ul>\n<p>&nbsp;<\/p>\n<p><strong><u>Indicaciones:<\/u><\/strong><\/p>\n<ul>\n<li>La fractura de tibia proximal pedi\u00e1trica<\/li>\n<\/ul>\n<p><strong><u>Empulgueras:<\/u><\/strong><\/p>\n<ul>\n<li>Tornillo de bloqueo de 3,5 mm<\/li>\n<\/ul>\n<p><strong><u>Instrumento:<\/u><\/strong><\/p>\n<ul>\n<li>Peque\u00f1o juego de instrumentos de bloqueo<\/li>\n<\/ul>\n","protected":false},"excerpt":{"rendered":"<p>Placa de bloqueo deslizante tibial pedi\u00e1trica de 3,5 mm\u00a0con dise\u00f1o de perfil bajo anat\u00f3micamente premoldeado est\u00e1 indicado para fracturas de tibia proximal pedi\u00e1tricas.<\/p>\n","protected":false},"featured_media":5682,"comment_status":"open","ping_status":"closed","template":"","meta":[],"product_brand":[],"product_cat":[56],"product_tag":[114],"class_list":{"0":"post-5681","1":"product","2":"type-product","3":"status-publish","4":"has-post-thumbnail","6":"product_cat-ortopedia","7":"product_tag-pediatria","9":"first","10":"instock","11":"shipping-taxable","12":"product-type-simple"},"_links":{"self":[{"href":"https:\/\/yimamedical.com\/productos\/wp-json\/wp\/v2\/product\/5681","targetHints":{"allow":["GET"]}}],"collection":[{"href":"https:\/\/yimamedical.com\/productos\/wp-json\/wp\/v2\/product"}],"about":[{"href":"https:\/\/yimamedical.com\/productos\/wp-json\/wp\/v2\/types\/product"}],"replies":[{"embeddable":true,"href":"https:\/\/yimamedical.com\/productos\/wp-json\/wp\/v2\/comments?post=5681"}],"wp:featuredmedia":[{"embeddable":true,"href":"https:\/\/yimamedical.com\/productos\/wp-json\/wp\/v2\/media\/5682"}],"wp:attachment":[{"href":"https:\/\/yimamedical.com\/productos\/wp-json\/wp\/v2\/media?parent=5681"}],"wp:term":[{"taxonomy":"product_brand","embeddable":true,"href":"https:\/\/yimamedical.com\/productos\/wp-json\/wp\/v2\/product_brand?post=5681"},{"taxonomy":"product_cat","embeddable":true,"href":"https:\/\/yimamedical.com\/productos\/wp-json\/wp\/v2\/product_cat?post=5681"},{"taxonomy":"product_tag","embeddable":true,"href":"https:\/\/yimamedical.com\/productos\/wp-json\/wp\/v2\/product_tag?post=5681"}],"curies":[{"name":"wp","href":"https:\/\/api.w.org\/{rel}","templated":true}]}}