{"id":5693,"date":"2025-07-03T23:59:57","date_gmt":"2025-07-03T23:59:57","guid":{"rendered":"https:\/\/yimamedical.com\/productos\/?post_type=product&#038;p=5693"},"modified":"2025-09-22T22:52:35","modified_gmt":"2025-09-22T22:52:35","slug":"placa-epifisaria-de-4-5-mm-en-forma-de-mariposa","status":"publish","type":"product","link":"https:\/\/yimamedical.com\/productos\/product\/placa-epifisaria-de-4-5-mm-en-forma-de-mariposa\/","title":{"rendered":"Placa epifisaria de 4.5 mm, en forma de mariposa"},"content":{"rendered":"<p><strong><u>Caracteristicas:<\/u><\/strong><\/p>\n<ul>\n<li>dise\u00f1o de doble fila, mejor para una fuerte fijaci\u00f3n<\/li>\n<li>espacio entre agujeros de 12 mm,, 16 mm o 20 mm, que se adapta a diferentes anatom\u00edas de pacientes&#8217;<\/li>\n<li>perfil bajo para minimizar la irritaci\u00f3n de los tejidos blandos\n<div><\/div>\n<\/li>\n<\/ul>\n<p><strong><u>indicaciones:<\/u><\/strong><\/p>\n<ul>\n<li>la fractura epifisaria femoral distal pedi\u00e1trica<\/li>\n<\/ul>\n<p><strong><u>empulgueras:<\/u><\/strong><\/p>\n<ul>\n<li>Tornillo canulado de 4.5 mm<\/li>\n<\/ul>\n<p><strong><u>instrumento:<\/u><\/strong><\/p>\n<ul>\n<li>Juego de instrumentos para placas epifisarias 3.0\/4.5<\/li>\n<\/ul>\n","protected":false},"excerpt":{"rendered":"<p>La placa epifisaria de 4.5 mm en forma de mariposa est\u00e1 indicada para la fractura de la ep\u00edfisis femoral distal pedi\u00e1trica.<\/p>\n","protected":false},"featured_media":5694,"comment_status":"open","ping_status":"closed","template":"","meta":[],"product_brand":[],"product_cat":[56],"product_tag":[114],"class_list":{"0":"post-5693","1":"product","2":"type-product","3":"status-publish","4":"has-post-thumbnail","6":"product_cat-ortopedia","7":"product_tag-pediatria","9":"first","10":"instock","11":"shipping-taxable","12":"product-type-simple"},"_links":{"self":[{"href":"https:\/\/yimamedical.com\/productos\/wp-json\/wp\/v2\/product\/5693","targetHints":{"allow":["GET"]}}],"collection":[{"href":"https:\/\/yimamedical.com\/productos\/wp-json\/wp\/v2\/product"}],"about":[{"href":"https:\/\/yimamedical.com\/productos\/wp-json\/wp\/v2\/types\/product"}],"replies":[{"embeddable":true,"href":"https:\/\/yimamedical.com\/productos\/wp-json\/wp\/v2\/comments?post=5693"}],"wp:featuredmedia":[{"embeddable":true,"href":"https:\/\/yimamedical.com\/productos\/wp-json\/wp\/v2\/media\/5694"}],"wp:attachment":[{"href":"https:\/\/yimamedical.com\/productos\/wp-json\/wp\/v2\/media?parent=5693"}],"wp:term":[{"taxonomy":"product_brand","embeddable":true,"href":"https:\/\/yimamedical.com\/productos\/wp-json\/wp\/v2\/product_brand?post=5693"},{"taxonomy":"product_cat","embeddable":true,"href":"https:\/\/yimamedical.com\/productos\/wp-json\/wp\/v2\/product_cat?post=5693"},{"taxonomy":"product_tag","embeddable":true,"href":"https:\/\/yimamedical.com\/productos\/wp-json\/wp\/v2\/product_tag?post=5693"}],"curies":[{"name":"wp","href":"https:\/\/api.w.org\/{rel}","templated":true}]}}