{"id":5695,"date":"2025-07-04T00:01:37","date_gmt":"2025-07-04T00:01:37","guid":{"rendered":"https:\/\/yimamedical.com\/productos\/?post_type=product&#038;p=5695"},"modified":"2025-09-22T22:26:20","modified_gmt":"2025-09-22T22:26:20","slug":"placa-epifisaria-de-3-0-4-5-mm","status":"publish","type":"product","link":"https:\/\/yimamedical.com\/productos\/product\/placa-epifisaria-de-3-0-4-5-mm\/","title":{"rendered":"Placa epifisaria de 3.0\/4.5 mm"},"content":{"rendered":"<p><img decoding=\"async\" src=\"https:\/\/es.doublemedicalgp.com\/js\/htmledit\/kindeditor\/attached\/20211017\/20211017124846_84495.jpg\" \/><\/p>\n","protected":false},"excerpt":{"rendered":"<p>Placa epifisaria de 3.0\/4.5 mm\u00a0con un dise\u00f1o anat\u00f3micamente precontorneado de perfil bajo, est\u00e1 indicado para la fractura femoral distal y la fractura tibial proximal pedi\u00e1tricas.<\/p>\n","protected":false},"featured_media":5696,"comment_status":"open","ping_status":"closed","template":"","meta":[],"product_brand":[],"product_cat":[56],"product_tag":[114],"class_list":{"0":"post-5695","1":"product","2":"type-product","3":"status-publish","4":"has-post-thumbnail","6":"product_cat-ortopedia","7":"product_tag-pediatria","9":"first","10":"instock","11":"shipping-taxable","12":"product-type-simple"},"_links":{"self":[{"href":"https:\/\/yimamedical.com\/productos\/wp-json\/wp\/v2\/product\/5695","targetHints":{"allow":["GET"]}}],"collection":[{"href":"https:\/\/yimamedical.com\/productos\/wp-json\/wp\/v2\/product"}],"about":[{"href":"https:\/\/yimamedical.com\/productos\/wp-json\/wp\/v2\/types\/product"}],"replies":[{"embeddable":true,"href":"https:\/\/yimamedical.com\/productos\/wp-json\/wp\/v2\/comments?post=5695"}],"wp:featuredmedia":[{"embeddable":true,"href":"https:\/\/yimamedical.com\/productos\/wp-json\/wp\/v2\/media\/5696"}],"wp:attachment":[{"href":"https:\/\/yimamedical.com\/productos\/wp-json\/wp\/v2\/media?parent=5695"}],"wp:term":[{"taxonomy":"product_brand","embeddable":true,"href":"https:\/\/yimamedical.com\/productos\/wp-json\/wp\/v2\/product_brand?post=5695"},{"taxonomy":"product_cat","embeddable":true,"href":"https:\/\/yimamedical.com\/productos\/wp-json\/wp\/v2\/product_cat?post=5695"},{"taxonomy":"product_tag","embeddable":true,"href":"https:\/\/yimamedical.com\/productos\/wp-json\/wp\/v2\/product_tag?post=5695"}],"curies":[{"name":"wp","href":"https:\/\/api.w.org\/{rel}","templated":true}]}}