{"id":5703,"date":"2025-07-04T00:11:56","date_gmt":"2025-07-04T00:11:56","guid":{"rendered":"https:\/\/yimamedical.com\/productos\/?post_type=product&#038;p=5703"},"modified":"2025-09-22T22:19:20","modified_gmt":"2025-09-22T22:19:20","slug":"sistema-de-clavos-deslizantes","status":"publish","type":"product","link":"https:\/\/yimamedical.com\/productos\/product\/sistema-de-clavos-deslizantes\/","title":{"rendered":"Sistema de clavos deslizantes"},"content":{"rendered":"<p><img decoding=\"async\" title=\"Sistema de clavos intramedulares deslizantes pedi\u00e1tricos SN\" src=\"https:\/\/es.doublemedicalgp.com\/js\/htmledit\/kindeditor\/attached\/20221026\/20221026144145_48592.png\" alt=\"Sistema de clavos intramedulares deslizantes pedi\u00e1tricos SN\" width=\"\" height=\"\" align=\"\" \/><\/p>\n<p class=\"\"><b><u>Caracter\u00edsticas\u00a0:<\/u><\/b><\/p>\n<p class=\"\">&#8211; Extiende con crecimiento epifisario para protecci\u00f3n a largo plazo, reduciendo los tiempos de cirug\u00edas para reposici\u00f3n de las u\u00f1as.<\/p>\n<p class=\"\" align=\"justify\">&#8211; Abordaje quir\u00fargico \u00fanico desde el troc\u00e1nter mayor para la inserci\u00f3n del clavo interno y externo, dejando menos da\u00f1o tisular.<\/p>\n<p class=\"\">&#8211; El extremo proximal est\u00e1 roscado para fijar el troc\u00e1nter mayor, que no es f\u00e1cil de desplazar.<\/p>\n<p class=\"\">&#8211; El clavo interior se fija firmemente a la ep\u00edfisis distal con hilo.<\/p>\n<p class=\"\"><b><u>Indicaciones\u00a0:<\/u><\/b><\/p>\n<p class=\"\">&#8211; Aplicar a: f\u00e9mur pedi\u00e1trico, tibia, h\u00famero<\/p>\n<p class=\"\">&#8211; Correcci\u00f3n de deformidades<\/p>\n<p class=\"\">&#8211; Tratamiento y prevenci\u00f3n de fracturas durante el per\u00edodo de crecimiento.<\/p>\n<p class=\"\"><b><u>Instrumentos\u00a0:<\/u><\/b><\/p>\n<p class=\"\">&#8211; Juego de instrumentos del sistema de clavos deslizantes<\/p>\n","protected":false},"excerpt":{"rendered":"<p>Se extiende con crecimiento epifisario para protecci\u00f3n a largo plazo, reduce los tiempos de cirug\u00edas para reponer las u\u00f1as.<\/p>\n","protected":false},"featured_media":5704,"comment_status":"open","ping_status":"closed","template":"","meta":[],"product_brand":[],"product_cat":[56],"product_tag":[114],"class_list":{"0":"post-5703","1":"product","2":"type-product","3":"status-publish","4":"has-post-thumbnail","6":"product_cat-ortopedia","7":"product_tag-pediatria","9":"first","10":"instock","11":"shipping-taxable","12":"product-type-simple"},"_links":{"self":[{"href":"https:\/\/yimamedical.com\/productos\/wp-json\/wp\/v2\/product\/5703","targetHints":{"allow":["GET"]}}],"collection":[{"href":"https:\/\/yimamedical.com\/productos\/wp-json\/wp\/v2\/product"}],"about":[{"href":"https:\/\/yimamedical.com\/productos\/wp-json\/wp\/v2\/types\/product"}],"replies":[{"embeddable":true,"href":"https:\/\/yimamedical.com\/productos\/wp-json\/wp\/v2\/comments?post=5703"}],"wp:featuredmedia":[{"embeddable":true,"href":"https:\/\/yimamedical.com\/productos\/wp-json\/wp\/v2\/media\/5704"}],"wp:attachment":[{"href":"https:\/\/yimamedical.com\/productos\/wp-json\/wp\/v2\/media?parent=5703"}],"wp:term":[{"taxonomy":"product_brand","embeddable":true,"href":"https:\/\/yimamedical.com\/productos\/wp-json\/wp\/v2\/product_brand?post=5703"},{"taxonomy":"product_cat","embeddable":true,"href":"https:\/\/yimamedical.com\/productos\/wp-json\/wp\/v2\/product_cat?post=5703"},{"taxonomy":"product_tag","embeddable":true,"href":"https:\/\/yimamedical.com\/productos\/wp-json\/wp\/v2\/product_tag?post=5703"}],"curies":[{"name":"wp","href":"https:\/\/api.w.org\/{rel}","templated":true}]}}