{"id":5733,"date":"2025-07-04T18:09:49","date_gmt":"2025-07-04T18:09:49","guid":{"rendered":"https:\/\/yimamedical.com\/productos\/?post_type=product&#038;p=5733"},"modified":"2025-09-22T22:07:19","modified_gmt":"2025-09-22T22:07:19","slug":"sistema-de-articulacion-de-rodilla-cynthia","status":"publish","type":"product","link":"https:\/\/yimamedical.com\/productos\/product\/sistema-de-articulacion-de-rodilla-cynthia\/","title":{"rendered":"Sistema de Articulaci\u00f3n de Rodilla Cynthia"},"content":{"rendered":"<p><img decoding=\"async\" src=\"https:\/\/es.doublemedicalgp.com\/js\/htmledit\/kindeditor\/attached\/20200821\/20200821101019_23248.png\" alt=\"\" \/><\/p>\n<p><strong><u>caracteristicas:<\/u><\/strong><\/p>\n<ul>\n<li>Un perfil de caja femoral inclinado conserva el hueso sin comprometer el ajuste o la resistencia del componente.<\/li>\n<li>La reducci\u00f3n gradual del radio femoral proporciona una transici\u00f3n suave a lo largo del ciclo de la marcha.<\/li>\n<li>El reborde anterior estrecho est\u00e1 dise\u00f1ado para proporcionar un ajuste \u00f3ptimo para cada paciente mientras minimiza el voladizo y la posibilidad de irritaci\u00f3n de los tejidos blandos.<\/li>\n<li>El \u00e1ngulo troclear var\u00eda seg\u00fan el tama\u00f1o para adaptarse a los \u00e1ngulos variables Q &#8211; del paciente.<\/li>\n<li>Una forma de embudo permite que los tejidos blandos del paciente impulsen la posici\u00f3n de la r\u00f3tula en extensi\u00f3n y proporciona una transici\u00f3n suave hacia el centro de la ranura.<\/li>\n<li>Los tacos femorales aumentan la estabilidad anti &#8211; rotacional del componente femoral.<\/li>\n<li>Una c\u00e1mara especial &#8211; spine proporciona una gran \u00e1rea de contacto y estabilidad en flexi\u00f3n, mientras reduce las tensiones en la columna tibia.<\/li>\n<li>El dise\u00f1o de bloqueo central patentado proporciona la arquitectura para que el sistema optimice la cinem\u00e1tica, al tiempo que reduce el micromovimiento de la parte trasera a los niveles m\u00e1s bajos.<\/li>\n<li>La bandeja tibial de cromo cobalto altamente pulido proporciona una superficie lisa para minimizar el desgaste del polietileno.<\/li>\n<li>El v\u00e1stago con pendiente posterior de 3 \u00b0 evita el impacto con el hueso de la cortical.<\/li>\n<li>El dise\u00f1o de la quilla proporciona estabilidad anti &#8211; rotacional.<\/li>\n<\/ul>\n<p><u><strong>Indicaciones:<\/strong><\/u><\/p>\n<ul>\n<li>Articulaci\u00f3n de la rodilla dolorosa y discapacitada como resultado de la osteoartritis, artritis reumatoide, artritis traum\u00e1tica donde uno o m\u00e1s compartimentos est\u00e1n involucrados<\/li>\n<li>Correcci\u00f3n de deformidad en varo, valgo o postraum\u00e1tica<\/li>\n<li>Correcci\u00f3n o revisi\u00f3n de osteotom\u00eda fallida, artrodesis o fracaso de un procedimiento de reemplazo articular previo<\/li>\n<\/ul>\n","protected":false},"excerpt":{"rendered":"<p>Indicado en articulaciones de rodilla dolorosas y discapacitadas como resultado de osteoartritis, artritis reumatoide, artritis traum\u00e1tica donde uno o m\u00e1s compartimentos est\u00e1n involucrados con un perfil de caja femoral inclinado que conserva el hueso sin comprometer el ajuste o la resistencia del componente.<\/p>\n","protected":false},"featured_media":5734,"comment_status":"open","ping_status":"closed","template":"","meta":[],"product_brand":[],"product_cat":[56],"product_tag":[113],"class_list":{"0":"post-5733","1":"product","2":"type-product","3":"status-publish","4":"has-post-thumbnail","6":"product_cat-ortopedia","7":"product_tag-rodilla","9":"first","10":"instock","11":"shipping-taxable","12":"product-type-simple"},"_links":{"self":[{"href":"https:\/\/yimamedical.com\/productos\/wp-json\/wp\/v2\/product\/5733","targetHints":{"allow":["GET"]}}],"collection":[{"href":"https:\/\/yimamedical.com\/productos\/wp-json\/wp\/v2\/product"}],"about":[{"href":"https:\/\/yimamedical.com\/productos\/wp-json\/wp\/v2\/types\/product"}],"replies":[{"embeddable":true,"href":"https:\/\/yimamedical.com\/productos\/wp-json\/wp\/v2\/comments?post=5733"}],"wp:featuredmedia":[{"embeddable":true,"href":"https:\/\/yimamedical.com\/productos\/wp-json\/wp\/v2\/media\/5734"}],"wp:attachment":[{"href":"https:\/\/yimamedical.com\/productos\/wp-json\/wp\/v2\/media?parent=5733"}],"wp:term":[{"taxonomy":"product_brand","embeddable":true,"href":"https:\/\/yimamedical.com\/productos\/wp-json\/wp\/v2\/product_brand?post=5733"},{"taxonomy":"product_cat","embeddable":true,"href":"https:\/\/yimamedical.com\/productos\/wp-json\/wp\/v2\/product_cat?post=5733"},{"taxonomy":"product_tag","embeddable":true,"href":"https:\/\/yimamedical.com\/productos\/wp-json\/wp\/v2\/product_tag?post=5733"}],"curies":[{"name":"wp","href":"https:\/\/api.w.org\/{rel}","templated":true}]}}