{"id":5767,"date":"2025-07-04T18:41:35","date_gmt":"2025-07-04T18:41:35","guid":{"rendered":"https:\/\/yimamedical.com\/productos\/?post_type=product&#038;p=5767"},"modified":"2025-09-24T18:15:57","modified_gmt":"2025-09-24T18:15:57","slug":"sistema-de-copa-bipolar","status":"publish","type":"product","link":"https:\/\/yimamedical.com\/productos\/product\/sistema-de-copa-bipolar\/","title":{"rendered":"Sistema de Copa Bipolar"},"content":{"rendered":"<p><img decoding=\"async\" src=\"https:\/\/es.doublemedicalgp.com\/js\/htmledit\/kindeditor\/attached\/20200821\/20200821163812_37371.png\" alt=\"\" \/><\/p>\n<p><u><strong>Caracteristicas<\/strong><\/u><\/p>\n<ul>\n<li>El mecanismo de bloqueo \u00f3ptimo elimina el riesgo de dislocaci\u00f3n de la cabeza.<\/li>\n<li>Facilidad de instalaci\u00f3n, desmontaje y operaci\u00f3n quir\u00fargica.<\/li>\n<li>El dise\u00f1o pulido alto &#8211; reduce el desgaste.<\/li>\n<\/ul>\n<p><strong><u>Indicaci\u00f3n<\/u><\/strong><\/p>\n<ul>\n<li>Fractura traum\u00e1tica aguda de cabeza o cuello femoral<\/li>\n<\/ul>\n","protected":false},"excerpt":{"rendered":"<p>Indicado en la fractura traum\u00e1tica aguda de la cabeza o cuello femoral con la caracter\u00edstica de un dise\u00f1o pulido alto &#8211; reduce el desgaste.<\/p>\n","protected":false},"featured_media":5768,"comment_status":"open","ping_status":"closed","template":"","meta":[],"product_brand":[],"product_cat":[56],"product_tag":[112],"class_list":{"0":"post-5767","1":"product","2":"type-product","3":"status-publish","4":"has-post-thumbnail","6":"product_cat-ortopedia","7":"product_tag-cadera","9":"first","10":"instock","11":"shipping-taxable","12":"product-type-simple"},"_links":{"self":[{"href":"https:\/\/yimamedical.com\/productos\/wp-json\/wp\/v2\/product\/5767","targetHints":{"allow":["GET"]}}],"collection":[{"href":"https:\/\/yimamedical.com\/productos\/wp-json\/wp\/v2\/product"}],"about":[{"href":"https:\/\/yimamedical.com\/productos\/wp-json\/wp\/v2\/types\/product"}],"replies":[{"embeddable":true,"href":"https:\/\/yimamedical.com\/productos\/wp-json\/wp\/v2\/comments?post=5767"}],"wp:featuredmedia":[{"embeddable":true,"href":"https:\/\/yimamedical.com\/productos\/wp-json\/wp\/v2\/media\/5768"}],"wp:attachment":[{"href":"https:\/\/yimamedical.com\/productos\/wp-json\/wp\/v2\/media?parent=5767"}],"wp:term":[{"taxonomy":"product_brand","embeddable":true,"href":"https:\/\/yimamedical.com\/productos\/wp-json\/wp\/v2\/product_brand?post=5767"},{"taxonomy":"product_cat","embeddable":true,"href":"https:\/\/yimamedical.com\/productos\/wp-json\/wp\/v2\/product_cat?post=5767"},{"taxonomy":"product_tag","embeddable":true,"href":"https:\/\/yimamedical.com\/productos\/wp-json\/wp\/v2\/product_tag?post=5767"}],"curies":[{"name":"wp","href":"https:\/\/api.w.org\/{rel}","templated":true}]}}