{"id":5788,"date":"2025-09-22T21:39:18","date_gmt":"2025-09-22T21:39:18","guid":{"rendered":"https:\/\/yimamedical.com\/productos\/?post_type=product&#038;p=5788"},"modified":"2025-09-22T21:39:19","modified_gmt":"2025-09-22T21:39:19","slug":"mt-placa-bloqueada-calcaneal-de-tuberosidad-posterior-2","status":"publish","type":"product","link":"https:\/\/yimamedical.com\/productos\/product\/mt-placa-bloqueada-calcaneal-de-tuberosidad-posterior-2\/","title":{"rendered":"MT Placa Bloqueada Calcaneal de Tuberosidad Posterior"},"content":{"rendered":"<p><img decoding=\"async\" src=\"https:\/\/es.doublemedicalgp.com\/js\/htmledit\/kindeditor\/attached\/20200818\/20200818064349_46902.png\" alt=\"\" \/><\/p>\n<p><strong><u>Caracter\u00edstica:<\/u><\/strong><\/p>\n<ul>\n<li>El dise\u00f1o anat\u00f3mico ayuda a fijar las fracturas en la tuberosidad posterior del calc\u00e1neo.<\/li>\n<li>Extremo c\u00f3nico para una f\u00e1cil inserci\u00f3n.<\/li>\n<li>Tornillo superior dirigido al sustentaculum tali.<\/li>\n<\/ul>\n<p><strong><u>Indicaci\u00f3n:<\/u><\/strong><\/p>\n<ul>\n<li>Fractura de la tuberosidad posterior del calc\u00e1neo.<\/li>\n<\/ul>\n<p><strong><u>Tornillo:<\/u><\/strong><\/p>\n<ul>\n<li>Tornillo de bloqueo MT de 3.5mm<\/li>\n<li>Tornillo de bloqueo MT 4.0mm<\/li>\n<li>Tornillo de bloqueo MT de 3.5mm<\/li>\n<\/ul>\n<p><strong><u>Juego de instrumentos:<\/u><\/strong><\/p>\n<ul>\n<li>Juego de instrumentos Marathon Total Foot<\/li>\n<\/ul>\n","protected":false},"excerpt":{"rendered":"<p>Caracter\u00edstica: El dise\u00f1o anat\u00f3mico ayuda a fijar las fracturas en la tuberosidad posterior del calc\u00e1neo. Extremo c\u00f3nico para una f\u00e1cil&#8230;<\/p>\n","protected":false},"featured_media":0,"comment_status":"open","ping_status":"closed","template":"","meta":[],"product_brand":[],"product_cat":[56],"product_tag":[111],"class_list":{"0":"post-5788","1":"product","2":"type-product","3":"status-publish","5":"product_cat-ortopedia","6":"product_tag-pie-y-tobillo","8":"first","9":"instock","10":"shipping-taxable","11":"product-type-simple"},"_links":{"self":[{"href":"https:\/\/yimamedical.com\/productos\/wp-json\/wp\/v2\/product\/5788","targetHints":{"allow":["GET"]}}],"collection":[{"href":"https:\/\/yimamedical.com\/productos\/wp-json\/wp\/v2\/product"}],"about":[{"href":"https:\/\/yimamedical.com\/productos\/wp-json\/wp\/v2\/types\/product"}],"replies":[{"embeddable":true,"href":"https:\/\/yimamedical.com\/productos\/wp-json\/wp\/v2\/comments?post=5788"}],"wp:attachment":[{"href":"https:\/\/yimamedical.com\/productos\/wp-json\/wp\/v2\/media?parent=5788"}],"wp:term":[{"taxonomy":"product_brand","embeddable":true,"href":"https:\/\/yimamedical.com\/productos\/wp-json\/wp\/v2\/product_brand?post=5788"},{"taxonomy":"product_cat","embeddable":true,"href":"https:\/\/yimamedical.com\/productos\/wp-json\/wp\/v2\/product_cat?post=5788"},{"taxonomy":"product_tag","embeddable":true,"href":"https:\/\/yimamedical.com\/productos\/wp-json\/wp\/v2\/product_tag?post=5788"}],"curies":[{"name":"wp","href":"https:\/\/api.w.org\/{rel}","templated":true}]}}