{"id":5796,"date":"2025-07-07T18:57:22","date_gmt":"2025-07-07T18:57:22","guid":{"rendered":"https:\/\/yimamedical.com\/productos\/?post_type=product&#038;p=5796"},"modified":"2025-09-22T21:36:21","modified_gmt":"2025-09-22T21:36:21","slug":"mt-placa-bloqueada-calcaneal","status":"publish","type":"product","link":"https:\/\/yimamedical.com\/productos\/product\/mt-placa-bloqueada-calcaneal\/","title":{"rendered":"MT Placa Bloqueada Calcaneal"},"content":{"rendered":"<p><img decoding=\"async\" src=\"https:\/\/es.doublemedicalgp.com\/js\/htmledit\/kindeditor\/attached\/20200819\/20200819040809_92384.png\" alt=\"\" \/><\/p>\n<p><strong><u>Caracter\u00edstica:<\/u><\/strong><\/p>\n<ul>\n<li>El dise\u00f1o de per\u00edmetro de caja cerrada &#8211; proporciona un fuerte soporte de fijaci\u00f3n.<\/li>\n<li>El marco redondeado y el dise\u00f1o de 2,0mm de grosor ayudan a minimizar la irritaci\u00f3n de los tejidos blandos.<\/li>\n<li>Dise\u00f1o anat\u00f3mico pre &#8211; contorneado con trayectorias de tornillos correspondientes a la anatom\u00eda del calc\u00e1neo.<\/li>\n<\/ul>\n<p><strong><u>Indicaci\u00f3n:<\/u><\/strong><\/p>\n<p>Clasificaciones de lijadoras:<\/p>\n<ul>\n<li>Tipo IV: Triturado con m\u00e1s de tres l\u00edneas de fractura en la faceta posterior.<\/li>\n<\/ul>\n<p><strong><u>Tornillo:<\/u><\/strong><\/p>\n<ul>\n<li>Tornillo de bloqueo MT de 3.5mm<\/li>\n<li>Tornillo de bloqueo MT 4.0mm<\/li>\n<li>Tornillo de bloqueo MT de 3.5mm<\/li>\n<\/ul>\n<p><strong><u>Juego de instrumentos:<\/u><\/strong><\/p>\n<ul>\n<li>Juego de instrumentos Marathon Total Foot<\/li>\n<\/ul>\n","protected":false},"excerpt":{"rendered":"<p>La MT Placa Bloqueada Calcaneal se utiliza para fracturas conminutas con m\u00e1s de tres l\u00edneas de fractura en la faceta posterior seg\u00fan las clasificaciones de Sanders.<\/p>\n","protected":false},"featured_media":5797,"comment_status":"open","ping_status":"closed","template":"","meta":[],"product_brand":[],"product_cat":[56],"product_tag":[111],"class_list":{"0":"post-5796","1":"product","2":"type-product","3":"status-publish","4":"has-post-thumbnail","6":"product_cat-ortopedia","7":"product_tag-pie-y-tobillo","9":"first","10":"instock","11":"shipping-taxable","12":"product-type-simple"},"_links":{"self":[{"href":"https:\/\/yimamedical.com\/productos\/wp-json\/wp\/v2\/product\/5796","targetHints":{"allow":["GET"]}}],"collection":[{"href":"https:\/\/yimamedical.com\/productos\/wp-json\/wp\/v2\/product"}],"about":[{"href":"https:\/\/yimamedical.com\/productos\/wp-json\/wp\/v2\/types\/product"}],"replies":[{"embeddable":true,"href":"https:\/\/yimamedical.com\/productos\/wp-json\/wp\/v2\/comments?post=5796"}],"wp:featuredmedia":[{"embeddable":true,"href":"https:\/\/yimamedical.com\/productos\/wp-json\/wp\/v2\/media\/5797"}],"wp:attachment":[{"href":"https:\/\/yimamedical.com\/productos\/wp-json\/wp\/v2\/media?parent=5796"}],"wp:term":[{"taxonomy":"product_brand","embeddable":true,"href":"https:\/\/yimamedical.com\/productos\/wp-json\/wp\/v2\/product_brand?post=5796"},{"taxonomy":"product_cat","embeddable":true,"href":"https:\/\/yimamedical.com\/productos\/wp-json\/wp\/v2\/product_cat?post=5796"},{"taxonomy":"product_tag","embeddable":true,"href":"https:\/\/yimamedical.com\/productos\/wp-json\/wp\/v2\/product_tag?post=5796"}],"curies":[{"name":"wp","href":"https:\/\/api.w.org\/{rel}","templated":true}]}}