{"id":5800,"date":"2025-07-07T19:00:17","date_gmt":"2025-07-07T19:00:17","guid":{"rendered":"https:\/\/yimamedical.com\/productos\/?post_type=product&#038;p=5800"},"modified":"2025-09-22T21:35:04","modified_gmt":"2025-09-22T21:35:04","slug":"mt-placa-bloqueada-en-t-para-el-primer-metatarso","status":"publish","type":"product","link":"https:\/\/yimamedical.com\/productos\/product\/mt-placa-bloqueada-en-t-para-el-primer-metatarso\/","title":{"rendered":"MT Placa Bloqueada en T para el Primer Metatarso"},"content":{"rendered":"<p><img decoding=\"async\" src=\"https:\/\/es.doublemedicalgp.com\/js\/htmledit\/kindeditor\/attached\/20200819\/20200819081639_56295.png\" alt=\"\" \/><\/p>\n<p><strong><u>Caracter\u00edstica:<\/u><\/strong><\/p>\n<ul>\n<li>Dise\u00f1o anat\u00f3mico para metatarso proximal.<\/li>\n<li>El dise\u00f1o de bloqueo de compresi\u00f3n proporciona una compresi\u00f3n de 1mm.<\/li>\n<li>Superficie pulida redonda para reducir la irritaci\u00f3n de los tejidos blandos circundantes.<\/li>\n<\/ul>\n<p><strong><u>Indicaci\u00f3n:<\/u><\/strong><\/p>\n<ul>\n<li>Tracci\u00f3n proximal de la di\u00e1fisis del primer metatarsiano y osteotom\u00eda.<\/li>\n<\/ul>\n<p><strong><u>Tornillo:<\/u><\/strong><\/p>\n<ul>\n<li>Tornillo de bloqueo MT de 2.7mm<\/li>\n<li>Tornillo de cortical MT de 2.7mm<\/li>\n<\/ul>\n<div><\/div>\n<p><strong><u>Juego de instrumentos:<\/u><\/strong><\/p>\n<ul>\n<li>Juego de instrumentos Marathon Total Foot<\/li>\n<\/ul>\n","protected":false},"excerpt":{"rendered":"<p>MT Placa Bloqueada en T para el Primer Metatarso se utiliza para la osteotom\u00eda y la fractura de la di\u00e1fisis del primer metatarso proximal.<\/p>\n","protected":false},"featured_media":5801,"comment_status":"open","ping_status":"closed","template":"","meta":[],"product_brand":[],"product_cat":[56],"product_tag":[111],"class_list":{"0":"post-5800","1":"product","2":"type-product","3":"status-publish","4":"has-post-thumbnail","6":"product_cat-ortopedia","7":"product_tag-pie-y-tobillo","9":"first","10":"instock","11":"shipping-taxable","12":"product-type-simple"},"_links":{"self":[{"href":"https:\/\/yimamedical.com\/productos\/wp-json\/wp\/v2\/product\/5800","targetHints":{"allow":["GET"]}}],"collection":[{"href":"https:\/\/yimamedical.com\/productos\/wp-json\/wp\/v2\/product"}],"about":[{"href":"https:\/\/yimamedical.com\/productos\/wp-json\/wp\/v2\/types\/product"}],"replies":[{"embeddable":true,"href":"https:\/\/yimamedical.com\/productos\/wp-json\/wp\/v2\/comments?post=5800"}],"wp:featuredmedia":[{"embeddable":true,"href":"https:\/\/yimamedical.com\/productos\/wp-json\/wp\/v2\/media\/5801"}],"wp:attachment":[{"href":"https:\/\/yimamedical.com\/productos\/wp-json\/wp\/v2\/media?parent=5800"}],"wp:term":[{"taxonomy":"product_brand","embeddable":true,"href":"https:\/\/yimamedical.com\/productos\/wp-json\/wp\/v2\/product_brand?post=5800"},{"taxonomy":"product_cat","embeddable":true,"href":"https:\/\/yimamedical.com\/productos\/wp-json\/wp\/v2\/product_cat?post=5800"},{"taxonomy":"product_tag","embeddable":true,"href":"https:\/\/yimamedical.com\/productos\/wp-json\/wp\/v2\/product_tag?post=5800"}],"curies":[{"name":"wp","href":"https:\/\/api.w.org\/{rel}","templated":true}]}}