{"id":5807,"date":"2025-07-07T19:06:25","date_gmt":"2025-07-07T19:06:25","guid":{"rendered":"https:\/\/yimamedical.com\/productos\/?post_type=product&#038;p=5807"},"modified":"2025-09-22T21:32:42","modified_gmt":"2025-09-22T21:32:42","slug":"mt-placa-bloqueada-de-fusion-para-el-primer-mtc-plantar","status":"publish","type":"product","link":"https:\/\/yimamedical.com\/productos\/product\/mt-placa-bloqueada-de-fusion-para-el-primer-mtc-plantar\/","title":{"rendered":"MT Placa Bloqueada de Fusi\u00f3n para el Primer MTC Plantar"},"content":{"rendered":"<p><img decoding=\"async\" src=\"https:\/\/es.doublemedicalgp.com\/js\/htmledit\/kindeditor\/attached\/20200917\/20200917113946_52445.png\" alt=\"\" \/><\/p>\n<p><strong><u>Caracter\u00edstica:<\/u><\/strong><\/p>\n<div>\n<ul>\n<li>Dise\u00f1o anat\u00f3mico adaptado al primer metatarsocuneiforme.<\/li>\n<li>En comparaci\u00f3n con la fijaci\u00f3n en el dorsum pedis, la fijaci\u00f3n en la banda de tensi\u00f3n de la planta pedis puede ayudar al paciente a lograr una movilizaci\u00f3n m\u00e1s temprana.<\/li>\n<\/ul>\n<div>\n<p><strong><u>Indicaci\u00f3n:<\/u><\/strong><\/p>\n<ul>\n<li>Primera articulaci\u00f3n tarsometatarsiana inestable<\/li>\n<li>Primera fusi\u00f3n de la articulaci\u00f3n tarsometatarsiana<\/li>\n<\/ul>\n<div>\n<p><strong><u>Tornillo:<\/u><\/strong><\/p>\n<ul>\n<li>Tornillo de bloqueo MT de 2.7mm<\/li>\n<li>Tornillo de cortical MT de 2.7mm<\/li>\n<\/ul>\n<div>\n<p><strong><u>Juego de instrumentos:<\/u><\/strong><\/p>\n<ul>\n<li>Juego de instrumentos Marathon Total Foot<\/li>\n<\/ul>\n<\/div>\n<\/div>\n<\/div>\n<\/div>\n","protected":false},"excerpt":{"rendered":"<p>La MT Placa Bloqueada de Fusi\u00f3n para el Primer MTC Plantar se utiliza para la primera fusi\u00f3n tarsometatarsiana inestable y la primera fusi\u00f3n tarsometatarsiana.<\/p>\n","protected":false},"featured_media":5808,"comment_status":"open","ping_status":"closed","template":"","meta":[],"product_brand":[],"product_cat":[56],"product_tag":[111],"class_list":{"0":"post-5807","1":"product","2":"type-product","3":"status-publish","4":"has-post-thumbnail","6":"product_cat-ortopedia","7":"product_tag-pie-y-tobillo","9":"first","10":"instock","11":"shipping-taxable","12":"product-type-simple"},"_links":{"self":[{"href":"https:\/\/yimamedical.com\/productos\/wp-json\/wp\/v2\/product\/5807","targetHints":{"allow":["GET"]}}],"collection":[{"href":"https:\/\/yimamedical.com\/productos\/wp-json\/wp\/v2\/product"}],"about":[{"href":"https:\/\/yimamedical.com\/productos\/wp-json\/wp\/v2\/types\/product"}],"replies":[{"embeddable":true,"href":"https:\/\/yimamedical.com\/productos\/wp-json\/wp\/v2\/comments?post=5807"}],"wp:featuredmedia":[{"embeddable":true,"href":"https:\/\/yimamedical.com\/productos\/wp-json\/wp\/v2\/media\/5808"}],"wp:attachment":[{"href":"https:\/\/yimamedical.com\/productos\/wp-json\/wp\/v2\/media?parent=5807"}],"wp:term":[{"taxonomy":"product_brand","embeddable":true,"href":"https:\/\/yimamedical.com\/productos\/wp-json\/wp\/v2\/product_brand?post=5807"},{"taxonomy":"product_cat","embeddable":true,"href":"https:\/\/yimamedical.com\/productos\/wp-json\/wp\/v2\/product_cat?post=5807"},{"taxonomy":"product_tag","embeddable":true,"href":"https:\/\/yimamedical.com\/productos\/wp-json\/wp\/v2\/product_tag?post=5807"}],"curies":[{"name":"wp","href":"https:\/\/api.w.org\/{rel}","templated":true}]}}