{"id":5813,"date":"2025-07-07T19:11:18","date_gmt":"2025-07-07T19:11:18","guid":{"rendered":"https:\/\/yimamedical.com\/productos\/?post_type=product&#038;p=5813"},"modified":"2025-09-22T21:28:39","modified_gmt":"2025-09-22T21:28:39","slug":"mt-placa-bloqueada-de-fusion-para-primer-mtc","status":"publish","type":"product","link":"https:\/\/yimamedical.com\/productos\/product\/mt-placa-bloqueada-de-fusion-para-primer-mtc\/","title":{"rendered":"MT Placa Bloqueada de Fusi\u00f3n para Primer MTC"},"content":{"rendered":"<p><u><strong>Caracter\u00edstica:<\/strong><\/u><\/p>\n<ul>\n<li>El dise\u00f1o anat\u00f3mico se adapta al primer metatarsocuneiforme.<\/li>\n<li>El orificio de compresi\u00f3n unidireccional proporciona una compresi\u00f3n de 1mm.<\/li>\n<\/ul>\n<div>\n<p><strong><u>Indicaci\u00f3n:<\/u><\/strong><\/p>\n<ul>\n<li>Reaparici\u00f3n del varo del primer metatarsiano causado por un fallo de la operaci\u00f3n.<\/li>\n<li>Laxitud ligamentosa talipes esp\u00e1stica equino valgo.<\/li>\n<li>Hallux valgus causado por varo primario del primer metatarsiano.<\/li>\n<\/ul>\n<div>\n<p><strong><u>Tornillo:<\/u><\/strong><\/p>\n<ul>\n<li>Tornillo de bloqueo MT de 2.7mm<\/li>\n<li>Tornillo de cortical MT de 2.7mm<\/li>\n<\/ul>\n<div>\n<p><strong><u>Juego de instrumentos:<\/u><\/strong><\/p>\n<ul>\n<li>Juego de instrumentos Marathon Total Foot<\/li>\n<\/ul>\n<\/div>\n<\/div>\n<\/div>\n","protected":false},"excerpt":{"rendered":"<p>La MT Placa Bloqueada de Fusi\u00f3n para Primer MTC se utiliza para la reaparici\u00f3n del varo del primer metatarso causado por una falla en la operaci\u00f3n, laxitud ligamentosa, talipes equino valgo esp\u00e1stico y hallux valgus causado por el varo del primer metatarso primario.<\/p>\n","protected":false},"featured_media":5814,"comment_status":"open","ping_status":"closed","template":"","meta":[],"product_brand":[],"product_cat":[56],"product_tag":[111],"class_list":{"0":"post-5813","1":"product","2":"type-product","3":"status-publish","4":"has-post-thumbnail","6":"product_cat-ortopedia","7":"product_tag-pie-y-tobillo","9":"first","10":"instock","11":"shipping-taxable","12":"product-type-simple"},"_links":{"self":[{"href":"https:\/\/yimamedical.com\/productos\/wp-json\/wp\/v2\/product\/5813","targetHints":{"allow":["GET"]}}],"collection":[{"href":"https:\/\/yimamedical.com\/productos\/wp-json\/wp\/v2\/product"}],"about":[{"href":"https:\/\/yimamedical.com\/productos\/wp-json\/wp\/v2\/types\/product"}],"replies":[{"embeddable":true,"href":"https:\/\/yimamedical.com\/productos\/wp-json\/wp\/v2\/comments?post=5813"}],"wp:featuredmedia":[{"embeddable":true,"href":"https:\/\/yimamedical.com\/productos\/wp-json\/wp\/v2\/media\/5814"}],"wp:attachment":[{"href":"https:\/\/yimamedical.com\/productos\/wp-json\/wp\/v2\/media?parent=5813"}],"wp:term":[{"taxonomy":"product_brand","embeddable":true,"href":"https:\/\/yimamedical.com\/productos\/wp-json\/wp\/v2\/product_brand?post=5813"},{"taxonomy":"product_cat","embeddable":true,"href":"https:\/\/yimamedical.com\/productos\/wp-json\/wp\/v2\/product_cat?post=5813"},{"taxonomy":"product_tag","embeddable":true,"href":"https:\/\/yimamedical.com\/productos\/wp-json\/wp\/v2\/product_tag?post=5813"}],"curies":[{"name":"wp","href":"https:\/\/api.w.org\/{rel}","templated":true}]}}