{"id":5817,"date":"2025-07-07T19:13:27","date_gmt":"2025-07-07T19:13:27","guid":{"rendered":"https:\/\/yimamedical.com\/productos\/?post_type=product&#038;p=5817"},"modified":"2025-09-22T21:27:29","modified_gmt":"2025-09-22T21:27:29","slug":"placa-de-bloqueo-de-fusion-recta-mt","status":"publish","type":"product","link":"https:\/\/yimamedical.com\/productos\/product\/placa-de-bloqueo-de-fusion-recta-mt\/","title":{"rendered":"Placa de bloqueo de fusi\u00f3n recta MT"},"content":{"rendered":"<p><img decoding=\"async\" src=\"https:\/\/es.doublemedicalgp.com\/js\/htmledit\/kindeditor\/attached\/20210104\/20210104161053_47065.png\" alt=\"\" \/><\/p>\n<p><strong><u>Caracter\u00edstica:<\/u><\/strong><\/p>\n<ul>\n<li>El dise\u00f1o de bloqueo de compresi\u00f3n proporciona una compresi\u00f3n de 1 mm.<\/li>\n<li>Para traumatismos de ossa metatarsi y fusi\u00f3n de articulaci\u00f3n tarsometatarsiana.<\/li>\n<li>La placa corta con 2 agujeros es extremadamente flexible.<\/li>\n<li>El dise\u00f1o de bloqueo de compresi\u00f3n proporciona una compresi\u00f3n de 1 mm.<br \/>\nPara traumatismos de ossa metatarsi y fusi\u00f3n de articulaci\u00f3n tarsometatarsiana.<br \/>\nLa placa corta con 2 agujeros es extremadamente flexible.<\/li>\n<\/ul>\n<p><strong><u>Indicaci\u00f3n:<\/u><\/strong><\/p>\n<ul>\n<li>Fusi\u00f3n de la articulaci\u00f3n tarsometatarsiana \/ trauma.<\/li>\n<\/ul>\n<p><strong><u>Tornillo:<\/u><\/strong><\/p>\n<ul>\n<li>Tornillo de bloqueo MT de 2.7 mm<\/li>\n<li>Tornillo de cortical MT de 2.7 mm<\/li>\n<\/ul>\n<p><strong><u>Juego de instrumentos:<\/u><\/strong><\/p>\n<p>Juego de instrumentos Marathon Total Foot<\/p>\n","protected":false},"excerpt":{"rendered":"<p>La\u00a0<span class=\"VIiyi\" lang=\"es\"><span class=\"JLqJ4b ChMk0b\" data-language-for-alternatives=\"es\" data-language-to-translate-into=\"auto\" data-phrase-index=\"6\">paca de bloqueo de fusi\u00f3n recta MT<\/span><\/span>\u00a0se utiliza para\u00a0Fusi\u00f3n de la articulaci\u00f3n tarsometatarsiana \/ trauma.<\/p>\n","protected":false},"featured_media":5818,"comment_status":"open","ping_status":"closed","template":"","meta":[],"product_brand":[],"product_cat":[56],"product_tag":[111],"class_list":{"0":"post-5817","1":"product","2":"type-product","3":"status-publish","4":"has-post-thumbnail","6":"product_cat-ortopedia","7":"product_tag-pie-y-tobillo","9":"first","10":"instock","11":"shipping-taxable","12":"product-type-simple"},"_links":{"self":[{"href":"https:\/\/yimamedical.com\/productos\/wp-json\/wp\/v2\/product\/5817","targetHints":{"allow":["GET"]}}],"collection":[{"href":"https:\/\/yimamedical.com\/productos\/wp-json\/wp\/v2\/product"}],"about":[{"href":"https:\/\/yimamedical.com\/productos\/wp-json\/wp\/v2\/types\/product"}],"replies":[{"embeddable":true,"href":"https:\/\/yimamedical.com\/productos\/wp-json\/wp\/v2\/comments?post=5817"}],"wp:featuredmedia":[{"embeddable":true,"href":"https:\/\/yimamedical.com\/productos\/wp-json\/wp\/v2\/media\/5818"}],"wp:attachment":[{"href":"https:\/\/yimamedical.com\/productos\/wp-json\/wp\/v2\/media?parent=5817"}],"wp:term":[{"taxonomy":"product_brand","embeddable":true,"href":"https:\/\/yimamedical.com\/productos\/wp-json\/wp\/v2\/product_brand?post=5817"},{"taxonomy":"product_cat","embeddable":true,"href":"https:\/\/yimamedical.com\/productos\/wp-json\/wp\/v2\/product_cat?post=5817"},{"taxonomy":"product_tag","embeddable":true,"href":"https:\/\/yimamedical.com\/productos\/wp-json\/wp\/v2\/product_tag?post=5817"}],"curies":[{"name":"wp","href":"https:\/\/api.w.org\/{rel}","templated":true}]}}