{"id":5904,"date":"2025-07-09T21:27:01","date_gmt":"2025-07-09T21:27:01","guid":{"rendered":"https:\/\/yimamedical.com\/productos\/?post_type=product&#038;p=5904"},"modified":"2025-09-22T18:25:16","modified_gmt":"2025-09-22T18:25:16","slug":"placa-de-bloqueo-l-tibial-distal-md","status":"publish","type":"product","link":"https:\/\/yimamedical.com\/productos\/product\/placa-de-bloqueo-l-tibial-distal-md\/","title":{"rendered":"Placa de bloqueo L-Tibial Distal MD"},"content":{"rendered":"<p><img decoding=\"async\" src=\"https:\/\/es.doublemedicalgp.com\/js\/htmledit\/kindeditor\/attached\/20210315\/20210315115647_61535.png\" alt=\"\" \/><\/p>\n<p><strong><u>Caracter\u00edstica:<\/u><\/strong><\/p>\n<ul>\n<li>Soluci\u00f3n profaterativa para la fractura de pil\u00f3n.<\/li>\n<li>Alloy de titanio de alta resistencia con perfil inferior.<\/li>\n<li>Superficie muela fina y marco redondeado Ayuda para evitar la irritaci\u00f3n de los tejidos blandos.<\/li>\n<li>Tapering final a mini\u00a0reparar el\u00a0Perfil en Malleolus.<\/li>\n<\/ul>\n<p><strong><u>Indicaci\u00f3n:<\/u><\/strong><\/p>\n<ul>\n<li>Fijaci\u00f3n posteriorLateral<\/li>\n<\/ul>\n<p><strong><u>Tornillo:<\/u><\/strong><\/p>\n<ul>\n<li>Tornillo de bloqueo de 3.5mm<\/li>\n<li>Tornillo de cortex de 3.5mm<\/li>\n<\/ul>\n<p><strong><u>Conjunto de instrumentos:<\/u><\/strong><\/p>\n<p>Set de instrumentos de bloqueo peque\u00f1o<\/p>\n","protected":false},"excerpt":{"rendered":"<p>MD Distal Tibial L-Blocking Placa se utiliza para la fijaci\u00f3n posteriorlateral.<\/p>\n<p class=\"\">Placa de bloqueo peque\u00f1a, placa de pil\u00f3n, dise\u00f1o de orificio de combinaci\u00f3n, pie de tobillo, tornillo de cortex de bloqueo<\/p>\n","protected":false},"featured_media":5905,"comment_status":"open","ping_status":"closed","template":"","meta":[],"product_brand":[],"product_cat":[56],"product_tag":[111],"class_list":{"0":"post-5904","1":"product","2":"type-product","3":"status-publish","4":"has-post-thumbnail","6":"product_cat-ortopedia","7":"product_tag-pie-y-tobillo","9":"first","10":"instock","11":"shipping-taxable","12":"product-type-simple"},"_links":{"self":[{"href":"https:\/\/yimamedical.com\/productos\/wp-json\/wp\/v2\/product\/5904","targetHints":{"allow":["GET"]}}],"collection":[{"href":"https:\/\/yimamedical.com\/productos\/wp-json\/wp\/v2\/product"}],"about":[{"href":"https:\/\/yimamedical.com\/productos\/wp-json\/wp\/v2\/types\/product"}],"replies":[{"embeddable":true,"href":"https:\/\/yimamedical.com\/productos\/wp-json\/wp\/v2\/comments?post=5904"}],"wp:featuredmedia":[{"embeddable":true,"href":"https:\/\/yimamedical.com\/productos\/wp-json\/wp\/v2\/media\/5905"}],"wp:attachment":[{"href":"https:\/\/yimamedical.com\/productos\/wp-json\/wp\/v2\/media?parent=5904"}],"wp:term":[{"taxonomy":"product_brand","embeddable":true,"href":"https:\/\/yimamedical.com\/productos\/wp-json\/wp\/v2\/product_brand?post=5904"},{"taxonomy":"product_cat","embeddable":true,"href":"https:\/\/yimamedical.com\/productos\/wp-json\/wp\/v2\/product_cat?post=5904"},{"taxonomy":"product_tag","embeddable":true,"href":"https:\/\/yimamedical.com\/productos\/wp-json\/wp\/v2\/product_tag?post=5904"}],"curies":[{"name":"wp","href":"https:\/\/api.w.org\/{rel}","templated":true}]}}