{"id":5913,"date":"2025-07-09T21:37:49","date_gmt":"2025-07-09T21:37:49","guid":{"rendered":"https:\/\/yimamedical.com\/productos\/?post_type=product&#038;p=5913"},"modified":"2025-09-22T18:22:16","modified_gmt":"2025-09-22T18:22:16","slug":"placa-de-bloqueo-para-artrodesis-lateral-de-tobillo","status":"publish","type":"product","link":"https:\/\/yimamedical.com\/productos\/product\/placa-de-bloqueo-para-artrodesis-lateral-de-tobillo\/","title":{"rendered":"Placa de bloqueo para artrodesis lateral de tobillo"},"content":{"rendered":"<p><img decoding=\"async\" src=\"https:\/\/es.doublemedicalgp.com\/js\/htmledit\/kindeditor\/attached\/20210820\/20210820102844_16385.jpg\" alt=\"\" \/><\/p>\n<p><strong><u>Caracter\u00edsticas:<\/u><\/strong><\/p>\n<ul>\n<li>Tres filas de orificios en el extremo distal, para fijar el calc\u00e1neo; Tornillo de fijaci\u00f3n divergente, para mejorar la buena sujeci\u00f3n.<\/li>\n<li>Tres filas de agujeros en el medio, para fijar el astr\u00e1galo; tornillo de fijaci\u00f3n divergente, para proporcionar una fijaci\u00f3n estable<\/li>\n<li>Dise\u00f1o de perfil bajo, para reducir la irritaci\u00f3n de los tejidos blandos.<\/li>\n<\/ul>\n<p><strong><u>Indicaci\u00f3n:<\/u><\/strong><\/p>\n<ul>\n<li>Fusi\u00f3n de la articulaci\u00f3n tibiotalar<\/li>\n<li>Fusi\u00f3n de tibiotalar lateral y calc\u00e1neo<\/li>\n<\/ul>\n<p><strong><u>Empulgueras:<\/u><\/strong><\/p>\n<ul>\n<li>Tornillo de bloqueo de 3,5 mm<\/li>\n<li>Tornillo de cortical de 3,5 mm<\/li>\n<\/ul>\n","protected":false},"excerpt":{"rendered":"<p>La placa de bloqueo para artrodesis lateral del tobillo est\u00e1 dise\u00f1ada para la fusi\u00f3n de la articulaci\u00f3n tibiotalar y la fusi\u00f3n del tibiotalar lateral y el calc\u00e1neo.<\/p>\n","protected":false},"featured_media":5914,"comment_status":"open","ping_status":"closed","template":"","meta":[],"product_brand":[],"product_cat":[56],"product_tag":[111],"class_list":{"0":"post-5913","1":"product","2":"type-product","3":"status-publish","4":"has-post-thumbnail","6":"product_cat-ortopedia","7":"product_tag-pie-y-tobillo","9":"first","10":"instock","11":"shipping-taxable","12":"product-type-simple"},"_links":{"self":[{"href":"https:\/\/yimamedical.com\/productos\/wp-json\/wp\/v2\/product\/5913","targetHints":{"allow":["GET"]}}],"collection":[{"href":"https:\/\/yimamedical.com\/productos\/wp-json\/wp\/v2\/product"}],"about":[{"href":"https:\/\/yimamedical.com\/productos\/wp-json\/wp\/v2\/types\/product"}],"replies":[{"embeddable":true,"href":"https:\/\/yimamedical.com\/productos\/wp-json\/wp\/v2\/comments?post=5913"}],"wp:featuredmedia":[{"embeddable":true,"href":"https:\/\/yimamedical.com\/productos\/wp-json\/wp\/v2\/media\/5914"}],"wp:attachment":[{"href":"https:\/\/yimamedical.com\/productos\/wp-json\/wp\/v2\/media?parent=5913"}],"wp:term":[{"taxonomy":"product_brand","embeddable":true,"href":"https:\/\/yimamedical.com\/productos\/wp-json\/wp\/v2\/product_brand?post=5913"},{"taxonomy":"product_cat","embeddable":true,"href":"https:\/\/yimamedical.com\/productos\/wp-json\/wp\/v2\/product_cat?post=5913"},{"taxonomy":"product_tag","embeddable":true,"href":"https:\/\/yimamedical.com\/productos\/wp-json\/wp\/v2\/product_tag?post=5913"}],"curies":[{"name":"wp","href":"https:\/\/api.w.org\/{rel}","templated":true}]}}