{"id":5937,"date":"2025-07-09T23:02:46","date_gmt":"2025-07-09T23:02:46","guid":{"rendered":"https:\/\/yimamedical.com\/productos\/?post_type=product&#038;p=5937"},"modified":"2025-09-22T18:12:48","modified_gmt":"2025-09-22T18:12:48","slug":"fijador-externo-para-la-mano","status":"publish","type":"product","link":"https:\/\/yimamedical.com\/productos\/product\/fijador-externo-para-la-mano\/","title":{"rendered":"Fijador externo para la mano."},"content":{"rendered":"<p><strong><u>Caracter\u00edsticas:<\/u><\/strong><\/p>\n<ul>\n<li>Dos dise\u00f1os de pinzas de pin, indicaci\u00f3n de fracturas juxta-articulares.<\/li>\n<li>Cuatro agujeros de tornillo de hueso para una f\u00e1cil operaci\u00f3n<\/li>\n<li>El eje roscado ayuda a hacer distracci\u00f3n y compresi\u00f3n.<\/li>\n<li>Indicaci\u00f3n para la reconstrucci\u00f3n \u00f3sea: el alargamiento del hueso, el transporte \u00f3seo, etc.<\/li>\n<\/ul>\n<p><strong><u>Indicaciones:<\/u><\/strong><\/p>\n<ul>\n<li>Fracturas cruzadas de la mano y el pie.<\/li>\n<li>Ninguna uni\u00f3n<\/li>\n<li>Deformidad angular<\/li>\n<li>Alargamiento del hueso<\/li>\n<\/ul>\n<p><strong><u>Tornillo:<\/u><\/strong><\/p>\n<ul>\n<li>Tornillo de hueso de la corteza de 2.0mm<\/li>\n<\/ul>\n<p><strong><u>Conjunto de instrumentos:<\/u><\/strong><\/p>\n<ul>\n<li>Conjunto de instrumentos de sistema de fijaci\u00f3n externa universal<\/li>\n<\/ul>\n","protected":false},"excerpt":{"rendered":"<p>El dise\u00f1o del fijador externo para la mano tiene dos abrazaderas de pin, indicaci\u00f3n de fracturas juxta-articulares y\u00a0reconstrucci\u00f3n \u00f3sea\u00a0, el eje roscado ayuda a hacer distracci\u00f3n y compresi\u00f3n.Mientras tanto, el fijador externo para la mano se puede usar en fracturas cruzadas de la no estima de la mano y el pie, la deformidad angular, el alargamiento del hueso.<\/p>\n","protected":false},"featured_media":5938,"comment_status":"open","ping_status":"closed","template":"","meta":[],"product_brand":[],"product_cat":[56],"product_tag":[110],"class_list":{"0":"post-5937","1":"product","2":"type-product","3":"status-publish","4":"has-post-thumbnail","6":"product_cat-ortopedia","7":"product_tag-fijador-externo","9":"first","10":"instock","11":"shipping-taxable","12":"product-type-simple"},"_links":{"self":[{"href":"https:\/\/yimamedical.com\/productos\/wp-json\/wp\/v2\/product\/5937","targetHints":{"allow":["GET"]}}],"collection":[{"href":"https:\/\/yimamedical.com\/productos\/wp-json\/wp\/v2\/product"}],"about":[{"href":"https:\/\/yimamedical.com\/productos\/wp-json\/wp\/v2\/types\/product"}],"replies":[{"embeddable":true,"href":"https:\/\/yimamedical.com\/productos\/wp-json\/wp\/v2\/comments?post=5937"}],"wp:featuredmedia":[{"embeddable":true,"href":"https:\/\/yimamedical.com\/productos\/wp-json\/wp\/v2\/media\/5938"}],"wp:attachment":[{"href":"https:\/\/yimamedical.com\/productos\/wp-json\/wp\/v2\/media?parent=5937"}],"wp:term":[{"taxonomy":"product_brand","embeddable":true,"href":"https:\/\/yimamedical.com\/productos\/wp-json\/wp\/v2\/product_brand?post=5937"},{"taxonomy":"product_cat","embeddable":true,"href":"https:\/\/yimamedical.com\/productos\/wp-json\/wp\/v2\/product_cat?post=5937"},{"taxonomy":"product_tag","embeddable":true,"href":"https:\/\/yimamedical.com\/productos\/wp-json\/wp\/v2\/product_tag?post=5937"}],"curies":[{"name":"wp","href":"https:\/\/api.w.org\/{rel}","templated":true}]}}