{"id":5940,"date":"2025-07-09T23:06:43","date_gmt":"2025-07-09T23:06:43","guid":{"rendered":"https:\/\/yimamedical.com\/productos\/?post_type=product&#038;p=5940"},"modified":"2025-09-22T18:11:17","modified_gmt":"2025-09-22T18:11:17","slug":"externo-redondo-fijador","status":"publish","type":"product","link":"https:\/\/yimamedical.com\/productos\/product\/externo-redondo-fijador\/","title":{"rendered":"Externo redondo Fijador"},"content":{"rendered":"<p><img decoding=\"async\" src=\"https:\/\/es.doublemedicalgp.com\/js\/htmledit\/kindeditor\/attached\/20201125\/20201125085233_84414.png\" alt=\"\" \/><\/p>\n<p><u><strong>Caracter\u00edsticas:<\/strong><\/u><\/p>\n<ul>\n<li>Pernos de fijaci\u00f3n de alambre y medio pasador con las estr\u00edas y ranuras proporcionan una estabilizaci\u00f3n superior del segmento \u00f3seo, rotaci\u00f3n no deseada y aflojamiento de componentes durante tratamiento.<\/li>\n<li>El estr\u00edas mecanizadas en elementos de conexi\u00f3n prevenir.<\/li>\n<li>La naturaleza modular permite personalizable construcciones de marco para tratar una variedad de condiciones ortop\u00e9dicas con menos componentes.<\/li>\n<li>Ligero (anillo hecho de aluminio).<\/li>\n<li>Premontado bisagras, distractores angulares y otros componentes funcionales que son f\u00e1ciles de conectar, alinear y operar.<\/li>\n<li>Bisagras y angulares distractores preservar su alineaci\u00f3n incluso cuando desconectado temporalmente durante osteotom\u00eda, manipulaci\u00f3n del marco o cambio de componentes.<\/li>\n<\/ul>\n<p><strong><u>Indicaciones:<\/u><\/strong><\/p>\n<ul>\n<li>Alargamiento de extremidades por metafisario o distracciones epifisarias, fijaci\u00f3n de fracturas abiertas y cerradas<\/li>\n<li>Tratamiento de no uniones o pseudoartrosis de huesos largos<\/li>\n<li>Correcci\u00f3n de defectos o deformidades de huesos o tejidos blandos<\/li>\n<\/ul>\n<p><strong>Juego de instrumentos:<\/strong><\/p>\n<ul>\n<li>Instrumental de fijador externo redondo<\/li>\n<\/ul>\n","protected":false},"excerpt":{"rendered":"<p>El El dise\u00f1o del sistema de fijaci\u00f3n exterior redondo es estable, vers\u00e1til y sencillo, y ser utilizado para el alargamiento de extremidades por metafisario o distracciones epifisarias, fijaci\u00f3n de fracturas abiertas y cerradas, tratamiento de pseudoartrosis o pseudoartrosis de huesos largos as\u00ed como correcci\u00f3n de defectos o deformidades \u00f3seas o de tejidos blandos, etc.<\/p>\n","protected":false},"featured_media":5941,"comment_status":"open","ping_status":"closed","template":"","meta":[],"product_brand":[],"product_cat":[56],"product_tag":[110],"class_list":{"0":"post-5940","1":"product","2":"type-product","3":"status-publish","4":"has-post-thumbnail","6":"product_cat-ortopedia","7":"product_tag-fijador-externo","9":"first","10":"instock","11":"shipping-taxable","12":"product-type-simple"},"_links":{"self":[{"href":"https:\/\/yimamedical.com\/productos\/wp-json\/wp\/v2\/product\/5940","targetHints":{"allow":["GET"]}}],"collection":[{"href":"https:\/\/yimamedical.com\/productos\/wp-json\/wp\/v2\/product"}],"about":[{"href":"https:\/\/yimamedical.com\/productos\/wp-json\/wp\/v2\/types\/product"}],"replies":[{"embeddable":true,"href":"https:\/\/yimamedical.com\/productos\/wp-json\/wp\/v2\/comments?post=5940"}],"wp:featuredmedia":[{"embeddable":true,"href":"https:\/\/yimamedical.com\/productos\/wp-json\/wp\/v2\/media\/5941"}],"wp:attachment":[{"href":"https:\/\/yimamedical.com\/productos\/wp-json\/wp\/v2\/media?parent=5940"}],"wp:term":[{"taxonomy":"product_brand","embeddable":true,"href":"https:\/\/yimamedical.com\/productos\/wp-json\/wp\/v2\/product_brand?post=5940"},{"taxonomy":"product_cat","embeddable":true,"href":"https:\/\/yimamedical.com\/productos\/wp-json\/wp\/v2\/product_cat?post=5940"},{"taxonomy":"product_tag","embeddable":true,"href":"https:\/\/yimamedical.com\/productos\/wp-json\/wp\/v2\/product_tag?post=5940"}],"curies":[{"name":"wp","href":"https:\/\/api.w.org\/{rel}","templated":true}]}}