{"id":5944,"date":"2025-07-09T23:09:56","date_gmt":"2025-07-09T23:09:56","guid":{"rendered":"https:\/\/yimamedical.com\/productos\/?post_type=product&#038;p=5944"},"modified":"2025-09-22T18:10:29","modified_gmt":"2025-09-22T18:10:29","slug":"externo-fijador-para-el-codo","status":"publish","type":"product","link":"https:\/\/yimamedical.com\/productos\/product\/externo-fijador-para-el-codo\/","title":{"rendered":"Externo Fijador para el codo"},"content":{"rendered":"<p><u><strong>Caracter\u00edsticas:<\/strong><\/u><\/p>\n<ul>\n<li>Estructura de bisagra para un f\u00e1cil montaje y ajuste a la anatom\u00eda.<\/li>\n<li>Sobrearticulaci\u00f3n fijaci\u00f3n externa, ayuda al movimiento articular temprano.<\/li>\n<li>La rotaci\u00f3n del antebrazo no se ve afectada.<\/li>\n<li>Ajustar finamente la tuerca para abrir el espacio de la articulaci\u00f3n.<\/li>\n<li>El pinza de sujeci\u00f3n con El \u00e1ngulo variable se puede utilizar para la inserci\u00f3n en la direcci\u00f3n libre.<\/li>\n<\/ul>\n<p><u><strong>Indicaciones:<\/strong><\/u><\/p>\n<ul>\n<li>Fracturas abiertas de codo<\/li>\n<li>Anquilosis del codo<\/li>\n<li>Conminuta intraarticular fracturas<\/li>\n<li>Peri-codo fracturas de articulaciones<\/li>\n<li>Fracturas o dislocaciones de las posiciones mencionadas con inestabilidad del ligamento\n<div><\/div>\n<\/li>\n<\/ul>\n<p><strong><u>Juego de instrumentos:<\/u><\/strong><\/p>\n<ul>\n<li>Instrumental del sistema de fijaci\u00f3n externa universal<\/li>\n<\/ul>\n","protected":false},"excerpt":{"rendered":"<p>El dise\u00f1o de exterior Fijador para codo tiene estructura de bisagra para un f\u00e1cil montaje y ajuste a la anatom\u00eda, sobrearticulaci\u00f3n fijaci\u00f3n externa para un ajuste fino de la tuerca y la abrazadera del pasador con \u00e1ngulo variable. mientras tanto, podr\u00eda ser utilizado para fracturas abiertas de codo, anquilosis de codo, conminuta intraarticular fracturas, peri-codo fracturas articulares as\u00ed como fracturas o luxaciones de las posiciones mencionadas con ligamento inestabilidad.<\/p>\n","protected":false},"featured_media":5945,"comment_status":"open","ping_status":"closed","template":"","meta":[],"product_brand":[],"product_cat":[56],"product_tag":[110],"class_list":{"0":"post-5944","1":"product","2":"type-product","3":"status-publish","4":"has-post-thumbnail","6":"product_cat-ortopedia","7":"product_tag-fijador-externo","9":"first","10":"instock","11":"shipping-taxable","12":"product-type-simple"},"_links":{"self":[{"href":"https:\/\/yimamedical.com\/productos\/wp-json\/wp\/v2\/product\/5944","targetHints":{"allow":["GET"]}}],"collection":[{"href":"https:\/\/yimamedical.com\/productos\/wp-json\/wp\/v2\/product"}],"about":[{"href":"https:\/\/yimamedical.com\/productos\/wp-json\/wp\/v2\/types\/product"}],"replies":[{"embeddable":true,"href":"https:\/\/yimamedical.com\/productos\/wp-json\/wp\/v2\/comments?post=5944"}],"wp:featuredmedia":[{"embeddable":true,"href":"https:\/\/yimamedical.com\/productos\/wp-json\/wp\/v2\/media\/5945"}],"wp:attachment":[{"href":"https:\/\/yimamedical.com\/productos\/wp-json\/wp\/v2\/media?parent=5944"}],"wp:term":[{"taxonomy":"product_brand","embeddable":true,"href":"https:\/\/yimamedical.com\/productos\/wp-json\/wp\/v2\/product_brand?post=5944"},{"taxonomy":"product_cat","embeddable":true,"href":"https:\/\/yimamedical.com\/productos\/wp-json\/wp\/v2\/product_cat?post=5944"},{"taxonomy":"product_tag","embeddable":true,"href":"https:\/\/yimamedical.com\/productos\/wp-json\/wp\/v2\/product_tag?post=5944"}],"curies":[{"name":"wp","href":"https:\/\/api.w.org\/{rel}","templated":true}]}}