{"id":5947,"date":"2025-07-09T23:15:04","date_gmt":"2025-07-09T23:15:04","guid":{"rendered":"https:\/\/yimamedical.com\/productos\/?post_type=product&#038;p=5947"},"modified":"2025-09-22T18:09:29","modified_gmt":"2025-09-22T18:09:29","slug":"externo-fijador-para-pelvis","status":"publish","type":"product","link":"https:\/\/yimamedical.com\/productos\/product\/externo-fijador-para-pelvis\/","title":{"rendered":"Externo Fijador para pelvis"},"content":{"rendered":"<p><u><strong>Caracter\u00edsticas:<\/strong><\/u><\/p>\n<ul>\n<li>menos da\u00f1os, f\u00e1cil operaci\u00f3n, fijaci\u00f3n confiable.<\/li>\n<li>Ajustable.<\/li>\n<li>menos complicaciones.<\/li>\n<li>se puede realizar en la sala de emergencias o en el quir\u00f3fano.<\/li>\n<li>Puede reducir eficazmente el volumen de la pelvis para controlar el sangrado, lo cual es beneficioso para el diagn\u00f3stico y tratamiento posteriores.<\/li>\n<li>se puede utilizar como tratamiento final o como fijaci\u00f3n temporal.se realizar\u00e1 un tratamiento adicional del hueso, como la fijaci\u00f3n interna, despu\u00e9s de que la condici\u00f3n sea estable.<\/li>\n<\/ul>\n<p><u><strong>Indicaciones:<\/strong><\/u><\/p>\n<ul>\n<li>Fractura p\u00e9lvica<\/li>\n<\/ul>\n<p><strong><u>instrumento Conjunto:<\/u><\/strong><\/p>\n<ul>\n<li>juego de instrumentos para sistema de fijaci\u00f3n externa universal<\/li>\n<\/ul>\n","protected":false},"excerpt":{"rendered":"<p>El dise\u00f1o de externo Fijador para pelvis est\u00e1 menos da\u00f1ada, f\u00e1cil de operar, ajustable.Mientras tanto, se puede realizar en la sala de emergencias o quir\u00f3fano, reducir efectivamente el volumen de la pelvis para controlar el sangrado, lo cual es beneficioso para el diagn\u00f3stico y tratamiento posteriores, y se puede utilizar como tratamiento final o temporal fijaci\u00f3n.El sistema se utiliza para fracturas p\u00e9lvicas.<\/p>\n","protected":false},"featured_media":5948,"comment_status":"open","ping_status":"closed","template":"","meta":[],"product_brand":[],"product_cat":[56],"product_tag":[110],"class_list":{"0":"post-5947","1":"product","2":"type-product","3":"status-publish","4":"has-post-thumbnail","6":"product_cat-ortopedia","7":"product_tag-fijador-externo","9":"first","10":"instock","11":"shipping-taxable","12":"product-type-simple"},"_links":{"self":[{"href":"https:\/\/yimamedical.com\/productos\/wp-json\/wp\/v2\/product\/5947","targetHints":{"allow":["GET"]}}],"collection":[{"href":"https:\/\/yimamedical.com\/productos\/wp-json\/wp\/v2\/product"}],"about":[{"href":"https:\/\/yimamedical.com\/productos\/wp-json\/wp\/v2\/types\/product"}],"replies":[{"embeddable":true,"href":"https:\/\/yimamedical.com\/productos\/wp-json\/wp\/v2\/comments?post=5947"}],"wp:featuredmedia":[{"embeddable":true,"href":"https:\/\/yimamedical.com\/productos\/wp-json\/wp\/v2\/media\/5948"}],"wp:attachment":[{"href":"https:\/\/yimamedical.com\/productos\/wp-json\/wp\/v2\/media?parent=5947"}],"wp:term":[{"taxonomy":"product_brand","embeddable":true,"href":"https:\/\/yimamedical.com\/productos\/wp-json\/wp\/v2\/product_brand?post=5947"},{"taxonomy":"product_cat","embeddable":true,"href":"https:\/\/yimamedical.com\/productos\/wp-json\/wp\/v2\/product_cat?post=5947"},{"taxonomy":"product_tag","embeddable":true,"href":"https:\/\/yimamedical.com\/productos\/wp-json\/wp\/v2\/product_tag?post=5947"}],"curies":[{"name":"wp","href":"https:\/\/api.w.org\/{rel}","templated":true}]}}