{"id":5953,"date":"2025-07-09T23:21:50","date_gmt":"2025-07-09T23:21:50","guid":{"rendered":"https:\/\/yimamedical.com\/productos\/?post_type=product&#038;p=5953"},"modified":"2025-09-22T18:06:59","modified_gmt":"2025-09-22T18:06:59","slug":"mini-fijadora-externa","status":"publish","type":"product","link":"https:\/\/yimamedical.com\/productos\/product\/mini-fijadora-externa\/","title":{"rendered":"Mini fijadora externa"},"content":{"rendered":"<p><strong><u>Caracteristicas:<\/u><\/strong><\/p>\n<ul>\n<li>La estructura liviana y plana aumenta la comodidad y el cumplimiento del paciente.<\/li>\n<li>F\u00e1cil de alargar y corregir deformidades.<\/li>\n<li>Herramientas de operaci\u00f3n simple.<\/li>\n<li>Primero haga la reducci\u00f3n, inserte los tornillos para huesos y luego monte el fijador externo.<\/li>\n<\/ul>\n<p><strong><u>Indicaci\u00f3n:<\/u><\/strong><\/p>\n<ul>\n<li>Fracturas de dedos y metacarpianos<\/li>\n<\/ul>\n<p><strong><u>Empulgueras:<\/u><\/strong><\/p>\n<ul>\n<li>Tornillo para hueso de cortical de 2,5 mm \uff29<\/li>\n<li>Tornillo para hueso de cortical de 2,5 mm \u2161<\/li>\n<\/ul>\n<p><strong><u>Juego de instrumentos:<\/u><\/strong><\/p>\n<ul>\n<li>Juego de instrumentos de mini fijador externo<\/li>\n<\/ul>\n","protected":false},"excerpt":{"rendered":"<p>El mini fijador externo se puede utilizar en fracturas de dedos y metacarpianos.El dise\u00f1o del fijador externo tiene una estructura liviana y plana que aumenta la comodidad y el cumplimiento del paciente, tambi\u00e9n es f\u00e1cil para el alargamiento y la correcci\u00f3n de la deformidad, herramientas de operaci\u00f3n simples.<\/p>\n","protected":false},"featured_media":5954,"comment_status":"open","ping_status":"closed","template":"","meta":[],"product_brand":[],"product_cat":[56],"product_tag":[110],"class_list":{"0":"post-5953","1":"product","2":"type-product","3":"status-publish","4":"has-post-thumbnail","6":"product_cat-ortopedia","7":"product_tag-fijador-externo","9":"first","10":"instock","11":"shipping-taxable","12":"product-type-simple"},"_links":{"self":[{"href":"https:\/\/yimamedical.com\/productos\/wp-json\/wp\/v2\/product\/5953","targetHints":{"allow":["GET"]}}],"collection":[{"href":"https:\/\/yimamedical.com\/productos\/wp-json\/wp\/v2\/product"}],"about":[{"href":"https:\/\/yimamedical.com\/productos\/wp-json\/wp\/v2\/types\/product"}],"replies":[{"embeddable":true,"href":"https:\/\/yimamedical.com\/productos\/wp-json\/wp\/v2\/comments?post=5953"}],"wp:featuredmedia":[{"embeddable":true,"href":"https:\/\/yimamedical.com\/productos\/wp-json\/wp\/v2\/media\/5954"}],"wp:attachment":[{"href":"https:\/\/yimamedical.com\/productos\/wp-json\/wp\/v2\/media?parent=5953"}],"wp:term":[{"taxonomy":"product_brand","embeddable":true,"href":"https:\/\/yimamedical.com\/productos\/wp-json\/wp\/v2\/product_brand?post=5953"},{"taxonomy":"product_cat","embeddable":true,"href":"https:\/\/yimamedical.com\/productos\/wp-json\/wp\/v2\/product_cat?post=5953"},{"taxonomy":"product_tag","embeddable":true,"href":"https:\/\/yimamedical.com\/productos\/wp-json\/wp\/v2\/product_tag?post=5953"}],"curies":[{"name":"wp","href":"https:\/\/api.w.org\/{rel}","templated":true}]}}