{"id":5961,"date":"2025-07-09T23:31:07","date_gmt":"2025-07-09T23:31:07","guid":{"rendered":"https:\/\/yimamedical.com\/productos\/?post_type=product&#038;p=5961"},"modified":"2025-09-22T18:04:06","modified_gmt":"2025-09-22T18:04:06","slug":"fijador-externo-para-muneca-y-antebrazo","status":"publish","type":"product","link":"https:\/\/yimamedical.com\/productos\/product\/fijador-externo-para-muneca-y-antebrazo\/","title":{"rendered":"Fijador externo para mu\u00f1eca y antebrazo"},"content":{"rendered":"<p><img decoding=\"async\" src=\"https:\/\/es.doublemedicalgp.com\/js\/htmledit\/kindeditor\/attached\/20210120\/20210120084357_75845.png\" alt=\"\" \/><\/p>\n<p><u><strong>Indicaciones:<\/strong><\/u><\/p>\n<ul>\n<li>El juego deslizante permite distracci\u00f3n o compresi\u00f3n.<\/li>\n<li>El contacto dentado garantiza seguridad y estabilidad al girar la abrazadera.<\/li>\n<li>La abrazadera se puede girar 360 \u00b0 a lo largo.<\/li>\n<li>La r\u00f3tula puede girar hasta 60 \u00b0.<\/li>\n<li>El dise\u00f1o liviano permite una excelente biomec\u00e1nica y es conveniente para que los pacientes se muevan.<\/li>\n<li>El perno de bloqueo superior ayuda a ajustar m\u00e1s f\u00e1cilmente la posici\u00f3n del tornillo para huesos.<\/li>\n<\/ul>\n<p><u><strong>Caracter\u00edstica:<\/strong><\/u><\/p>\n<ul>\n<li>Fracturas de radio distal<\/li>\n<\/ul>\n<p><u><strong>Empulgueras:<\/strong><\/u><\/p>\n<ul>\n<li>Tornillo para hueso de cortical de 4.0 mm<\/li>\n<li>Tornillo de esponjosa de 4,0 mm<\/li>\n<\/ul>\n<p><strong><u>Juego de instrumentos:<\/u><\/strong><\/p>\n<ul>\n<li>Fijador externo para instrumental de mu\u00f1eca y antebrazo<\/li>\n<\/ul>\n","protected":false},"excerpt":{"rendered":"<p>El sistema de fijador externo para mu\u00f1eca y antebrazo tiene juego deslizante, abrazadera, r\u00f3tula, dise\u00f1o liviano, perno de bloqueo superior.Mientras tanto, se puede utilizar para reparar fracturas del radio distal.<\/p>\n","protected":false},"featured_media":5962,"comment_status":"open","ping_status":"closed","template":"","meta":[],"product_brand":[],"product_cat":[56],"product_tag":[110],"class_list":{"0":"post-5961","1":"product","2":"type-product","3":"status-publish","4":"has-post-thumbnail","6":"product_cat-ortopedia","7":"product_tag-fijador-externo","9":"first","10":"instock","11":"shipping-taxable","12":"product-type-simple"},"_links":{"self":[{"href":"https:\/\/yimamedical.com\/productos\/wp-json\/wp\/v2\/product\/5961","targetHints":{"allow":["GET"]}}],"collection":[{"href":"https:\/\/yimamedical.com\/productos\/wp-json\/wp\/v2\/product"}],"about":[{"href":"https:\/\/yimamedical.com\/productos\/wp-json\/wp\/v2\/types\/product"}],"replies":[{"embeddable":true,"href":"https:\/\/yimamedical.com\/productos\/wp-json\/wp\/v2\/comments?post=5961"}],"wp:featuredmedia":[{"embeddable":true,"href":"https:\/\/yimamedical.com\/productos\/wp-json\/wp\/v2\/media\/5962"}],"wp:attachment":[{"href":"https:\/\/yimamedical.com\/productos\/wp-json\/wp\/v2\/media?parent=5961"}],"wp:term":[{"taxonomy":"product_brand","embeddable":true,"href":"https:\/\/yimamedical.com\/productos\/wp-json\/wp\/v2\/product_brand?post=5961"},{"taxonomy":"product_cat","embeddable":true,"href":"https:\/\/yimamedical.com\/productos\/wp-json\/wp\/v2\/product_cat?post=5961"},{"taxonomy":"product_tag","embeddable":true,"href":"https:\/\/yimamedical.com\/productos\/wp-json\/wp\/v2\/product_tag?post=5961"}],"curies":[{"name":"wp","href":"https:\/\/api.w.org\/{rel}","templated":true}]}}