{"id":5966,"date":"2025-07-09T23:35:03","date_gmt":"2025-07-09T23:35:03","guid":{"rendered":"https:\/\/yimamedical.com\/productos\/?post_type=product&#038;p=5966"},"modified":"2025-09-22T18:03:07","modified_gmt":"2025-09-22T18:03:07","slug":"fijador-externo-para-calcaneus","status":"publish","type":"product","link":"https:\/\/yimamedical.com\/productos\/product\/fijador-externo-para-calcaneus\/","title":{"rendered":"Fijador externo para calcaneus"},"content":{"rendered":"<p><strong><u>Caracter\u00edsticas:<\/u><\/strong><\/p>\n<ul>\n<li>F\u00e1cil de ser utilizado por la extremidad lateral izquierda y derecha<\/li>\n<li>La abrazadera PIN se puede usar para hacer la compresi\u00f3n y la distracci\u00f3n, a fin de restaurar la longitud y la altura del hueso.<\/li>\n<\/ul>\n<p><strong><u>Indicaciones:<\/u><\/strong><\/p>\n<ul>\n<li>Fracturas calc\u00e1nales<\/li>\n<\/ul>\n<p><strong><u>Tornillo:<\/u><\/strong><\/p>\n<ul>\n<li>Tornillo de hueso de 3.0mm Calcaneus<\/li>\n<\/ul>\n<p><strong><u>Conjunto de instrumentos:<\/u><\/strong><\/p>\n<ul>\n<li>Conjunto de instrumentos de sistema de fijaci\u00f3n externa universal<\/li>\n<\/ul>\n","protected":false},"excerpt":{"rendered":"<p>El dise\u00f1o del fijador externo para el calc\u00e1neo es f\u00e1cil de usar tanto por la extremidad lateral izquierda como la derecha, y la abrazadera del pasador se puede usar para hacer la compresi\u00f3n y la distracci\u00f3n, a fin de restaurar la longitud y la altura del hueso.Mientras tanto, el\u00a0El fijador externo se puede utilizar en\u00a0Fracturas calc\u00e1nales.<\/p>\n","protected":false},"featured_media":5967,"comment_status":"open","ping_status":"closed","template":"","meta":[],"product_brand":[],"product_cat":[56],"product_tag":[110],"class_list":{"0":"post-5966","1":"product","2":"type-product","3":"status-publish","4":"has-post-thumbnail","6":"product_cat-ortopedia","7":"product_tag-fijador-externo","9":"first","10":"instock","11":"shipping-taxable","12":"product-type-simple"},"_links":{"self":[{"href":"https:\/\/yimamedical.com\/productos\/wp-json\/wp\/v2\/product\/5966","targetHints":{"allow":["GET"]}}],"collection":[{"href":"https:\/\/yimamedical.com\/productos\/wp-json\/wp\/v2\/product"}],"about":[{"href":"https:\/\/yimamedical.com\/productos\/wp-json\/wp\/v2\/types\/product"}],"replies":[{"embeddable":true,"href":"https:\/\/yimamedical.com\/productos\/wp-json\/wp\/v2\/comments?post=5966"}],"wp:featuredmedia":[{"embeddable":true,"href":"https:\/\/yimamedical.com\/productos\/wp-json\/wp\/v2\/media\/5967"}],"wp:attachment":[{"href":"https:\/\/yimamedical.com\/productos\/wp-json\/wp\/v2\/media?parent=5966"}],"wp:term":[{"taxonomy":"product_brand","embeddable":true,"href":"https:\/\/yimamedical.com\/productos\/wp-json\/wp\/v2\/product_brand?post=5966"},{"taxonomy":"product_cat","embeddable":true,"href":"https:\/\/yimamedical.com\/productos\/wp-json\/wp\/v2\/product_cat?post=5966"},{"taxonomy":"product_tag","embeddable":true,"href":"https:\/\/yimamedical.com\/productos\/wp-json\/wp\/v2\/product_tag?post=5966"}],"curies":[{"name":"wp","href":"https:\/\/api.w.org\/{rel}","templated":true}]}}