{"id":5970,"date":"2025-07-14T18:29:32","date_gmt":"2025-07-14T18:29:32","guid":{"rendered":"https:\/\/yimamedical.com\/productos\/?post_type=product&#038;p=5970"},"modified":"2025-09-22T18:01:56","modified_gmt":"2025-09-22T18:01:56","slug":"fijador-externo-de-transporte-horizontal","status":"publish","type":"product","link":"https:\/\/yimamedical.com\/productos\/product\/fijador-externo-de-transporte-horizontal\/","title":{"rendered":"Fijador externo de transporte horizontal"},"content":{"rendered":"<p><strong><u>Caracter\u00edsticas:<\/u><\/strong><\/p>\n<ul>\n<li>F\u00e1cil de operar<\/li>\n<li>Ligero para mejorar la comodidad del paciente.<\/li>\n<li>M\u00faltiples pinzas PIN para m\u00e1s opciones cl\u00ednicas<\/li>\n<li>La marca de calibraci\u00f3n en el regulador es conveniente para que los pacientes operen despu\u00e9s de la operaci\u00f3n.<\/li>\n<li>El perno de bloqueo en el regulador est\u00e1 dise\u00f1ado para mejorar la estabilidad general<\/li>\n<li>Reducir la amputaci\u00f3n y mejorar la calidad de vida de los pacientes.<\/li>\n<\/ul>\n<p><strong><u>Indicaciones:<\/u><\/strong><\/p>\n<ul>\n<li>Tromboangiitis obliterana (TAO)<\/li>\n<li>Arteriosclerosis obliterana (ASO)<\/li>\n<li>Lesiones isqu\u00e9micas diabet\u00f3genas de extremidades inferiores (pie diab\u00e9tico)<\/li>\n<\/ul>\n<p><strong><u>Empulgueras:<\/u><\/strong><\/p>\n<ul>\n<li>Tornillo de hueso de la corteza de 3.0 mm<\/li>\n<li>Tornillo de hueso de la corteza de 4.0mm<\/li>\n<li>Tornillo de hueso de la corteza de 5.0 mm<\/li>\n<\/ul>\n<p><strong><u>Conjunto de instrumentos:<\/u><\/strong><\/p>\n<ul>\n<li>Conjunto de instrumentos de sistema de fijaci\u00f3n externa universal<\/li>\n<\/ul>\n","protected":false},"excerpt":{"rendered":"<h1><\/h1>\n<div class=\"main\">El dise\u00f1o de un fijador externo de transporte horizontal es f\u00e1cil de operar, liviano para mejorar la comodidad del paciente, las abrazaderas de m\u00faltiples pines para una opci\u00f3n m\u00e1s cl\u00ednica.Mientras tanto, el transporte externo de transporte horizontal se puede usar en tromboangitis obliterantes (TAO), arteriosclerosis obliterantes (ASO), lesiones isqu\u00e9micas diabet\u00f3genas de extremidades inferiores (pie diab\u00e9tico).<\/div>\n","protected":false},"featured_media":5971,"comment_status":"open","ping_status":"closed","template":"","meta":[],"product_brand":[],"product_cat":[56],"product_tag":[110],"class_list":{"0":"post-5970","1":"product","2":"type-product","3":"status-publish","4":"has-post-thumbnail","6":"product_cat-ortopedia","7":"product_tag-fijador-externo","9":"first","10":"instock","11":"shipping-taxable","12":"product-type-simple"},"_links":{"self":[{"href":"https:\/\/yimamedical.com\/productos\/wp-json\/wp\/v2\/product\/5970","targetHints":{"allow":["GET"]}}],"collection":[{"href":"https:\/\/yimamedical.com\/productos\/wp-json\/wp\/v2\/product"}],"about":[{"href":"https:\/\/yimamedical.com\/productos\/wp-json\/wp\/v2\/types\/product"}],"replies":[{"embeddable":true,"href":"https:\/\/yimamedical.com\/productos\/wp-json\/wp\/v2\/comments?post=5970"}],"wp:featuredmedia":[{"embeddable":true,"href":"https:\/\/yimamedical.com\/productos\/wp-json\/wp\/v2\/media\/5971"}],"wp:attachment":[{"href":"https:\/\/yimamedical.com\/productos\/wp-json\/wp\/v2\/media?parent=5970"}],"wp:term":[{"taxonomy":"product_brand","embeddable":true,"href":"https:\/\/yimamedical.com\/productos\/wp-json\/wp\/v2\/product_brand?post=5970"},{"taxonomy":"product_cat","embeddable":true,"href":"https:\/\/yimamedical.com\/productos\/wp-json\/wp\/v2\/product_cat?post=5970"},{"taxonomy":"product_tag","embeddable":true,"href":"https:\/\/yimamedical.com\/productos\/wp-json\/wp\/v2\/product_tag?post=5970"}],"curies":[{"name":"wp","href":"https:\/\/api.w.org\/{rel}","templated":true}]}}