{"id":5977,"date":"2025-07-14T18:37:00","date_gmt":"2025-07-14T18:37:00","guid":{"rendered":"https:\/\/yimamedical.com\/productos\/?post_type=product&#038;p=5977"},"modified":"2025-09-22T18:00:59","modified_gmt":"2025-09-22T18:00:59","slug":"sistema-de-varilla-modular-de-fijacion-externa","status":"publish","type":"product","link":"https:\/\/yimamedical.com\/productos\/product\/sistema-de-varilla-modular-de-fijacion-externa\/","title":{"rendered":"sistema de varilla modular de fijaci\u00f3n externa"},"content":{"rendered":"<p><img decoding=\"async\" src=\"https:\/\/es.doublemedicalgp.com\/js\/htmledit\/kindeditor\/attached\/20201125\/20201125092211_94848.png\" alt=\"\" \/><\/p>\n<p><strong><u>Caracter\u00edsticas:<\/u><\/strong><\/p>\n<ul>\n<li><span class=\"VIiyi\" lang=\"en\">permite el desplazamiento, la rotaci\u00f3n, el \u00e1ngulo y la alineaci\u00f3n axial<\/span>.<\/li>\n<li>colocaci\u00f3n independiente completa del pasador.<\/li>\n<li>estructura estable edificio.<\/li>\n<li>Codificado por colores componentes e instrumentos de alta calidad.<\/li>\n<\/ul>\n<p><u><strong>Indicaciones:<\/strong><\/u><\/p>\n<ul>\n<li>Inmovilizaci\u00f3n inicial r\u00e1pida de lesiones y fracturas de tejidos blandos en pacientes con lesiones graves<\/li>\n<li>Periarticular fracturas<\/li>\n<li>fracturas conminutas graves<\/li>\n<li>reducci\u00f3n y extensi\u00f3n ortop\u00e9dica<\/li>\n<li>ciertas lesiones en el anillo p\u00e9lvico y fracturas seleccionadas en ni\u00f1os<\/li>\n<li>No sindicatos del h\u00famero, tibia, f\u00e9mur y otros huesos, infecci\u00f3n por traumatismo despu\u00e9s de las medidas de tratamiento<\/li>\n<\/ul>\n<p><strong><u>instrumento Conjunto:<\/u><\/strong><\/p>\n<ul>\n<li>peque\u00f1o conjunto de instrumentos de sistema de varilla modular de fijaci\u00f3n externa<\/li>\n<li>gran juego de instrumentos de sistema de varilla modular de fijaci\u00f3n externa<\/li>\n<\/ul>\n","protected":false},"excerpt":{"rendered":"<p><span class=\"JLqJ4b ChMk0b\" data-language-for-alternatives=\"en\" data-language-to-translate-into=\"auto\" data-phrase-index=\"0\">El dise\u00f1o del sistema de varilla modular fija externa tiene diferentes abrazaderas para la selecci\u00f3n cl\u00ednica, abrazaderas de clavija, pin-to-rod conexiones, tornillos de cortical, tornillos de esponjosa y varillas de fibra de carbono.<\/span><span class=\"JLqJ4b ChMk0b\" data-language-for-alternatives=\"en\" data-language-to-translate-into=\"auto\" data-phrase-index=\"1\">\u00a0al mismo tiempo, se puede utilizar para una r\u00e1pida fijaci\u00f3n inicial periarticular fracturas, fracturas conminutas severas, reducci\u00f3n y reducci\u00f3n ortop\u00e9dica, ciertas lesiones del anillo p\u00e9lvico y ciertas fracturas de ni\u00f1os, as\u00ed como de h\u00famero, tibia,<\/span><span class=\"JLqJ4b ChMk0b\" data-language-for-alternatives=\"en\" data-language-to-translate-into=\"auto\" data-phrase-index=\"2\">\u00a0medidas de tratamiento para la pseudoartrosis del f\u00e9mur y otros huesos y traumatismos infecci\u00f3n.<\/span><\/p>\n","protected":false},"featured_media":5978,"comment_status":"open","ping_status":"closed","template":"","meta":[],"product_brand":[],"product_cat":[56],"product_tag":[110],"class_list":{"0":"post-5977","1":"product","2":"type-product","3":"status-publish","4":"has-post-thumbnail","6":"product_cat-ortopedia","7":"product_tag-fijador-externo","9":"first","10":"instock","11":"shipping-taxable","12":"product-type-simple"},"_links":{"self":[{"href":"https:\/\/yimamedical.com\/productos\/wp-json\/wp\/v2\/product\/5977","targetHints":{"allow":["GET"]}}],"collection":[{"href":"https:\/\/yimamedical.com\/productos\/wp-json\/wp\/v2\/product"}],"about":[{"href":"https:\/\/yimamedical.com\/productos\/wp-json\/wp\/v2\/types\/product"}],"replies":[{"embeddable":true,"href":"https:\/\/yimamedical.com\/productos\/wp-json\/wp\/v2\/comments?post=5977"}],"wp:featuredmedia":[{"embeddable":true,"href":"https:\/\/yimamedical.com\/productos\/wp-json\/wp\/v2\/media\/5978"}],"wp:attachment":[{"href":"https:\/\/yimamedical.com\/productos\/wp-json\/wp\/v2\/media?parent=5977"}],"wp:term":[{"taxonomy":"product_brand","embeddable":true,"href":"https:\/\/yimamedical.com\/productos\/wp-json\/wp\/v2\/product_brand?post=5977"},{"taxonomy":"product_cat","embeddable":true,"href":"https:\/\/yimamedical.com\/productos\/wp-json\/wp\/v2\/product_cat?post=5977"},{"taxonomy":"product_tag","embeddable":true,"href":"https:\/\/yimamedical.com\/productos\/wp-json\/wp\/v2\/product_tag?post=5977"}],"curies":[{"name":"wp","href":"https:\/\/api.w.org\/{rel}","templated":true}]}}