{"id":5984,"date":"2025-07-14T18:40:50","date_gmt":"2025-07-14T18:40:50","guid":{"rendered":"https:\/\/yimamedical.com\/productos\/?post_type=product&#038;p=5984"},"modified":"2025-09-22T17:59:51","modified_gmt":"2025-09-22T17:59:51","slug":"reconstruccion-de-la-extremidad-y-sistema-de-alargamiento","status":"publish","type":"product","link":"https:\/\/yimamedical.com\/productos\/product\/reconstruccion-de-la-extremidad-y-sistema-de-alargamiento\/","title":{"rendered":"Reconstrucci\u00f3n de la extremidad y sistema de alargamiento."},"content":{"rendered":"<p><strong><u>Caracter\u00edsticas:<\/u><\/strong><\/p>\n<ul>\n<li>F\u00e1cil de instalar y llevar<\/li>\n<li>Dise\u00f1o anat\u00f3mico, aumenta la comodidad del paciente y el cumplimiento.<\/li>\n<li>Ligero: material de aleaci\u00f3n de aluminio con alta calidad.<\/li>\n<\/ul>\n<p><strong><u>Indicaciones:<\/u><\/strong><\/p>\n<ul>\n<li>Defecto \u00f3seo<\/li>\n<li>Discrepancia de longitud de la extremidad<\/li>\n<li>Fractura segmentaria<\/li>\n<li>Fracturas con defectos de tejidos blandos masivos.<\/li>\n<li>Discrepancia de longitud de la extremidad con deformidad de angulaci\u00f3n<\/li>\n<\/ul>\n<p><strong><u>Tornillo:<\/u><\/strong><\/p>\n<ul>\n<li>Tornillo de hueso c\u00f3nico de 6.0mm<\/li>\n<\/ul>\n<p><strong><u>Conjunto de instrumentos:<\/u><\/strong><\/p>\n<ul>\n<li>Conjunto de instrumentos del sistema de reconstrucci\u00f3n y alargamiento de la extremidad<\/li>\n<\/ul>\n","protected":false},"excerpt":{"rendered":"<p>El dise\u00f1o del sistema de reconstrucci\u00f3n y alargamiento de las extremidades es f\u00e1cil de instalar y transportar, y tiene un dise\u00f1o anat\u00f3mico para aumentar la comodidad y el cumplimiento del paciente.Mientras tanto, la reconstrucci\u00f3n de las extremidades y el sistema de alargamiento se pueden usar en defectos \u00f3seos, discrepancia de longitud de las extremidades, fractura segmentaria, fracturas con defectos de tejidos blandos masivos y discrepancia de longitud de extremidades con deformidad de angulaci\u00f3n,<\/p>\n","protected":false},"featured_media":5985,"comment_status":"open","ping_status":"closed","template":"","meta":[],"product_brand":[],"product_cat":[56],"product_tag":[110],"class_list":{"0":"post-5984","1":"product","2":"type-product","3":"status-publish","4":"has-post-thumbnail","6":"product_cat-ortopedia","7":"product_tag-fijador-externo","9":"first","10":"instock","11":"shipping-taxable","12":"product-type-simple"},"_links":{"self":[{"href":"https:\/\/yimamedical.com\/productos\/wp-json\/wp\/v2\/product\/5984","targetHints":{"allow":["GET"]}}],"collection":[{"href":"https:\/\/yimamedical.com\/productos\/wp-json\/wp\/v2\/product"}],"about":[{"href":"https:\/\/yimamedical.com\/productos\/wp-json\/wp\/v2\/types\/product"}],"replies":[{"embeddable":true,"href":"https:\/\/yimamedical.com\/productos\/wp-json\/wp\/v2\/comments?post=5984"}],"wp:featuredmedia":[{"embeddable":true,"href":"https:\/\/yimamedical.com\/productos\/wp-json\/wp\/v2\/media\/5985"}],"wp:attachment":[{"href":"https:\/\/yimamedical.com\/productos\/wp-json\/wp\/v2\/media?parent=5984"}],"wp:term":[{"taxonomy":"product_brand","embeddable":true,"href":"https:\/\/yimamedical.com\/productos\/wp-json\/wp\/v2\/product_brand?post=5984"},{"taxonomy":"product_cat","embeddable":true,"href":"https:\/\/yimamedical.com\/productos\/wp-json\/wp\/v2\/product_cat?post=5984"},{"taxonomy":"product_tag","embeddable":true,"href":"https:\/\/yimamedical.com\/productos\/wp-json\/wp\/v2\/product_tag?post=5984"}],"curies":[{"name":"wp","href":"https:\/\/api.w.org\/{rel}","templated":true}]}}