{"id":5992,"date":"2025-07-14T18:43:23","date_gmt":"2025-07-14T18:43:23","guid":{"rendered":"https:\/\/yimamedical.com\/productos\/?post_type=product&#038;p=5992"},"modified":"2025-09-22T17:58:53","modified_gmt":"2025-09-22T17:58:53","slug":"3d-asistido-por-computadora-externo-fijador","status":"publish","type":"product","link":"https:\/\/yimamedical.com\/productos\/product\/3d-asistido-por-computadora-externo-fijador\/","title":{"rendered":"3D Asistido por computadora externo Fijador"},"content":{"rendered":"<p><strong><u>Caracter\u00edsticas:<\/u><\/strong><\/p>\n<ul>\n<li>6 anillos numerados de diferentes colores para 6 ejes de soporte, de f\u00e1cil ajuste.<\/li>\n<li>especial fiaci\u00f3n agujeros para eje de soporte, f\u00e1cil de montar el fijador y reducir el tiempo de operaci\u00f3n.<\/li>\n<li>traje para corregir deformidades postraum\u00e1ticas y cong\u00e9nitas.<\/li>\n<li>anillos con diferentes di\u00e1metros satisfacen dfferent demandas de pacientes<\/li>\n<li>a trav\u00e9s de un software inform\u00e1tico, se puede simular y preconstruir cualquier deformidad, que puede tratar y corregir una variedad de fracturas y deformidades simples o complejas.<\/li>\n<\/ul>\n<p><strong><u>Indicaciones:<\/u><\/strong><\/p>\n<ul>\n<li>fractura compleja<\/li>\n<li>correcci\u00f3n de deformidad<\/li>\n<li>transporte y alargamiento \u00f3seo<\/li>\n<li>artrodesis\n<div><\/div>\n<\/li>\n<\/ul>\n<p><strong><u>instrumento Juego:<\/u><\/strong><\/p>\n<ul>\n<li>redondo externo Fijador conjunto de instrumentos<\/li>\n<\/ul>\n","protected":false},"excerpt":{"rendered":"<p>El dise\u00f1o de 3d Asistido por computadora externo Fijador dispone de 6 anillos numerados de diferentes colores para 6 ejes de soporte, especial fiaci\u00f3n agujeros para soporte eje. mediante software inform\u00e1tico, se puede simular y preconstruir cualquier deformidad. Mientras tanto, se puede utilizar para fracturas complejas, correcci\u00f3n de deformidades, transporte y alargamiento \u00f3seos, as\u00ed como artrodesis.<\/p>\n","protected":false},"featured_media":5993,"comment_status":"open","ping_status":"closed","template":"","meta":[],"product_brand":[],"product_cat":[56],"product_tag":[110],"class_list":{"0":"post-5992","1":"product","2":"type-product","3":"status-publish","4":"has-post-thumbnail","6":"product_cat-ortopedia","7":"product_tag-fijador-externo","9":"first","10":"instock","11":"shipping-taxable","12":"product-type-simple"},"_links":{"self":[{"href":"https:\/\/yimamedical.com\/productos\/wp-json\/wp\/v2\/product\/5992","targetHints":{"allow":["GET"]}}],"collection":[{"href":"https:\/\/yimamedical.com\/productos\/wp-json\/wp\/v2\/product"}],"about":[{"href":"https:\/\/yimamedical.com\/productos\/wp-json\/wp\/v2\/types\/product"}],"replies":[{"embeddable":true,"href":"https:\/\/yimamedical.com\/productos\/wp-json\/wp\/v2\/comments?post=5992"}],"wp:featuredmedia":[{"embeddable":true,"href":"https:\/\/yimamedical.com\/productos\/wp-json\/wp\/v2\/media\/5993"}],"wp:attachment":[{"href":"https:\/\/yimamedical.com\/productos\/wp-json\/wp\/v2\/media?parent=5992"}],"wp:term":[{"taxonomy":"product_brand","embeddable":true,"href":"https:\/\/yimamedical.com\/productos\/wp-json\/wp\/v2\/product_brand?post=5992"},{"taxonomy":"product_cat","embeddable":true,"href":"https:\/\/yimamedical.com\/productos\/wp-json\/wp\/v2\/product_cat?post=5992"},{"taxonomy":"product_tag","embeddable":true,"href":"https:\/\/yimamedical.com\/productos\/wp-json\/wp\/v2\/product_tag?post=5992"}],"curies":[{"name":"wp","href":"https:\/\/api.w.org\/{rel}","templated":true}]}}