{"id":6000,"date":"2025-07-14T18:48:24","date_gmt":"2025-07-14T18:48:24","guid":{"rendered":"https:\/\/yimamedical.com\/productos\/?post_type=product&#038;p=6000"},"modified":"2025-09-22T17:56:04","modified_gmt":"2025-09-22T17:56:04","slug":"fijador-externo-redondo-ilizarov","status":"publish","type":"product","link":"https:\/\/yimamedical.com\/productos\/product\/fijador-externo-redondo-ilizarov\/","title":{"rendered":"Fijador Externo Redondo Ilizarov"},"content":{"rendered":"<p><img decoding=\"async\" src=\"https:\/\/es.doublemedicalgp.com\/js\/htmledit\/kindeditor\/attached\/20200818\/20200818034257_31030.png\" alt=\"\" \/><\/p>\n<p>El tejido biol\u00f3gico se somete a una extensi\u00f3n lenta y continua para producir una cierta cantidad de tensi\u00f3n, que puede estimular la regeneraci\u00f3n y el crecimiento activo del tejido.<\/p>\n<p><u><strong>Bisagras pre &#8211; ensambladas, distractores angulares y otros componentes funcionales que son f\u00e1ciles de conectar, alinear y operar.<\/strong><\/u><\/p>\n<ul>\n<li>La naturaleza modular permite la construcci\u00f3n de marcos individuales; las bisagras proporcionan una combinaci\u00f3n libre para diversas deformidades.<\/li>\n<li><\/li>\n<li>Indicaciones:<\/li>\n<\/ul>\n<p><strong>Fracturas traum\u00e1ticas graves o complejas, como fracturas m\u00faltiples conminutas o lesiones de tejidos blandos<\/strong><u><strong>\u00a0Fracturas parcialmente infectadas, como infecci\u00f3n focal cr\u00f3nica aguda (osteomielitis)<\/strong><\/u><\/p>\n<ul>\n<li>Seudoartrosis, defecto, resecci\u00f3n patol\u00f3gica de un segmento grande de hueso<\/li>\n<li>Articulaci\u00f3n falsa tibiofibula cong\u00e9nita<\/li>\n<li>Deformidades \u00f3seas: cicatrizaci\u00f3n despu\u00e9s de un traumatismo, deformidades cong\u00e9nitas (angulares, acortamiento de las extremidades, sindactilia)<\/li>\n<li>Enfermedades de las articulaciones: deformidad, contracturas, espasticidad, luxaci\u00f3n, displasia y degeneraci\u00f3n.<\/li>\n<li>Extensi\u00f3n y reconstrucci\u00f3n de extremidades: discrepancia de extremidades, alargamiento de extremidades<\/li>\n<li>Deformidad de pie y tobillo: pie equinovaro, pie cavo, par\u00e1lisis cerebral<\/li>\n<li>Tratamiento con osteog\u00e9nesis por distracci\u00f3n: regeneraci\u00f3n de piel, m\u00fasculos, tendones, vasos sangu\u00edneos y nervios; Enfermedades vasculares isqu\u00e9micas cr\u00f3nicas, como obliterantes, diabetes<\/li>\n<li>Otros tratamientos adyuvantes, p. Ej. El tratamiento de la dislocaci\u00f3n se realiza antes del reemplazo articular artificial.<\/li>\n<li>Instrumentaci\u00f3n:<\/li>\n<li>Instrumental de fijador externo redondo<\/li>\n<\/ul>\n<p><u><strong>|18|<\/strong><\/u><\/p>\n<ul>\n<li>|19|<\/li>\n<\/ul>\n<div><\/div>\n<p>|20|<\/p>\n","protected":false},"excerpt":{"rendered":"<p>El Fijador Externo Redondo Ilizarov para el tratamiento de las uniones no &#8211; o pseudoartrosis de huesos largos y correcci\u00f3n de defectos o deformidades \u00f3seas o de tejidos blandos.<\/p>\n","protected":false},"featured_media":6001,"comment_status":"open","ping_status":"closed","template":"","meta":[],"product_brand":[],"product_cat":[56],"product_tag":[110],"class_list":{"0":"post-6000","1":"product","2":"type-product","3":"status-publish","4":"has-post-thumbnail","6":"product_cat-ortopedia","7":"product_tag-fijador-externo","9":"first","10":"instock","11":"shipping-taxable","12":"product-type-simple"},"_links":{"self":[{"href":"https:\/\/yimamedical.com\/productos\/wp-json\/wp\/v2\/product\/6000","targetHints":{"allow":["GET"]}}],"collection":[{"href":"https:\/\/yimamedical.com\/productos\/wp-json\/wp\/v2\/product"}],"about":[{"href":"https:\/\/yimamedical.com\/productos\/wp-json\/wp\/v2\/types\/product"}],"replies":[{"embeddable":true,"href":"https:\/\/yimamedical.com\/productos\/wp-json\/wp\/v2\/comments?post=6000"}],"wp:featuredmedia":[{"embeddable":true,"href":"https:\/\/yimamedical.com\/productos\/wp-json\/wp\/v2\/media\/6001"}],"wp:attachment":[{"href":"https:\/\/yimamedical.com\/productos\/wp-json\/wp\/v2\/media?parent=6000"}],"wp:term":[{"taxonomy":"product_brand","embeddable":true,"href":"https:\/\/yimamedical.com\/productos\/wp-json\/wp\/v2\/product_brand?post=6000"},{"taxonomy":"product_cat","embeddable":true,"href":"https:\/\/yimamedical.com\/productos\/wp-json\/wp\/v2\/product_cat?post=6000"},{"taxonomy":"product_tag","embeddable":true,"href":"https:\/\/yimamedical.com\/productos\/wp-json\/wp\/v2\/product_tag?post=6000"}],"curies":[{"name":"wp","href":"https:\/\/api.w.org\/{rel}","templated":true}]}}