{"id":6011,"date":"2025-07-14T18:57:08","date_gmt":"2025-07-14T18:57:08","guid":{"rendered":"https:\/\/yimamedical.com\/productos\/?post_type=product&#038;p=6011"},"modified":"2025-09-22T17:48:19","modified_gmt":"2025-09-22T17:48:19","slug":"6-5mm-tornillo-canulado-rosca-parcial","status":"publish","type":"product","link":"https:\/\/yimamedical.com\/productos\/product\/6-5mm-tornillo-canulado-rosca-parcial\/","title":{"rendered":"6.5mm Tornillo Canulado, rosca parcial"},"content":{"rendered":"<p><img decoding=\"async\" src=\"https:\/\/es.doublemedicalgp.com\/js\/htmledit\/kindeditor\/attached\/20200820\/20200820100835_18140.png\" alt=\"\" \/><\/p>\n<p><strong><u>caracteristicas:<\/u><\/strong><\/p>\n<ul>\n<li>El dise\u00f1o canulado facilita la inserci\u00f3n percut\u00e1nea precisa con una m\u00ednima invasi\u00f3n.<\/li>\n<li>Canulado para usar con un alambre gu\u00eda.<\/li>\n<li>Opci\u00f3n de m\u00faltiples di\u00e1metros y longitudes para diferentes aplicaciones.<\/li>\n<\/ul>\n<p><strong><u>Indicaciones:<\/u><\/strong><\/p>\n<ul>\n<li>Fractura por avulsi\u00f3n<\/li>\n<li>Artrodesis<\/li>\n<li>Seudoartrosis \u00f3sea<\/li>\n<\/ul>\n<p><strong><u>Juego de instrumentos:<\/u><\/strong><\/p>\n<ul>\n<li>Juego de instrumentos de tornillos canulados de 6.5mm<\/li>\n<\/ul>\n","protected":false},"excerpt":{"rendered":"<p>Estos tornillos tienen un dise\u00f1o canulado que puede facilitar la inserci\u00f3n percut\u00e1nea precisa con una m\u00ednima invasi\u00f3n. Los tornillos se utilizan principalmente para osteotom\u00edas, pseudoartrosis y artrodesis.<\/p>\n","protected":false},"featured_media":6012,"comment_status":"open","ping_status":"closed","template":"","meta":[],"product_brand":[],"product_cat":[56],"product_tag":[109],"class_list":{"0":"post-6011","1":"product","2":"type-product","3":"status-publish","4":"has-post-thumbnail","6":"product_cat-ortopedia","7":"product_tag-tornillo-canulado","9":"first","10":"instock","11":"shipping-taxable","12":"product-type-simple"},"_links":{"self":[{"href":"https:\/\/yimamedical.com\/productos\/wp-json\/wp\/v2\/product\/6011","targetHints":{"allow":["GET"]}}],"collection":[{"href":"https:\/\/yimamedical.com\/productos\/wp-json\/wp\/v2\/product"}],"about":[{"href":"https:\/\/yimamedical.com\/productos\/wp-json\/wp\/v2\/types\/product"}],"replies":[{"embeddable":true,"href":"https:\/\/yimamedical.com\/productos\/wp-json\/wp\/v2\/comments?post=6011"}],"wp:featuredmedia":[{"embeddable":true,"href":"https:\/\/yimamedical.com\/productos\/wp-json\/wp\/v2\/media\/6012"}],"wp:attachment":[{"href":"https:\/\/yimamedical.com\/productos\/wp-json\/wp\/v2\/media?parent=6011"}],"wp:term":[{"taxonomy":"product_brand","embeddable":true,"href":"https:\/\/yimamedical.com\/productos\/wp-json\/wp\/v2\/product_brand?post=6011"},{"taxonomy":"product_cat","embeddable":true,"href":"https:\/\/yimamedical.com\/productos\/wp-json\/wp\/v2\/product_cat?post=6011"},{"taxonomy":"product_tag","embeddable":true,"href":"https:\/\/yimamedical.com\/productos\/wp-json\/wp\/v2\/product_tag?post=6011"}],"curies":[{"name":"wp","href":"https:\/\/api.w.org\/{rel}","templated":true}]}}