{"id":6026,"date":"2025-07-14T20:37:22","date_gmt":"2025-07-14T20:37:22","guid":{"rendered":"https:\/\/yimamedical.com\/productos\/?post_type=product&#038;p=6026"},"modified":"2025-09-22T17:31:31","modified_gmt":"2025-09-22T17:31:31","slug":"3-5mm-tornillo-de-compresion-sin-cabeza-%e2%85%b1","status":"publish","type":"product","link":"https:\/\/yimamedical.com\/productos\/product\/3-5mm-tornillo-de-compresion-sin-cabeza-%e2%85%b1\/","title":{"rendered":"3.5mm tornillo de compresi\u00f3n sin cabeza \u2161"},"content":{"rendered":"<p><img decoding=\"async\" src=\"https:\/\/es.doublemedicalgp.com\/js\/htmledit\/kindeditor\/attached\/20201204\/20201204082612_41650.jpg\" alt=\"\" \/><\/p>\n<p><strong><u>Caracter\u00edsticas: El dise\u00f1o<\/u><\/strong><\/p>\n<ul>\n<li>Canulado facilita la inserci\u00f3n percut\u00e1nea precisa con una m\u00ednima invasi\u00f3n. El<\/li>\n<li>Canulado para usar con una gu\u00eda alambre.<\/li>\n<li>Multi opci\u00f3n de di\u00e1metro y longitud para diferentes aplicaciones.<\/li>\n<\/ul>\n<p><strong><u>Indicaciones:<\/u><\/strong><\/p>\n<ul>\n<li>Fractura por avulsi\u00f3n<\/li>\n<li>Artrodesis<\/li>\n<li>Bone pseudoartrosis<\/li>\n<\/ul>\n<p><strong><u><b>Juego de instrumentos<\/b>:<\/u><\/strong><\/p>\n<ul>\n<li>Luego de instrumentos para tornillos de compresi\u00f3n sin cabeza<\/li>\n<\/ul>\n","protected":false},"excerpt":{"rendered":"<p>El Los tornillos tienen un dise\u00f1o canulado que puede facilitar la inserci\u00f3n percut\u00e1nea precisa con una m\u00ednima invasi\u00f3n, utilizados principalmente para osteotom\u00edas, pseudoartrosis y artrodesis.<\/p>\n","protected":false},"featured_media":6027,"comment_status":"open","ping_status":"closed","template":"","meta":[],"product_brand":[],"product_cat":[56],"product_tag":[109],"class_list":{"0":"post-6026","1":"product","2":"type-product","3":"status-publish","4":"has-post-thumbnail","6":"product_cat-ortopedia","7":"product_tag-tornillo-canulado","9":"first","10":"instock","11":"shipping-taxable","12":"product-type-simple"},"_links":{"self":[{"href":"https:\/\/yimamedical.com\/productos\/wp-json\/wp\/v2\/product\/6026","targetHints":{"allow":["GET"]}}],"collection":[{"href":"https:\/\/yimamedical.com\/productos\/wp-json\/wp\/v2\/product"}],"about":[{"href":"https:\/\/yimamedical.com\/productos\/wp-json\/wp\/v2\/types\/product"}],"replies":[{"embeddable":true,"href":"https:\/\/yimamedical.com\/productos\/wp-json\/wp\/v2\/comments?post=6026"}],"wp:featuredmedia":[{"embeddable":true,"href":"https:\/\/yimamedical.com\/productos\/wp-json\/wp\/v2\/media\/6027"}],"wp:attachment":[{"href":"https:\/\/yimamedical.com\/productos\/wp-json\/wp\/v2\/media?parent=6026"}],"wp:term":[{"taxonomy":"product_brand","embeddable":true,"href":"https:\/\/yimamedical.com\/productos\/wp-json\/wp\/v2\/product_brand?post=6026"},{"taxonomy":"product_cat","embeddable":true,"href":"https:\/\/yimamedical.com\/productos\/wp-json\/wp\/v2\/product_cat?post=6026"},{"taxonomy":"product_tag","embeddable":true,"href":"https:\/\/yimamedical.com\/productos\/wp-json\/wp\/v2\/product_tag?post=6026"}],"curies":[{"name":"wp","href":"https:\/\/api.w.org\/{rel}","templated":true}]}}