{"id":6041,"date":"2025-07-14T21:43:58","date_gmt":"2025-07-14T21:43:58","guid":{"rendered":"https:\/\/yimamedical.com\/productos\/?post_type=product&#038;p=6041"},"modified":"2025-09-22T17:15:03","modified_gmt":"2025-09-22T17:15:03","slug":"sistema-de-clavos-femorales-para-adolescentes","status":"publish","type":"product","link":"https:\/\/yimamedical.com\/productos\/product\/sistema-de-clavos-femorales-para-adolescentes\/","title":{"rendered":"Sistema de clavos femorales para adolescentes"},"content":{"rendered":"<p><strong><u>Indicaci\u00f3n:<\/u><\/strong><\/p>\n<ul>\n<li>Fracturas femorales de adolescentes o adultos peque\u00f1os<\/li>\n<li>Fracturas de la di\u00e1fisis femoral<\/li>\n<li>Fracturas subtrocant\u00e9reas<\/li>\n<li>Fracturas ipsolaterales del cuello \/ di\u00e1fisis femoral<\/li>\n<li>Fractura patol\u00f3gica inminente<\/li>\n<li>Seudoartrosis y mala uni\u00f3n<\/li>\n<\/ul>\n<p><u><strong>Caracter\u00edsticas:<\/strong><\/u><\/p>\n<ul>\n<li>Di\u00e1metro m\u00e1s peque\u00f1o del clavo: m\u00e1s adecuado para el canal medular femoral adolescente<\/li>\n<li>Punto de entrada: en el lateral del troc\u00e1nter mayor, un extremo lejano con una distancia de 20mm del troc\u00e1nter menor y 12 \u00b0 lateral al eje del canal medular.<\/li>\n<li>El corte oblicuo en el extremo proximal evita la irritaci\u00f3n de los tejidos blandos.<\/li>\n<li>Dise\u00f1o de corte plano lateral que reduce la presi\u00f3n sobre la cortical lateral.<\/li>\n<li>Recon bloqueo y bloqueo est\u00e1ndar, las dos opciones de bloqueo para diferentes fracturas.<\/li>\n<\/ul>\n<p><u><strong>Instrumentos:<\/strong><\/u><\/p>\n<ul>\n<li>Juego de instrumentos AFN<\/li>\n<\/ul>\n<p><strong><u>Empulgueras:<\/u><\/strong><\/p>\n<ul>\n<li>Tornillo de bloqueo de 5,0 mm para clavo femoral adolescente<\/li>\n<li>Tornillo de bloqueo de 4,0 mm<\/li>\n<\/ul>\n","protected":false},"excerpt":{"rendered":"<p>El clavo femoral adolescente es para la fractura femoral de adolescentes y adultos j\u00f3venes<\/p>\n","protected":false},"featured_media":6042,"comment_status":"open","ping_status":"closed","template":"","meta":[],"product_brand":[],"product_cat":[56],"product_tag":[108],"class_list":{"0":"post-6041","1":"product","2":"type-product","3":"status-publish","4":"has-post-thumbnail","6":"product_cat-ortopedia","7":"product_tag-clavo","9":"first","10":"instock","11":"shipping-taxable","12":"product-type-simple"},"_links":{"self":[{"href":"https:\/\/yimamedical.com\/productos\/wp-json\/wp\/v2\/product\/6041","targetHints":{"allow":["GET"]}}],"collection":[{"href":"https:\/\/yimamedical.com\/productos\/wp-json\/wp\/v2\/product"}],"about":[{"href":"https:\/\/yimamedical.com\/productos\/wp-json\/wp\/v2\/types\/product"}],"replies":[{"embeddable":true,"href":"https:\/\/yimamedical.com\/productos\/wp-json\/wp\/v2\/comments?post=6041"}],"wp:featuredmedia":[{"embeddable":true,"href":"https:\/\/yimamedical.com\/productos\/wp-json\/wp\/v2\/media\/6042"}],"wp:attachment":[{"href":"https:\/\/yimamedical.com\/productos\/wp-json\/wp\/v2\/media?parent=6041"}],"wp:term":[{"taxonomy":"product_brand","embeddable":true,"href":"https:\/\/yimamedical.com\/productos\/wp-json\/wp\/v2\/product_brand?post=6041"},{"taxonomy":"product_cat","embeddable":true,"href":"https:\/\/yimamedical.com\/productos\/wp-json\/wp\/v2\/product_cat?post=6041"},{"taxonomy":"product_tag","embeddable":true,"href":"https:\/\/yimamedical.com\/productos\/wp-json\/wp\/v2\/product_tag?post=6041"}],"curies":[{"name":"wp","href":"https:\/\/api.w.org\/{rel}","templated":true}]}}