{"id":6055,"date":"2025-07-14T21:49:16","date_gmt":"2025-07-14T21:49:16","guid":{"rendered":"https:\/\/yimamedical.com\/productos\/?post_type=product&#038;p=6055"},"modified":"2025-09-22T17:13:13","modified_gmt":"2025-09-22T17:13:13","slug":"clavo-elastico-de-titanio-diez","status":"publish","type":"product","link":"https:\/\/yimamedical.com\/productos\/product\/clavo-elastico-de-titanio-diez\/","title":{"rendered":"Clavo el\u00e1stico de titanio (DIEZ)"},"content":{"rendered":"<p><strong><u>Caracter\u00edsticas:<\/u><\/strong><\/p>\n<p><strong>Punta de u\u00f1a<\/strong><\/p>\n<ul>\n<li>Permite una f\u00e1cil inserci\u00f3n y deslizamiento del clavo a lo largo del canal medular.<\/li>\n<li>La altura de la punta garantiza una relaci\u00f3n correcta con la cavidad medular.<\/li>\n<li>Facilita la manipulaci\u00f3n de u\u00f1as para la reducci\u00f3n de fracturas.<\/li>\n<\/ul>\n<p><strong>Di\u00e1metros de u\u00f1as<\/strong><\/p>\n<ul>\n<li>Seis di\u00e1metros de clavo para todas las indicaciones (stock reducido)<\/li>\n<li>Los implantes de aleaci\u00f3n de Ti combinan una excelente estabilidad mec\u00e1nica con propiedades el\u00e1sticas<\/li>\n<\/ul>\n<p><strong><u>Indicaci\u00f3n en pediatr\u00eda<\/u><\/strong><\/p>\n<p>Fracturas diafisarias y ciertas metafisarias \/ epifisarias de huesos largos en ni\u00f1os y adultos j\u00f3venes<\/p>\n<p><strong><u>Indicaci\u00f3n en adultos<\/u><\/strong><\/p>\n<p>Se utiliza para la osteos\u00edntesis de fracturas de clav\u00edcula, antebrazo y h\u00famero.<\/p>\n<p><strong><u>DIEZ tapas finales:<\/u><\/strong><\/p>\n<ul>\n<li>Dos tama\u00f1os de tapas de extremo para cubrir todos los di\u00e1metros de clavos<\/li>\n<li>Hilo afilado autocortante para una correcta fijaci\u00f3n en el hueso<\/li>\n<li>Proporciona estabilidad axial adicional en situaciones inestables.<\/li>\n<li>Previene la irritaci\u00f3n de los tejidos blandos<\/li>\n<li>Facilitar la extracci\u00f3n de implantes<\/li>\n<\/ul>\n","protected":false},"excerpt":{"rendered":"<p>El clavo el\u00e1stico de titanio tiene seis di\u00e1metros de clavo para todas las indicaciones, incluidas las fracturas diafisarias y ciertas fracturas metafisarias \/ epifisarias de huesos largos en ni\u00f1os y adultos j\u00f3venes, as\u00ed como tambi\u00e9n podr\u00eda usarse para la osteos\u00edntesis de fracturas de clav\u00edcula, antebrazo y h\u00famero.<\/p>\n","protected":false},"featured_media":6056,"comment_status":"open","ping_status":"closed","template":"","meta":[],"product_brand":[],"product_cat":[56],"product_tag":[108],"class_list":{"0":"post-6055","1":"product","2":"type-product","3":"status-publish","4":"has-post-thumbnail","6":"product_cat-ortopedia","7":"product_tag-clavo","9":"first","10":"instock","11":"shipping-taxable","12":"product-type-simple"},"_links":{"self":[{"href":"https:\/\/yimamedical.com\/productos\/wp-json\/wp\/v2\/product\/6055","targetHints":{"allow":["GET"]}}],"collection":[{"href":"https:\/\/yimamedical.com\/productos\/wp-json\/wp\/v2\/product"}],"about":[{"href":"https:\/\/yimamedical.com\/productos\/wp-json\/wp\/v2\/types\/product"}],"replies":[{"embeddable":true,"href":"https:\/\/yimamedical.com\/productos\/wp-json\/wp\/v2\/comments?post=6055"}],"wp:featuredmedia":[{"embeddable":true,"href":"https:\/\/yimamedical.com\/productos\/wp-json\/wp\/v2\/media\/6056"}],"wp:attachment":[{"href":"https:\/\/yimamedical.com\/productos\/wp-json\/wp\/v2\/media?parent=6055"}],"wp:term":[{"taxonomy":"product_brand","embeddable":true,"href":"https:\/\/yimamedical.com\/productos\/wp-json\/wp\/v2\/product_brand?post=6055"},{"taxonomy":"product_cat","embeddable":true,"href":"https:\/\/yimamedical.com\/productos\/wp-json\/wp\/v2\/product_cat?post=6055"},{"taxonomy":"product_tag","embeddable":true,"href":"https:\/\/yimamedical.com\/productos\/wp-json\/wp\/v2\/product_tag?post=6055"}],"curies":[{"name":"wp","href":"https:\/\/api.w.org\/{rel}","templated":true}]}}