{"id":6063,"date":"2025-07-14T21:58:49","date_gmt":"2025-07-14T21:58:49","guid":{"rendered":"https:\/\/yimamedical.com\/productos\/?post_type=product&#038;p=6063"},"modified":"2025-09-22T17:12:09","modified_gmt":"2025-09-22T17:12:09","slug":"clavo-para-artrodesis-de-tobillo-aan","status":"publish","type":"product","link":"https:\/\/yimamedical.com\/productos\/product\/clavo-para-artrodesis-de-tobillo-aan\/","title":{"rendered":"Clavo para artrodesis de tobillo AAN"},"content":{"rendered":"<p><img decoding=\"async\" src=\"https:\/\/es.doublemedicalgp.com\/js\/htmledit\/kindeditor\/attached\/20210818\/20210818114712_80294.jpg\" alt=\"\" \/><strong><u>Indicaciones:<\/u><\/strong><\/p>\n<ul>\n<li>Deformidad grave del pie y el tobillo.<\/li>\n<li>Artritis<\/li>\n<li>Inestabilidad y defectos esquel\u00e9ticos, incluidos, entre otros, despu\u00e9s de la resecci\u00f3n del tumor y neuroosteoartropat\u00eda (pie de Charcot)<\/li>\n<li>Necrosis avascular del astr\u00e1galo<\/li>\n<li>Reemplazo de articulaci\u00f3n fallido o fusi\u00f3n de tobillo fallida<\/li>\n<li>Fractura de tibia distal y seudoartrosis<\/li>\n<li>Osteoartritis<\/li>\n<li>Artritis reumatoide y pseudoartrosis<\/li>\n<\/ul>\n<p><strong><u>Contraindicaci\u00f3n:<\/u><\/strong><\/p>\n<ul>\n<li>Infecci\u00f3n activa<\/li>\n<li>Neuropat\u00eda vascular perif\u00e9rica<\/li>\n<li>Pacientes j\u00f3venes<\/li>\n<\/ul>\n<p><strong><u>Empulgueras:<\/u><\/strong><\/p>\n<ul>\n<li>Tornillo de bloqueo de 5,0 mm<\/li>\n<li>Tornillo de bloqueo de 6,0 mm<\/li>\n<li>Tapa final<\/li>\n<\/ul>\n<p><u><strong>Clavo de artrodesis de tobillo:<\/strong><\/u><\/p>\n<ul>\n<li>Proporcione diferentes di\u00e1metros y longitudes para m\u00e1s opciones cl\u00ednicas.<\/li>\n<li>Los diferentes colores son f\u00e1ciles de distinguir.<\/li>\n<\/ul>\n<p><strong><u>Tuerca de compresi\u00f3n en el orificio deslizante distal:<\/u><\/strong><\/p>\n<ul>\n<li>El orificio deslizante distal permite una distancia m\u00e1xima de compresi\u00f3n de 5 mm.<\/li>\n<\/ul>\n<p><strong><u>Orificios de bloqueo est\u00e1ticos y din\u00e1micos:<\/u><\/strong><\/p>\n<ul>\n<li>Proporcione orificios de bloqueo est\u00e1ticos y din\u00e1micos en el proximal.<\/li>\n<\/ul>\n<p><strong><u>Tornillos distales para cepillado m\u00faltiple que cruzan los orificios de bloqueo:<\/u><\/strong><\/p>\n<ul>\n<li>Fijaci\u00f3n de articulaciones cruzadas para mejorar la estabilidad de la fusi\u00f3n.<\/li>\n<li>El tornillo se inserta oblicuamente en la ap\u00f3fisis anterior del calc\u00e1neo o en la articulaci\u00f3n calc\u00e1neo-cuboidea para mejorar la fuerza y \u200b\u200bla estabilidad de extracci\u00f3n.<\/li>\n<\/ul>\n<p><strong><u>Eje direccional de carbono de cinco dedos:<\/u><\/strong><\/p>\n<ul>\n<li>Una pieza de eje de punter\u00eda que est\u00e1 hecha de material de fibra de carbono garantiza la precisi\u00f3n de bloqueo.<\/li>\n<li>Simplifique el proceso de operaci\u00f3n y acorte el tiempo de operaci\u00f3n.<\/li>\n<\/ul>\n<p><strong><u>Tornillos de bloqueo:<\/u><\/strong><\/p>\n<ul>\n<li>Dise\u00f1o de ranura autorroscante para facilitar la inserci\u00f3n.<\/li>\n<li>Rebajo Torxdrive del dise\u00f1o de la cabeza del tornillo para reducir el tornillo suelto.<\/li>\n<li>Agujeros proximales din\u00e1micos y est\u00e1ticos con tornillo de bloqueo de 5.0 mm.<\/li>\n<li>Tres orificios transversales distales coinciden con el tornillo de bloqueo de 6,0 mm.<\/li>\n<\/ul>\n<p><strong><u>Tapa final:<\/u><\/strong><\/p>\n<ul>\n<li>Evita que los tejidos blandos crezcan.<\/li>\n<\/ul>\n","protected":false},"excerpt":{"rendered":"<p>El clavo para artrodesis de tobillo est\u00e1 dise\u00f1ado para artritis y deformidad severa de pie y tobillo.<\/p>\n","protected":false},"featured_media":6064,"comment_status":"open","ping_status":"closed","template":"","meta":[],"product_brand":[],"product_cat":[56],"product_tag":[108],"class_list":{"0":"post-6063","1":"product","2":"type-product","3":"status-publish","4":"has-post-thumbnail","6":"product_cat-ortopedia","7":"product_tag-clavo","9":"first","10":"instock","11":"shipping-taxable","12":"product-type-simple"},"_links":{"self":[{"href":"https:\/\/yimamedical.com\/productos\/wp-json\/wp\/v2\/product\/6063","targetHints":{"allow":["GET"]}}],"collection":[{"href":"https:\/\/yimamedical.com\/productos\/wp-json\/wp\/v2\/product"}],"about":[{"href":"https:\/\/yimamedical.com\/productos\/wp-json\/wp\/v2\/types\/product"}],"replies":[{"embeddable":true,"href":"https:\/\/yimamedical.com\/productos\/wp-json\/wp\/v2\/comments?post=6063"}],"wp:featuredmedia":[{"embeddable":true,"href":"https:\/\/yimamedical.com\/productos\/wp-json\/wp\/v2\/media\/6064"}],"wp:attachment":[{"href":"https:\/\/yimamedical.com\/productos\/wp-json\/wp\/v2\/media?parent=6063"}],"wp:term":[{"taxonomy":"product_brand","embeddable":true,"href":"https:\/\/yimamedical.com\/productos\/wp-json\/wp\/v2\/product_brand?post=6063"},{"taxonomy":"product_cat","embeddable":true,"href":"https:\/\/yimamedical.com\/productos\/wp-json\/wp\/v2\/product_cat?post=6063"},{"taxonomy":"product_tag","embeddable":true,"href":"https:\/\/yimamedical.com\/productos\/wp-json\/wp\/v2\/product_tag?post=6063"}],"curies":[{"name":"wp","href":"https:\/\/api.w.org\/{rel}","templated":true}]}}