{"id":6073,"date":"2025-07-14T22:05:03","date_gmt":"2025-07-14T22:05:03","guid":{"rendered":"https:\/\/yimamedical.com\/productos\/?post_type=product&#038;p=6073"},"modified":"2025-09-19T23:15:25","modified_gmt":"2025-09-19T23:15:25","slug":"unas-de-doble-cubito-medico","status":"publish","type":"product","link":"https:\/\/yimamedical.com\/productos\/product\/unas-de-doble-cubito-medico\/","title":{"rendered":"U\u00f1as de doble c\u00fabito m\u00e9dico"},"content":{"rendered":"<p><img decoding=\"async\" src=\"https:\/\/es.doublemedicalgp.com\/js\/htmledit\/kindeditor\/attached\/20210625\/20210625103828_26367.jpg\" alt=\"\" \/><\/p>\n<p><strong><u>Caracter\u00edsticas:<\/u><\/strong><\/p>\n<ul>\n<li>El dise\u00f1o c\u00f3nico del proximal hace que la inserci\u00f3n sea m\u00e1s f\u00e1cil y reduce la tensi\u00f3n en el hueso en la punta de la u\u00f1a.<\/li>\n<li>Dise\u00f1o de agujeros de tornillo de bloqueo para una fijaci\u00f3n m\u00e1s estable.<\/li>\n<li>Dise\u00f1o anat\u00f3mico proximal con un \u00e1ngulo de varus de 4 \u00b0 para ayudar a la inserci\u00f3n f\u00e1cil y coincidir estrechamente con la geometr\u00eda del canal cubital.<\/li>\n<li>Dise\u00f1o de bloqueo de multiplicador proximal: proporcione m\u00e1s soluciones para diferentes tipos de fracturas.<\/li>\n<li>El dise\u00f1o distal de paletas proporciona una estabilidad de rotaci\u00f3n para asegurar los fragmentos de huesos para ayudar en la uni\u00f3n de fractura.<\/li>\n<\/ul>\n<div>\n<p><strong><u>Indicaci\u00f3n:<\/u><\/strong><\/p>\n<ul>\n<li>Fracturas individuales o combinadas de c\u00fabito.<\/li>\n<li>22-A1 \/ A2 \/ A3<\/li>\n<li>22-B1 \/ B2 \/ B3<\/li>\n<li>22-C1 \/ C2 \/ C3<\/li>\n<li>21-A1.1 fracturas de avulsi\u00f3n olecranon<\/li>\n<li>21-A1.2 Fracturas simples de met\u00e1fisis cubital.<\/li>\n<\/ul>\n<div>\n<p><strong><u>Empulgueras:<\/u><\/strong><\/p>\n<ul>\n<li>Tornillo de bloqueo de 3.0 mm para el clavo del antebrazo<\/li>\n<li>Tapa final para ULNA Nail<\/li>\n<\/ul>\n<\/div>\n<\/div>\n","protected":false},"excerpt":{"rendered":"<p>El clavo del antebrazo como una implantaci\u00f3n m\u00ednimamente invasiva, con un dise\u00f1o c\u00f3nico de la proximal facilita la inserci\u00f3n y reduce la tensi\u00f3n en el hueso en la punta del clavo.El dise\u00f1o de bloqueo de multiplicador proximal de Ulnar Nail proporciona m\u00e1s soluci\u00f3n para diferentes tipos de fracturas<\/p>\n","protected":false},"featured_media":6074,"comment_status":"open","ping_status":"closed","template":"","meta":[],"product_brand":[],"product_cat":[56],"product_tag":[108],"class_list":{"0":"post-6073","1":"product","2":"type-product","3":"status-publish","4":"has-post-thumbnail","6":"product_cat-ortopedia","7":"product_tag-clavo","9":"first","10":"instock","11":"shipping-taxable","12":"product-type-simple"},"_links":{"self":[{"href":"https:\/\/yimamedical.com\/productos\/wp-json\/wp\/v2\/product\/6073","targetHints":{"allow":["GET"]}}],"collection":[{"href":"https:\/\/yimamedical.com\/productos\/wp-json\/wp\/v2\/product"}],"about":[{"href":"https:\/\/yimamedical.com\/productos\/wp-json\/wp\/v2\/types\/product"}],"replies":[{"embeddable":true,"href":"https:\/\/yimamedical.com\/productos\/wp-json\/wp\/v2\/comments?post=6073"}],"wp:featuredmedia":[{"embeddable":true,"href":"https:\/\/yimamedical.com\/productos\/wp-json\/wp\/v2\/media\/6074"}],"wp:attachment":[{"href":"https:\/\/yimamedical.com\/productos\/wp-json\/wp\/v2\/media?parent=6073"}],"wp:term":[{"taxonomy":"product_brand","embeddable":true,"href":"https:\/\/yimamedical.com\/productos\/wp-json\/wp\/v2\/product_brand?post=6073"},{"taxonomy":"product_cat","embeddable":true,"href":"https:\/\/yimamedical.com\/productos\/wp-json\/wp\/v2\/product_cat?post=6073"},{"taxonomy":"product_tag","embeddable":true,"href":"https:\/\/yimamedical.com\/productos\/wp-json\/wp\/v2\/product_tag?post=6073"}],"curies":[{"name":"wp","href":"https:\/\/api.w.org\/{rel}","templated":true}]}}