{"id":6085,"date":"2025-07-14T22:14:35","date_gmt":"2025-07-14T22:14:35","guid":{"rendered":"https:\/\/yimamedical.com\/productos\/?post_type=product&#038;p=6085"},"modified":"2025-09-19T21:34:46","modified_gmt":"2025-09-19T21:34:46","slug":"clavo-humeral-avanzado","status":"publish","type":"product","link":"https:\/\/yimamedical.com\/productos\/product\/clavo-humeral-avanzado\/","title":{"rendered":"Clavo Humeral Avanzado"},"content":{"rendered":"<p><img decoding=\"async\" src=\"https:\/\/es.doublemedicalgp.com\/js\/htmledit\/kindeditor\/attached\/20200820\/20200820084053_73008.png\" alt=\"\" \/><\/p>\n<p><strong><u>caracteristicas:<\/u><\/strong><\/p>\n<ul>\n<li>Dise\u00f1o de clavo recto para punto de inserci\u00f3n central.<\/li>\n<li>Anclaje mejorado en hueso subcondral fuerte.<\/li>\n<li>Evitar potencialmente la inserci\u00f3n a trav\u00e9s del sitio de la fractura en fracturas t\u00edpicas de 3 &#8211; partes.<\/li>\n<li>Preservaci\u00f3n de la huella del supraespinoso hipovascular.<\/li>\n<li>Orificios de bloqueo proximales para estabilidad angular y para reducir los casos de tornillo hacia atr\u00e1s &#8211; fuera.<\/li>\n<li>Opci\u00f3n de tornillo ascendente que proporciona soporte al calcar.<\/li>\n<li>El bloqueo multiplanar distal proporciona estabilidad angular.<\/li>\n<li>El proximal del clavo con ranura para tornillo en fijaci\u00f3n con tornillos.<\/li>\n<li>Proporcione tornillo ascendente y tornillo de compresi\u00f3n para clavos largos.<\/li>\n<\/ul>\n<p><strong><u>Indicaciones<\/u><\/strong><\/p>\n<p>Corto (160 \/ 180mm)<\/p>\n<ul>\n<li>2 &#8211; fracturas de cuello quir\u00fargicas parciales<\/li>\n<li>3 &#8211; fracturas parciales<\/li>\n<li>4 &#8211; fracturas parciales<\/li>\n<\/ul>\n<p>Largo (195 &#8211; 285 \/ 15mm)<\/p>\n<ul>\n<li>Fractura de la di\u00e1fisis del h\u00famero<\/li>\n<li>Fracturas del h\u00famero proximal extendidas al eje<\/li>\n<li>Fracturas del h\u00famero proximal combinadas con el eje<\/li>\n<\/ul>\n<p><strong><u>Empulgueras:<\/u><\/strong><\/p>\n<ul>\n<li>Tornillo MultiLoc de 4.5mm<\/li>\n<li>Tornillo de bloqueo de 3.5mm<\/li>\n<li>Tornillo de bloqueo de 4.0mm<\/li>\n<li>Tapa final para clavo humeral avanzado<\/li>\n<\/ul>\n<p><strong><u>Juego de instrumentos<\/u><\/strong><strong><u>\u00a0:<\/u><\/strong><\/p>\n<ul>\n<li>Instrumental avanzado para u\u00f1as humerales<\/li>\n<\/ul>\n","protected":false},"excerpt":{"rendered":"<p>El clavo de dise\u00f1o recto permite la inserci\u00f3n central. El Clavo Humeral Avanzado podr\u00eda ayudar a resolver una serie de fracturas humerales proximales.<\/p>\n","protected":false},"featured_media":6086,"comment_status":"open","ping_status":"closed","template":"","meta":[],"product_brand":[],"product_cat":[56],"product_tag":[108],"class_list":{"0":"post-6085","1":"product","2":"type-product","3":"status-publish","4":"has-post-thumbnail","6":"product_cat-ortopedia","7":"product_tag-clavo","9":"first","10":"instock","11":"shipping-taxable","12":"product-type-simple"},"_links":{"self":[{"href":"https:\/\/yimamedical.com\/productos\/wp-json\/wp\/v2\/product\/6085","targetHints":{"allow":["GET"]}}],"collection":[{"href":"https:\/\/yimamedical.com\/productos\/wp-json\/wp\/v2\/product"}],"about":[{"href":"https:\/\/yimamedical.com\/productos\/wp-json\/wp\/v2\/types\/product"}],"replies":[{"embeddable":true,"href":"https:\/\/yimamedical.com\/productos\/wp-json\/wp\/v2\/comments?post=6085"}],"wp:featuredmedia":[{"embeddable":true,"href":"https:\/\/yimamedical.com\/productos\/wp-json\/wp\/v2\/media\/6086"}],"wp:attachment":[{"href":"https:\/\/yimamedical.com\/productos\/wp-json\/wp\/v2\/media?parent=6085"}],"wp:term":[{"taxonomy":"product_brand","embeddable":true,"href":"https:\/\/yimamedical.com\/productos\/wp-json\/wp\/v2\/product_brand?post=6085"},{"taxonomy":"product_cat","embeddable":true,"href":"https:\/\/yimamedical.com\/productos\/wp-json\/wp\/v2\/product_cat?post=6085"},{"taxonomy":"product_tag","embeddable":true,"href":"https:\/\/yimamedical.com\/productos\/wp-json\/wp\/v2\/product_tag?post=6085"}],"curies":[{"name":"wp","href":"https:\/\/api.w.org\/{rel}","templated":true}]}}