{"id":6091,"date":"2025-07-14T22:16:40","date_gmt":"2025-07-14T22:16:40","guid":{"rendered":"https:\/\/yimamedical.com\/productos\/?post_type=product&#038;p=6091"},"modified":"2025-09-19T21:33:32","modified_gmt":"2025-09-19T21:33:32","slug":"clavo-humeral-universal","status":"publish","type":"product","link":"https:\/\/yimamedical.com\/productos\/product\/clavo-humeral-universal\/","title":{"rendered":"Clavo Humeral Universal"},"content":{"rendered":"<p><img decoding=\"async\" src=\"https:\/\/es.doublemedicalgp.com\/js\/htmledit\/kindeditor\/attached\/20200820\/20200820104049_57124.png\" alt=\"\" \/><\/p>\n<p><strong><u>caracteristicas:<\/u><\/strong><\/p>\n<ul>\n<li>El dise\u00f1o anat\u00f3mico corresponde a la curvatura fisiol\u00f3gica de la cavidad medular para facilitar la inserci\u00f3n.<\/li>\n<li>El extremo de corte distal facilita la inserci\u00f3n.<\/li>\n<\/ul>\n<p><strong><u>Indicaciones:<\/u><\/strong><\/p>\n<ul>\n<li>Fracturas de h\u00famero proximal<\/li>\n<li>Fracturas de la di\u00e1fisis humeral<\/li>\n<\/ul>\n<div><\/div>\n<p><strong><u>Empulgueras:<\/u><\/strong><\/p>\n<ul>\n<li>Tornillo de bloqueo de 3.6mm para clavo humeral<\/li>\n<li>Tornillo de bloqueo de 5,0mm para clavo humeral<\/li>\n<li>Tap\u00f3n para clavo humeral<\/li>\n<\/ul>\n<p><strong><u>Instrumentaci\u00f3n:<\/u><\/strong><\/p>\n<ul>\n<li>Instrumental universal para u\u00f1as humerales<\/li>\n<\/ul>\n","protected":false},"excerpt":{"rendered":"<p>El Clavo Humeral Universal se puede utilizar para resolver las fracturas del h\u00famero proximal y las fracturas de la di\u00e1fisis humeral.<\/p>\n","protected":false},"featured_media":6092,"comment_status":"open","ping_status":"closed","template":"","meta":[],"product_brand":[],"product_cat":[56],"product_tag":[108],"class_list":{"0":"post-6091","1":"product","2":"type-product","3":"status-publish","4":"has-post-thumbnail","6":"product_cat-ortopedia","7":"product_tag-clavo","9":"first","10":"instock","11":"shipping-taxable","12":"product-type-simple"},"_links":{"self":[{"href":"https:\/\/yimamedical.com\/productos\/wp-json\/wp\/v2\/product\/6091","targetHints":{"allow":["GET"]}}],"collection":[{"href":"https:\/\/yimamedical.com\/productos\/wp-json\/wp\/v2\/product"}],"about":[{"href":"https:\/\/yimamedical.com\/productos\/wp-json\/wp\/v2\/types\/product"}],"replies":[{"embeddable":true,"href":"https:\/\/yimamedical.com\/productos\/wp-json\/wp\/v2\/comments?post=6091"}],"wp:featuredmedia":[{"embeddable":true,"href":"https:\/\/yimamedical.com\/productos\/wp-json\/wp\/v2\/media\/6092"}],"wp:attachment":[{"href":"https:\/\/yimamedical.com\/productos\/wp-json\/wp\/v2\/media?parent=6091"}],"wp:term":[{"taxonomy":"product_brand","embeddable":true,"href":"https:\/\/yimamedical.com\/productos\/wp-json\/wp\/v2\/product_brand?post=6091"},{"taxonomy":"product_cat","embeddable":true,"href":"https:\/\/yimamedical.com\/productos\/wp-json\/wp\/v2\/product_cat?post=6091"},{"taxonomy":"product_tag","embeddable":true,"href":"https:\/\/yimamedical.com\/productos\/wp-json\/wp\/v2\/product_tag?post=6091"}],"curies":[{"name":"wp","href":"https:\/\/api.w.org\/{rel}","templated":true}]}}